{"id":1387,"date":"2025-02-18T10:36:29","date_gmt":"2025-02-18T09:36:29","guid":{"rendered":"https:\/\/wiejskieprzysmaki.estima.site\/produkt\/soczewica-brazowa-bio-surowiec-25-kg\/"},"modified":"2025-02-18T10:36:32","modified_gmt":"2025-02-18T09:36:32","slug":"soczewica-brazowa-bio-surowiec-25-kg","status":"publish","type":"product","link":"https:\/\/wiejskieprzysmaki.estima.site\/en\/product\/soczewica-brazowa-bio-surowiec-25-kg\/","title":{"rendered":"SOCZEWICA BR\u0104ZOWA BIO (SUROWIEC) (25 kg)"},"content":{"rendered":"<p>SK\u0141ADNIKI<br \/>ekologiczna soczewica br\u0105zowa 100 %.<\/p>\n<p>OPIS<br \/>Ekologiczna soczewica br\u0105zowa jest znakomitym sk\u0142adnikiem da\u0144 jednogarnkowych oraz dodatkiem do zup, sa\u0142atek, da\u0144 z warzyw, gulaszu, puree. Znajduje powszechne zastosowanie przy wyrobie wegetaria\u0144skich pasztet\u00f3w i pieczywa <\/p>\n<p>SPOS\u00d3B PRZYGOTOWANIA<br \/>uprzednio wyp\u0142ukan\u0105 soczewic\u0119 gotowa\u0107 w proporcji 1:2 (1 porcja soczewicy na 2 porcje wody)  ok. 45 min. Posoli\u0107 pod koniec gotowania.<\/p>\n<p>WARTO\u015a\u0106 OD\u017bYWCZA W 100 g<br \/>Warto\u015b\u0107 energetyczna \t1461 kJ\/346 kcal<br \/>T\u0142uszcz \t2,2 g<br \/>w tym kwasy t\u0142uszczowe nasycone \t0,4 g <br \/>W\u0119glowodany \t52 g<br \/>w tym cukry \t1,5 g<br \/>B\u0142onnik \t11 g<br \/>Bia\u0142ko \t24 g<br \/>S\u00f3l \t0,02 g<\/p>\n<p>ZALECANE WARUNKI PRZECHOWYWANIA<br \/>Przechowywa\u0107 w suchym i ch\u0142odnym miejscu.<\/p>\n<p><\/p>","protected":false},"excerpt":{"rendered":"<p>SK\u0141ADNIKIekologiczna soczewica br\u0105zowa 100 %. OPISEkologiczna soczewica br\u0105zowa jest znakomitym sk\u0142adnikiem da\u0144 jednogarnkowych oraz dodatkiem do zup, sa\u0142atek, da\u0144 z warzyw, gulaszu, puree. Znajduje powszechne zastosowanie przy wyrobie wegetaria\u0144skich pasztet\u00f3w i pieczywa SPOS\u00d3B PRZYGOTOWANIAuprzednio wyp\u0142ukan\u0105 soczewic\u0119 gotowa\u0107 w proporcji 1:2 (1 porcja soczewicy na 2 porcje wody) ok. 45 min. Posoli\u0107 pod koniec gotowania. WARTO\u015a\u0106 [&hellip;]<\/p>","protected":false},"featured_media":1388,"comment_status":"closed","ping_status":"open","template":"","meta":{"_acf_changed":false},"product_brand":[],"product_cat":[316,315],"product_tag":[],"class_list":{"0":"post-1387","1":"product","2":"type-product","3":"status-publish","4":"has-post-thumbnail","6":"product_cat-suszone","7":"product_cat-warzywa-straczkowe","8":"pa_ean-matka-1508","9":"pa_gwarancja-przydatnosci-311","10":"pa_ilosc-w-opakowaniu-310","11":"pa_jednostka-podstawowa-kg","12":"pa_kod-cn-0713-40-00","13":"pa_kraj-pochodzenia-skladnikow-indie","14":"pa_masa-netto-209","15":"pa_producent-horeca-bio-surowce","16":"pa_producent-nazwa-adres-bio-planet-s-a-wilkowa-wies-7-05-084-leszno","17":"pa_tagi-bez-cukru-w-skladnikach","18":"pa_tagi-bez-glutenu-w-skladnikach","19":"pa_tagi-certyfikat-bio","20":"pa_tagi-weganski","21":"pa_tagi-wegetarianski","23":"first","24":"instock","25":"taxable","26":"shipping-taxable","27":"purchasable","28":"product-type-simple"},"acf":[],"_links":{"self":[{"href":"https:\/\/wiejskieprzysmaki.estima.site\/en\/wp-json\/wp\/v2\/product\/1387","targetHints":{"allow":["GET"]}}],"collection":[{"href":"https:\/\/wiejskieprzysmaki.estima.site\/en\/wp-json\/wp\/v2\/product"}],"about":[{"href":"https:\/\/wiejskieprzysmaki.estima.site\/en\/wp-json\/wp\/v2\/types\/product"}],"replies":[{"embeddable":true,"href":"https:\/\/wiejskieprzysmaki.estima.site\/en\/wp-json\/wp\/v2\/comments?post=1387"}],"wp:featuredmedia":[{"embeddable":true,"href":"https:\/\/wiejskieprzysmaki.estima.site\/en\/wp-json\/wp\/v2\/media\/1388"}],"wp:attachment":[{"href":"https:\/\/wiejskieprzysmaki.estima.site\/en\/wp-json\/wp\/v2\/media?parent=1387"}],"wp:term":[{"taxonomy":"product_brand","embeddable":true,"href":"https:\/\/wiejskieprzysmaki.estima.site\/en\/wp-json\/wp\/v2\/product_brand?post=1387"},{"taxonomy":"product_cat","embeddable":true,"href":"https:\/\/wiejskieprzysmaki.estima.site\/en\/wp-json\/wp\/v2\/product_cat?post=1387"},{"taxonomy":"product_tag","embeddable":true,"href":"https:\/\/wiejskieprzysmaki.estima.site\/en\/wp-json\/wp\/v2\/product_tag?post=1387"}],"curies":[{"name":"wp","href":"https:\/\/api.w.org\/{rel}","templated":true}]}}