{"id":1397,"date":"2025-02-18T10:36:29","date_gmt":"2025-02-18T09:36:29","guid":{"rendered":"https:\/\/wiejskieprzysmaki.estima.site\/produkt\/figi-suszone-bio-surowiec-10-kg\/"},"modified":"2025-02-18T10:36:35","modified_gmt":"2025-02-18T09:36:35","slug":"figi-suszone-bio-surowiec-10-kg","status":"publish","type":"product","link":"https:\/\/wiejskieprzysmaki.estima.site\/en\/product\/figi-suszone-bio-surowiec-10-kg\/","title":{"rendered":"FIGI SUSZONE BIO (SUROWIEC) (10 kg)"},"content":{"rendered":"<p>SK\u0141ADNIKI<br \/>ekologiczne figi suszone 100 %. <\/p>\n<p>OPIS<br \/>Ekologiczne figi mog\u0105 stanowi\u0107 doskona\u0142\u0105 przek\u0105sk\u0119 zar\u00f3wno dla dzieci, jak i dla doros\u0142ych. \u015awietnie nadaj\u0105 si\u0119 do dos\u0142adzania d\u017cem\u00f3w owocowych. Polecamy jako dodatek do porannej owsianki, ciast, deser\u00f3w. Na suszonych figach mo\u017ce wyst\u0119powa\u0107 bia\u0142y nalot. Jest to zjawisko naturalne, zwi\u0105zane z wytr\u0105caniem si\u0119 fruktozy, kt\u00f3re nie wp\u0142ywa na jako\u015b\u0107 produktu.\t\t\t<\/p>\n<p>WARTO\u015a\u0106 OD\u017bYWCZA W 100 g<br \/>Warto\u015b\u0107 energetyczna \t1269 kJ\/301 kcal<br \/>T\u0142uszcz \t2,1 g<br \/>w tym kwasy t\u0142uszczowe nasycone \t0 g<br \/>W\u0119glowodany \t61 g<br \/>w tym cukry \t37 g<br \/>B\u0142onnik \t14 g<br \/>Bia\u0142ko \t2,5 g<br \/>S\u00f3l \t0,12 g<\/p>\n<p>ZALECANE WARUNKI PRZECHOWYWANIA<br \/>Przechowywa\u0107 w suchym i ch\u0142odnym miejscu.<\/p>","protected":false},"excerpt":{"rendered":"<p>SK\u0141ADNIKIekologiczne figi suszone 100 %. OPISEkologiczne figi mog\u0105 stanowi\u0107 doskona\u0142\u0105 przek\u0105sk\u0119 zar\u00f3wno dla dzieci, jak i dla doros\u0142ych. \u015awietnie nadaj\u0105 si\u0119 do dos\u0142adzania d\u017cem\u00f3w owocowych. Polecamy jako dodatek do porannej owsianki, ciast, deser\u00f3w. Na suszonych figach mo\u017ce wyst\u0119powa\u0107 bia\u0142y nalot. Jest to zjawisko naturalne, zwi\u0105zane z wytr\u0105caniem si\u0119 fruktozy, kt\u00f3re nie wp\u0142ywa na jako\u015b\u0107 produktu. [&hellip;]<\/p>","protected":false},"featured_media":1398,"comment_status":"closed","ping_status":"open","template":"","meta":{"_acf_changed":false},"product_brand":[],"product_cat":[830],"product_tag":[],"class_list":{"0":"post-1397","1":"product","2":"type-product","3":"status-publish","4":"has-post-thumbnail","6":"product_cat-orzechy-i-owoce-suszone","7":"pa_ean-matka-1514","8":"pa_gwarancja-przydatnosci-324","9":"pa_ilosc-w-opakowaniu-350","10":"pa_jednostka-podstawowa-kg","11":"pa_kod-cn-0804-20-90","12":"pa_kraj-pochodzenia-skladnikow-turcja","13":"pa_masa-netto-209","14":"pa_producent-horeca-bio-surowce","15":"pa_producent-nazwa-adres-bio-planet-s-a-wilkowa-wies-7-05-084-leszno","16":"pa_tagi-bez-cukru-w-skladnikach","17":"pa_tagi-bez-glutenu-w-skladnikach","18":"pa_tagi-certyfikat-bio","19":"pa_tagi-weganski","20":"pa_tagi-wegetarianski","22":"first","23":"instock","24":"taxable","25":"shipping-taxable","26":"purchasable","27":"product-type-simple"},"acf":[],"_links":{"self":[{"href":"https:\/\/wiejskieprzysmaki.estima.site\/en\/wp-json\/wp\/v2\/product\/1397","targetHints":{"allow":["GET"]}}],"collection":[{"href":"https:\/\/wiejskieprzysmaki.estima.site\/en\/wp-json\/wp\/v2\/product"}],"about":[{"href":"https:\/\/wiejskieprzysmaki.estima.site\/en\/wp-json\/wp\/v2\/types\/product"}],"replies":[{"embeddable":true,"href":"https:\/\/wiejskieprzysmaki.estima.site\/en\/wp-json\/wp\/v2\/comments?post=1397"}],"wp:featuredmedia":[{"embeddable":true,"href":"https:\/\/wiejskieprzysmaki.estima.site\/en\/wp-json\/wp\/v2\/media\/1398"}],"wp:attachment":[{"href":"https:\/\/wiejskieprzysmaki.estima.site\/en\/wp-json\/wp\/v2\/media?parent=1397"}],"wp:term":[{"taxonomy":"product_brand","embeddable":true,"href":"https:\/\/wiejskieprzysmaki.estima.site\/en\/wp-json\/wp\/v2\/product_brand?post=1397"},{"taxonomy":"product_cat","embeddable":true,"href":"https:\/\/wiejskieprzysmaki.estima.site\/en\/wp-json\/wp\/v2\/product_cat?post=1397"},{"taxonomy":"product_tag","embeddable":true,"href":"https:\/\/wiejskieprzysmaki.estima.site\/en\/wp-json\/wp\/v2\/product_tag?post=1397"}],"curies":[{"name":"wp","href":"https:\/\/api.w.org\/{rel}","templated":true}]}}