{"id":1415,"date":"2025-02-18T10:36:29","date_gmt":"2025-02-18T09:36:29","guid":{"rendered":"https:\/\/wiejskieprzysmaki.estima.site\/produkt\/chipsy-bananowe-nieslodzone-bio-surowiec-68-kg\/"},"modified":"2025-02-18T10:36:42","modified_gmt":"2025-02-18T09:36:42","slug":"chipsy-bananowe-nieslodzone-bio-surowiec-68-kg","status":"publish","type":"product","link":"https:\/\/wiejskieprzysmaki.estima.site\/en\/product\/chipsy-bananowe-nieslodzone-bio-surowiec-68-kg\/","title":{"rendered":"CHIPSY BANANOWE NIES\u0141ODZONE BIO (SUROWIEC) (6,8 kg)"},"content":{"rendered":"<p>SK\u0141ADNIKI<br \/>banany* 91 %, olej kokosowy* 9 % (*certyfikowany sk\u0142adnik ekologiczny).<\/p>\n<p>OPIS<br \/>Suszone, pyszne i chrupi\u0105ce plasterki banana s\u0105 doskona\u0142ym zamiennikiem dla konwencjonalnych s\u0142odyczy oraz tradycyjnych chips\u00f3w. Znakomicie smakuj\u0105 jako samodzielna przek\u0105ska, jak r\u00f3wnie\u017c w musli i p\u0142atkach \u015bniadaniowych.<\/p>\n<p>WARTO\u015a\u0106 OD\u017bYWCZA W 100 g<br \/>Warto\u015b\u0107 energetyczna &#8211; 2084 kJ \/ 500 kcal  <br \/>T\u0142uszcz &#8211; 32 g<br \/>w tym kwasy t\u0142uszczowe nasycone &#8211; 29 g  <br \/>W\u0119glowodany &#8211; 50 g <br \/>w tym cukry &#8211; 3,0 g  <br \/>Bia\u0142ko &#8211; 1,5 g  <br \/>S\u00f3l &#8211; 0,06 g<br \/>Produkt zawiera naturalnie wyst\u0119puj\u0105ce cukry.<\/p>\n<p>ZALECANE WARUNKI PRZECHOWYWANIA<br \/>Przechowywa\u0107 w suchym i ch\u0142odnym miejscu.<\/p>","protected":false},"excerpt":{"rendered":"<p>SK\u0141ADNIKIbanany* 91 %, olej kokosowy* 9 % (*certyfikowany sk\u0142adnik ekologiczny). OPISSuszone, pyszne i chrupi\u0105ce plasterki banana s\u0105 doskona\u0142ym zamiennikiem dla konwencjonalnych s\u0142odyczy oraz tradycyjnych chips\u00f3w. Znakomicie smakuj\u0105 jako samodzielna przek\u0105ska, jak r\u00f3wnie\u017c w musli i p\u0142atkach \u015bniadaniowych. WARTO\u015a\u0106 OD\u017bYWCZA W 100 gWarto\u015b\u0107 energetyczna &#8211; 2084 kJ \/ 500 kcal T\u0142uszcz &#8211; 32 gw tym kwasy [&hellip;]<\/p>","protected":false},"featured_media":1416,"comment_status":"closed","ping_status":"open","template":"","meta":{"_acf_changed":false},"product_brand":[],"product_cat":[422,139],"product_tag":[],"class_list":{"0":"post-1415","1":"product","2":"type-product","3":"status-publish","4":"has-post-thumbnail","6":"product_cat-chipsy-chrupki-popcorn","7":"product_cat-slodycze-i-przekaski","8":"pa_ean-matka-1532","9":"pa_gwarancja-przydatnosci-311","10":"pa_ilosc-w-opakowaniu-1530","11":"pa_jednostka-podstawowa-kg","12":"pa_kod-cn-2008-99-99","13":"pa_kraj-pochodzenia-skladnikow-rolnictwo-spoza-ue","14":"pa_masa-netto-209","15":"pa_producent-horeca-bio-surowce","16":"pa_producent-nazwa-adres-bio-planet-s-a-wilkowa-wies-7-05-084-leszno","17":"pa_tagi-bez-cukru-w-skladnikach","18":"pa_tagi-bez-glutenu-w-skladnikach","19":"pa_tagi-certyfikat-bio","20":"pa_tagi-weganski","21":"pa_tagi-wegetarianski","23":"first","24":"instock","25":"taxable","26":"shipping-taxable","27":"purchasable","28":"product-type-simple"},"acf":[],"_links":{"self":[{"href":"https:\/\/wiejskieprzysmaki.estima.site\/en\/wp-json\/wp\/v2\/product\/1415","targetHints":{"allow":["GET"]}}],"collection":[{"href":"https:\/\/wiejskieprzysmaki.estima.site\/en\/wp-json\/wp\/v2\/product"}],"about":[{"href":"https:\/\/wiejskieprzysmaki.estima.site\/en\/wp-json\/wp\/v2\/types\/product"}],"replies":[{"embeddable":true,"href":"https:\/\/wiejskieprzysmaki.estima.site\/en\/wp-json\/wp\/v2\/comments?post=1415"}],"wp:featuredmedia":[{"embeddable":true,"href":"https:\/\/wiejskieprzysmaki.estima.site\/en\/wp-json\/wp\/v2\/media\/1416"}],"wp:attachment":[{"href":"https:\/\/wiejskieprzysmaki.estima.site\/en\/wp-json\/wp\/v2\/media?parent=1415"}],"wp:term":[{"taxonomy":"product_brand","embeddable":true,"href":"https:\/\/wiejskieprzysmaki.estima.site\/en\/wp-json\/wp\/v2\/product_brand?post=1415"},{"taxonomy":"product_cat","embeddable":true,"href":"https:\/\/wiejskieprzysmaki.estima.site\/en\/wp-json\/wp\/v2\/product_cat?post=1415"},{"taxonomy":"product_tag","embeddable":true,"href":"https:\/\/wiejskieprzysmaki.estima.site\/en\/wp-json\/wp\/v2\/product_tag?post=1415"}],"curies":[{"name":"wp","href":"https:\/\/api.w.org\/{rel}","templated":true}]}}