{"id":1421,"date":"2025-02-18T10:36:43","date_gmt":"2025-02-18T09:36:43","guid":{"rendered":"https:\/\/wiejskieprzysmaki.estima.site\/produkt\/czekolada-mleczna-z-migdalami-bio-100-g-rapunzel\/"},"modified":"2025-02-18T10:36:45","modified_gmt":"2025-02-18T09:36:45","slug":"czekolada-mleczna-z-migdalami-bio-100-g-rapunzel","status":"publish","type":"product","link":"https:\/\/wiejskieprzysmaki.estima.site\/en\/product\/czekolada-mleczna-z-migdalami-bio-100-g-rapunzel\/","title":{"rendered":"CZEKOLADA MLECZNA Z MIGDA\u0141AMI BIO 100 g &#8211; RAPUNZEL"},"content":{"rendered":"<p>SK\u0141ADNIKI<br \/>cukier trzcinowy Cristallino*, MLEKO pe\u0142ne w proszku* (22 %), t\u0142uszcz kakaowy*, MIGDA\u0141Y* (18 %), masa kakaowa*, emulgator: lecytyny (z SOI*), wanilia Bourbon*. (*certyfikowany sk\u0142adnik ekologiczny). <br \/>Masa kakaowa minimum 34 %<\/p>\n<p>OPIS<br \/>Jest to po\u0142\u0105czenie idealne, kt\u00f3re zawsze poprawi humor! Jedzenie czekolady sprzyja wytwarzaniu endorfin, dlatego poprawa humoru jest udowodniona naukowo! <br \/><br \/>WARTO\u015a\u0106 OD\u017bYWCZA W 100 g<br \/>Warto\u015b\u0107 energetyczna &#8211; 2440 kJ\/587 kcal<br \/>T\u0142uszcz &#8211; 41 g<br \/>w tym kwasy t\u0142uszczowe nasycone &#8211; 19 g<br \/>W\u0119glowodany &#8211; 42 g<br \/>w tym cukry &#8211; 39 g<br \/>B\u0142onnik &#8211; 3,7 g<br \/>Bia\u0142ko &#8211; 11 g<br \/>S\u00f3l &#8211; 0,1 g<\/p>\n<p>INFORMACJA ALERGENNA<br \/>Mo\u017ce zawiera\u0107 ORZESZKI ZIEMNE i inne ORZECHY<\/p>\n<p>ZALECANE WARUNKI PRZECHOWYWANIA <br \/>Przechowywa\u0107 w suchym i ch\u0142odnym miejscu<\/p>","protected":false},"excerpt":{"rendered":"<p>SK\u0141ADNIKIcukier trzcinowy Cristallino*, MLEKO pe\u0142ne w proszku* (22 %), t\u0142uszcz kakaowy*, MIGDA\u0141Y* (18 %), masa kakaowa*, emulgator: lecytyny (z SOI*), wanilia Bourbon*. (*certyfikowany sk\u0142adnik ekologiczny). Masa kakaowa minimum 34 % OPISJest to po\u0142\u0105czenie idealne, kt\u00f3re zawsze poprawi humor! Jedzenie czekolady sprzyja wytwarzaniu endorfin, dlatego poprawa humoru jest udowodniona naukowo! \ufeffWARTO\u015a\u0106 OD\u017bYWCZA W 100 gWarto\u015b\u0107 energetyczna [&hellip;]<\/p>","protected":false},"featured_media":1422,"comment_status":"closed","ping_status":"open","template":"","meta":{"_acf_changed":false},"product_brand":[],"product_cat":[1187,139],"product_tag":[],"class_list":{"0":"post-1421","1":"product","2":"type-product","3":"status-publish","4":"has-post-thumbnail","6":"product_cat-czekolady-i-czekoladki","7":"product_cat-slodycze-i-przekaski","8":"pa_ean-matka-1536","9":"pa_gwarancja-przydatnosci-324","10":"pa_ilosc-w-opakowaniu-374","11":"pa_jednostka-podstawowa-szt","12":"pa_kod-cn-1806-32-10","13":"pa_kraj-pochodzenia-skladnikow-turcja","14":"pa_masa-netto-242","15":"pa_objetosc-brutto-1209","16":"pa_producent-rapunzel-kremy-orzechowe-ketchupy-czekolady","17":"pa_producent-nazwa-adres-rapunzel-naturkost-gmbh-rapunzelstrabe-1-d-87764-legau","18":"pa_tagi-bez-glutenu-w-skladnikach","19":"pa_tagi-certyfikat-bio","20":"pa_tagi-wegetarianski","22":"first","23":"instock","24":"taxable","25":"shipping-taxable","26":"purchasable","27":"product-type-simple"},"acf":[],"_links":{"self":[{"href":"https:\/\/wiejskieprzysmaki.estima.site\/en\/wp-json\/wp\/v2\/product\/1421","targetHints":{"allow":["GET"]}}],"collection":[{"href":"https:\/\/wiejskieprzysmaki.estima.site\/en\/wp-json\/wp\/v2\/product"}],"about":[{"href":"https:\/\/wiejskieprzysmaki.estima.site\/en\/wp-json\/wp\/v2\/types\/product"}],"replies":[{"embeddable":true,"href":"https:\/\/wiejskieprzysmaki.estima.site\/en\/wp-json\/wp\/v2\/comments?post=1421"}],"wp:featuredmedia":[{"embeddable":true,"href":"https:\/\/wiejskieprzysmaki.estima.site\/en\/wp-json\/wp\/v2\/media\/1422"}],"wp:attachment":[{"href":"https:\/\/wiejskieprzysmaki.estima.site\/en\/wp-json\/wp\/v2\/media?parent=1421"}],"wp:term":[{"taxonomy":"product_brand","embeddable":true,"href":"https:\/\/wiejskieprzysmaki.estima.site\/en\/wp-json\/wp\/v2\/product_brand?post=1421"},{"taxonomy":"product_cat","embeddable":true,"href":"https:\/\/wiejskieprzysmaki.estima.site\/en\/wp-json\/wp\/v2\/product_cat?post=1421"},{"taxonomy":"product_tag","embeddable":true,"href":"https:\/\/wiejskieprzysmaki.estima.site\/en\/wp-json\/wp\/v2\/product_tag?post=1421"}],"curies":[{"name":"wp","href":"https:\/\/api.w.org\/{rel}","templated":true}]}}