{"id":1431,"date":"2025-02-18T10:36:43","date_gmt":"2025-02-18T09:36:43","guid":{"rendered":"https:\/\/wiejskieprzysmaki.estima.site\/produkt\/pomidory-suszone-solone-bio-surowiec-10-kg\/"},"modified":"2025-02-18T10:36:48","modified_gmt":"2025-02-18T09:36:48","slug":"pomidory-suszone-solone-bio-surowiec-10-kg","status":"publish","type":"product","link":"https:\/\/wiejskieprzysmaki.estima.site\/en\/product\/pomidory-suszone-solone-bio-surowiec-10-kg\/","title":{"rendered":"POMIDORY SUSZONE SOLONE BIO (SUROWIEC) (10 kg)"},"content":{"rendered":"<p>SK\u0141ADNIKI<br \/>ekologiczne suszone pomidory (93 %), s\u00f3l morska (7 %).<\/p>\n<p>OPIS<br \/>Ekologiczne pomidory suszone doskonale sprawdzaj\u0105 si\u0119 jako dodatek do zapiekanek warzywnych i zup. <br \/>Polecamy r\u00f3wnie\u017c w postaci rozdrobnionej jako przypraw\u0119 np. do risotto. <\/p>\n<p>WARTO\u015a\u0106 OD\u017bYWCZA W 100 g<br \/>Warto\u015b\u0107 energetyczna &#8211; 1189 kJ \/ 282 kcal<br \/>T\u0142uszcz &#8211; 3,0 g<br \/>w tym kwasy t\u0142uszczowe nasycone &#8211; 0,4 g<br \/>W\u0119glowodany &#8211; 44 g<br \/>w tym cukry &#8211; 38 g<br \/>B\u0142onnik &#8211; 12 g<br \/>Bia\u0142ko &#8211; 14 g<br \/>S\u00f3l &#8211; 7,0 g<\/p>\n<p>ZALECANE WARUNKI PRZECHOWYWANIA<br \/>Przechowywa\u0107 w suchym i ch\u0142odnym miejscu.<\/p>","protected":false},"excerpt":{"rendered":"<p>SK\u0141ADNIKIekologiczne suszone pomidory (93 %), s\u00f3l morska (7 %). OPISEkologiczne pomidory suszone doskonale sprawdzaj\u0105 si\u0119 jako dodatek do zapiekanek warzywnych i zup. Polecamy r\u00f3wnie\u017c w postaci rozdrobnionej jako przypraw\u0119 np. do risotto. WARTO\u015a\u0106 OD\u017bYWCZA W 100 gWarto\u015b\u0107 energetyczna &#8211; 1189 kJ \/ 282 kcalT\u0142uszcz &#8211; 3,0 gw tym kwasy t\u0142uszczowe nasycone &#8211; 0,4 gW\u0119glowodany &#8211; [&hellip;]<\/p>","protected":false},"featured_media":1432,"comment_status":"closed","ping_status":"open","template":"","meta":{"_acf_changed":false},"product_brand":[],"product_cat":[787,180],"product_tag":[],"class_list":{"0":"post-1431","1":"product","2":"type-product","3":"status-publish","4":"has-post-thumbnail","6":"product_cat-suszone-warzywa-i-grzyby-przetworzone","7":"product_cat-warzywa-i-grzyby-przetworzone","8":"pa_ean-matka-1541","9":"pa_gwarancja-przydatnosci-324","10":"pa_ilosc-w-opakowaniu-350","11":"pa_jednostka-podstawowa-kg","12":"pa_kod-cn-2002-10-90","13":"pa_kraj-pochodzenia-skladnikow-turcja","14":"pa_masa-netto-209","15":"pa_producent-horeca-bio-surowce","16":"pa_producent-nazwa-adres-bio-planet-s-a-wilkowa-wies-7-05-084-leszno","17":"pa_tagi-bez-cukru-w-skladnikach","18":"pa_tagi-bez-glutenu-w-skladnikach","19":"pa_tagi-certyfikat-bio","20":"pa_tagi-weganski","21":"pa_tagi-wegetarianski","23":"first","24":"instock","25":"taxable","26":"shipping-taxable","27":"purchasable","28":"product-type-simple"},"acf":[],"_links":{"self":[{"href":"https:\/\/wiejskieprzysmaki.estima.site\/en\/wp-json\/wp\/v2\/product\/1431","targetHints":{"allow":["GET"]}}],"collection":[{"href":"https:\/\/wiejskieprzysmaki.estima.site\/en\/wp-json\/wp\/v2\/product"}],"about":[{"href":"https:\/\/wiejskieprzysmaki.estima.site\/en\/wp-json\/wp\/v2\/types\/product"}],"replies":[{"embeddable":true,"href":"https:\/\/wiejskieprzysmaki.estima.site\/en\/wp-json\/wp\/v2\/comments?post=1431"}],"wp:featuredmedia":[{"embeddable":true,"href":"https:\/\/wiejskieprzysmaki.estima.site\/en\/wp-json\/wp\/v2\/media\/1432"}],"wp:attachment":[{"href":"https:\/\/wiejskieprzysmaki.estima.site\/en\/wp-json\/wp\/v2\/media?parent=1431"}],"wp:term":[{"taxonomy":"product_brand","embeddable":true,"href":"https:\/\/wiejskieprzysmaki.estima.site\/en\/wp-json\/wp\/v2\/product_brand?post=1431"},{"taxonomy":"product_cat","embeddable":true,"href":"https:\/\/wiejskieprzysmaki.estima.site\/en\/wp-json\/wp\/v2\/product_cat?post=1431"},{"taxonomy":"product_tag","embeddable":true,"href":"https:\/\/wiejskieprzysmaki.estima.site\/en\/wp-json\/wp\/v2\/product_tag?post=1431"}],"curies":[{"name":"wp","href":"https:\/\/api.w.org\/{rel}","templated":true}]}}