{"id":1459,"date":"2025-02-18T10:36:58","date_gmt":"2025-02-18T09:36:58","guid":{"rendered":"https:\/\/wiejskieprzysmaki.estima.site\/produkt\/tunczyk-zoltopletwy-w-sosie-wlasnym-220-g-154-g-sloik-pan-do-mar\/"},"modified":"2025-02-18T10:37:00","modified_gmt":"2025-02-18T09:37:00","slug":"tunczyk-zoltopletwy-w-sosie-wlasnym-220-g-154-g-sloik-pan-do-mar","status":"publish","type":"product","link":"https:\/\/wiejskieprzysmaki.estima.site\/en\/product\/tunczyk-zoltopletwy-w-sosie-wlasnym-220-g-154-g-sloik-pan-do-mar\/","title":{"rendered":"TU\u0143CZYK \u017b\u00d3\u0141TOP\u0141ETWY W SOSIE W\u0141ASNYM 220 g (154 g) (S\u0141OIK) &#8211; PAN DO MAR"},"content":{"rendered":"<p>SK\u0141ADNIKI<br \/>kawa\u0142ki TU\u0143CZYKA 70 %, woda, s\u00f3l morska.<\/p>\n<p>OPIS<br \/>Produkt sterylizowany. TU\u0143CZYK \u017c\u00f3\u0142top\u0142etwy (Thunnus albacares) z\u0142owiony z\u0142owione w p\u00f3\u0142nocno-wschodnim Oceanie Atlantyckim (FAO 27.X.a.2) i \u015brodkowo-wschodnim Oceanie Atlantyckim (FAO 34.I.2-III.12). <\/p>\n<p>WARTO\u015a\u0106 OD\u017bYWCZA W 100 g PO ODS\u0104CZENIU<br \/>Energia: 518 kJ\/122 kcal<br \/>T\u0142uszcz: 0,5 g<br \/>w tym kwasy nasycone: 0,2 g<br \/>jednonienasycone: 0,1 g<br \/>wielonienasycone: 0,2 g<br \/>W\u0119glowodany:< 0,5 g<br \/>w tym cukry:< 0,5 g <br \/>B\u0142onnik: < 0,2 g<br \/>Bia\u0142ko: 29,5 g<br \/>S\u00f3l: 0,7 g <\/p>\n<p>ZALECANE WARUNKI PRZECHOWYWANIA<br \/>Po otwarciu przechowywa\u0107 w lod\u00f3wce i spo\u017cy\u0107 w ci\u0105gu 3 dni. <\/p>","protected":false},"excerpt":{"rendered":"<p>SK\u0141ADNIKIkawa\u0142ki TU\u0143CZYKA 70 %, woda, s\u00f3l morska. OPISProdukt sterylizowany. TU\u0143CZYK \u017c\u00f3\u0142top\u0142etwy (Thunnus albacares) z\u0142owiony z\u0142owione w p\u00f3\u0142nocno-wschodnim Oceanie Atlantyckim (FAO 27.X.a.2) i \u015brodkowo-wschodnim Oceanie Atlantyckim (FAO 34.I.2-III.12). WARTO\u015a\u0106 OD\u017bYWCZA W 100 g PO ODS\u0104CZENIUEnergia: 518 kJ\/122 kcalT\u0142uszcz: 0,5 gw tym kwasy nasycone: 0,2 gjednonienasycone: 0,1 gwielonienasycone: 0,2 gW\u0119glowodany:< 0,5 gw tym cukry:< 0,5 g B\u0142onnik: [&hellip;]\n<\/p>","protected":false},"featured_media":1460,"comment_status":"closed","ping_status":"open","template":"","meta":{"_acf_changed":false},"product_brand":[],"product_cat":[1567],"product_tag":[],"class_list":{"0":"post-1459","1":"product","2":"type-product","3":"status-publish","4":"has-post-thumbnail","6":"product_cat-wedliny","7":"pa_ean-matka-1566","8":"pa_gwarancja-przydatnosci-301","9":"pa_ilosc-w-opakowaniu-454","10":"pa_jednostka-podstawowa-szt","11":"pa_kod-cn-1604-14-38","12":"pa_kraj-pochodzenia-skladnikow-hiszpania","13":"pa_masa-netto-1562","14":"pa_objetosc-brutto-1564","15":"pa_producent-pan-do-mar-rybolowstwo-zrownowazone","16":"pa_producent-nazwa-adres-antonio-perez-lafuente-s-a-c-xunqueira-3-36620-vilanova-de-arousa-pontevedra","17":"pa_tagi-bez-cukru-w-skladnikach","18":"pa_tagi-bez-glutenu-w-skladnikach","20":"first","21":"instock","22":"taxable","23":"shipping-taxable","24":"purchasable","25":"product-type-simple"},"acf":[],"_links":{"self":[{"href":"https:\/\/wiejskieprzysmaki.estima.site\/en\/wp-json\/wp\/v2\/product\/1459","targetHints":{"allow":["GET"]}}],"collection":[{"href":"https:\/\/wiejskieprzysmaki.estima.site\/en\/wp-json\/wp\/v2\/product"}],"about":[{"href":"https:\/\/wiejskieprzysmaki.estima.site\/en\/wp-json\/wp\/v2\/types\/product"}],"replies":[{"embeddable":true,"href":"https:\/\/wiejskieprzysmaki.estima.site\/en\/wp-json\/wp\/v2\/comments?post=1459"}],"wp:featuredmedia":[{"embeddable":true,"href":"https:\/\/wiejskieprzysmaki.estima.site\/en\/wp-json\/wp\/v2\/media\/1460"}],"wp:attachment":[{"href":"https:\/\/wiejskieprzysmaki.estima.site\/en\/wp-json\/wp\/v2\/media?parent=1459"}],"wp:term":[{"taxonomy":"product_brand","embeddable":true,"href":"https:\/\/wiejskieprzysmaki.estima.site\/en\/wp-json\/wp\/v2\/product_brand?post=1459"},{"taxonomy":"product_cat","embeddable":true,"href":"https:\/\/wiejskieprzysmaki.estima.site\/en\/wp-json\/wp\/v2\/product_cat?post=1459"},{"taxonomy":"product_tag","embeddable":true,"href":"https:\/\/wiejskieprzysmaki.estima.site\/en\/wp-json\/wp\/v2\/product_tag?post=1459"}],"curies":[{"name":"wp","href":"https:\/\/api.w.org\/{rel}","templated":true}]}}