{"id":1478,"date":"2025-02-18T10:36:58","date_gmt":"2025-02-18T09:36:58","guid":{"rendered":"https:\/\/wiejskieprzysmaki.estima.site\/produkt\/cukier-trzcinowy-demerara-bio-500-g-bio-planet\/"},"modified":"2025-02-18T10:37:06","modified_gmt":"2025-02-18T09:37:06","slug":"cukier-trzcinowy-demerara-bio-500-g-bio-planet","status":"publish","type":"product","link":"https:\/\/wiejskieprzysmaki.estima.site\/en\/product\/cukier-trzcinowy-demerara-bio-500-g-bio-planet\/","title":{"rendered":"CUKIER TRZCINOWY DEMERARA BIO 500 g &#8211; BIO PLANET"},"content":{"rendered":"<p>SK\u0141ADNIKI<br \/>cukier trzcinowy br\u0105zowy Demerara* 100% (*certyfikowany sk\u0142adnik ekologiczny)<\/p>\n<p>OPIS<br \/>Ekologiczny cukier trzcinowy, nierafinowany. Doskona\u0142y do wypiek\u00f3w, deser\u00f3w oraz s\u0142odzenia ciep\u0142ych napoj\u00f3w.<\/p>\n<p>WARTO\u015a\u0106 OD\u017bYWCZA W 100 g<br \/>Warto\u015b\u0107 energetyczna &#8211; 1700 kJ \/ 400 kcal<br \/>T\u0142uszcz &#8211; 0 g<br \/>w tym kwasy t\u0142uszczowe nasycone &#8211; 0 g<br \/>W\u0119glowodany &#8211; 100 g<br \/>w tym cukry &#8211; 97 g<br \/>Bia\u0142ko &#8211; 0 g<br \/>S\u00f3l &#8211; 0 g<\/p>\n<p>ZALECANE WARUNKI PRZECHOWYWANIA<br \/>Przechowywa\u0107 w suchym i ch\u0142odnym miejscu.<\/p>","protected":false},"excerpt":{"rendered":"<p>SK\u0141ADNIKIcukier trzcinowy br\u0105zowy Demerara* 100% (*certyfikowany sk\u0142adnik ekologiczny) OPISEkologiczny cukier trzcinowy, nierafinowany. Doskona\u0142y do wypiek\u00f3w, deser\u00f3w oraz s\u0142odzenia ciep\u0142ych napoj\u00f3w. WARTO\u015a\u0106 OD\u017bYWCZA W 100 gWarto\u015b\u0107 energetyczna &#8211; 1700 kJ \/ 400 kcalT\u0142uszcz &#8211; 0 gw tym kwasy t\u0142uszczowe nasycone &#8211; 0 gW\u0119glowodany &#8211; 100 gw tym cukry &#8211; 97 gBia\u0142ko &#8211; 0 gS\u00f3l &#8211; 0 [&hellip;]<\/p>","protected":false},"featured_media":1479,"comment_status":"closed","ping_status":"open","template":"","meta":{"_acf_changed":false},"product_brand":[],"product_cat":[329,304],"product_tag":[],"class_list":{"0":"post-1478","1":"product","2":"type-product","3":"status-publish","4":"has-post-thumbnail","6":"product_cat-cukry-slodziki-owoce-sproszkowane","7":"product_cat-slodziki","8":"pa_ean-matka-1584","9":"pa_gwarancja-przydatnosci-522","10":"pa_ilosc-w-opakowaniu-298","11":"pa_jednostka-podstawowa-szt","12":"pa_kod-cn-1701-13-90","13":"pa_kraj-pochodzenia-skladnikow-laos","14":"pa_masa-netto-347","15":"pa_objetosc-brutto-891","16":"pa_producent-bio-planet-seria-czerwona-cukry-syropy","17":"pa_producent-nazwa-adres-bio-planet-s-a-wilkowa-wies-7-05-084-leszno","18":"pa_tagi-bez-glutenu-w-skladnikach","19":"pa_tagi-certyfikat-bio","20":"pa_tagi-weganski","21":"pa_tagi-wegetarianski","23":"first","24":"instock","25":"taxable","26":"shipping-taxable","27":"purchasable","28":"product-type-simple"},"acf":[],"_links":{"self":[{"href":"https:\/\/wiejskieprzysmaki.estima.site\/en\/wp-json\/wp\/v2\/product\/1478","targetHints":{"allow":["GET"]}}],"collection":[{"href":"https:\/\/wiejskieprzysmaki.estima.site\/en\/wp-json\/wp\/v2\/product"}],"about":[{"href":"https:\/\/wiejskieprzysmaki.estima.site\/en\/wp-json\/wp\/v2\/types\/product"}],"replies":[{"embeddable":true,"href":"https:\/\/wiejskieprzysmaki.estima.site\/en\/wp-json\/wp\/v2\/comments?post=1478"}],"wp:featuredmedia":[{"embeddable":true,"href":"https:\/\/wiejskieprzysmaki.estima.site\/en\/wp-json\/wp\/v2\/media\/1479"}],"wp:attachment":[{"href":"https:\/\/wiejskieprzysmaki.estima.site\/en\/wp-json\/wp\/v2\/media?parent=1478"}],"wp:term":[{"taxonomy":"product_brand","embeddable":true,"href":"https:\/\/wiejskieprzysmaki.estima.site\/en\/wp-json\/wp\/v2\/product_brand?post=1478"},{"taxonomy":"product_cat","embeddable":true,"href":"https:\/\/wiejskieprzysmaki.estima.site\/en\/wp-json\/wp\/v2\/product_cat?post=1478"},{"taxonomy":"product_tag","embeddable":true,"href":"https:\/\/wiejskieprzysmaki.estima.site\/en\/wp-json\/wp\/v2\/product_tag?post=1478"}],"curies":[{"name":"wp","href":"https:\/\/api.w.org\/{rel}","templated":true}]}}