{"id":1480,"date":"2025-02-18T10:36:58","date_gmt":"2025-02-18T09:36:58","guid":{"rendered":"https:\/\/wiejskieprzysmaki.estima.site\/produkt\/daktyle-suszone-bezglutenowe-bio-150-g-bio-planet\/"},"modified":"2025-02-18T10:37:07","modified_gmt":"2025-02-18T09:37:07","slug":"daktyle-suszone-bezglutenowe-bio-150-g-bio-planet","status":"publish","type":"product","link":"https:\/\/wiejskieprzysmaki.estima.site\/en\/product\/daktyle-suszone-bezglutenowe-bio-150-g-bio-planet\/","title":{"rendered":"DAKTYLE SUSZONE BEZGLUTENOWE BIO 150 g &#8211; BIO PLANET"},"content":{"rendered":"<p>SK\u0141ADNIKI<br \/>ekologiczne daktyle bez pestek suszone 100%.<\/p>\n<p>OPIS<br \/>Ekologiczne daktyle bez pestek mog\u0105 by\u0107 stosowane jako samodzielna s\u0142odka przek\u0105ska lub jako dodatek do porannej owsianki, deser\u00f3w, ciast, powide\u0142 i wszelkiego rodzaju potraw. Daktyle to doskona\u0142y zamiennik s\u0142odyczy w diecie dziecka.<\/p>\n<p>WARTO\u015a\u0106 OD\u017bYWCZA W 100 g<br \/>Warto\u015b\u0107 energetyczna: 1204 kJ\/284 kcall<br \/>T\u0142uszcz:: 0 g<br \/>w tym kwasy t\u0142uszczowe nasycone: 0 g<br \/>W\u0119glowodany: 65 g<br \/>w tym cukry: 59 g<br \/>B\u0142onnik: 8,5 g<br \/>Bia\u0142ko: 2,3 g<br \/>S\u00f3l: 0 g<\/p>\n<p>ZALECANE WARUNKI PRZECHOWYWANIA<br \/>Przechowywa\u0107 w suchym i ch\u0142odnym miejscu.<\/p>","protected":false},"excerpt":{"rendered":"<p>SK\u0141ADNIKIekologiczne daktyle bez pestek suszone 100%. OPISEkologiczne daktyle bez pestek mog\u0105 by\u0107 stosowane jako samodzielna s\u0142odka przek\u0105ska lub jako dodatek do porannej owsianki, deser\u00f3w, ciast, powide\u0142 i wszelkiego rodzaju potraw. Daktyle to doskona\u0142y zamiennik s\u0142odyczy w diecie dziecka. WARTO\u015a\u0106 OD\u017bYWCZA W 100 gWarto\u015b\u0107 energetyczna: 1204 kJ\/284 kcallT\u0142uszcz:: 0 gw tym kwasy t\u0142uszczowe nasycone: 0 gW\u0119glowodany: [&hellip;]<\/p>","protected":false},"featured_media":1481,"comment_status":"closed","ping_status":"open","template":"","meta":{"_acf_changed":false},"product_brand":[],"product_cat":[830],"product_tag":[],"class_list":{"0":"post-1480","1":"product","2":"type-product","3":"status-publish","4":"has-post-thumbnail","6":"product_cat-orzechy-i-owoce-suszone","7":"pa_ean-matka-1586","8":"pa_ean-matka-1587","9":"pa_gwarancja-przydatnosci-324","10":"pa_ilosc-w-opakowaniu-298","11":"pa_jednostka-podstawowa-szt","12":"pa_kod-cn-0804-10-00","13":"pa_kraj-pochodzenia-skladnikow-tunezja","14":"pa_masa-netto-197","15":"pa_objetosc-brutto-1585","16":"pa_producent-bio-planet-seria-fioletowa-owoce-suszone","17":"pa_producent-nazwa-adres-bio-planet-s-a-wilkowa-wies-7-05-084-leszno","18":"pa_tagi-bez-cukru-w-skladnikach","19":"pa_tagi-bez-glutenu-deklaracja","20":"pa_tagi-bez-glutenu-w-skladnikach","21":"pa_tagi-certyfikat-bio","22":"pa_tagi-weganski","23":"pa_tagi-wegetarianski","25":"first","26":"instock","27":"taxable","28":"shipping-taxable","29":"purchasable","30":"product-type-simple"},"acf":[],"_links":{"self":[{"href":"https:\/\/wiejskieprzysmaki.estima.site\/en\/wp-json\/wp\/v2\/product\/1480","targetHints":{"allow":["GET"]}}],"collection":[{"href":"https:\/\/wiejskieprzysmaki.estima.site\/en\/wp-json\/wp\/v2\/product"}],"about":[{"href":"https:\/\/wiejskieprzysmaki.estima.site\/en\/wp-json\/wp\/v2\/types\/product"}],"replies":[{"embeddable":true,"href":"https:\/\/wiejskieprzysmaki.estima.site\/en\/wp-json\/wp\/v2\/comments?post=1480"}],"wp:featuredmedia":[{"embeddable":true,"href":"https:\/\/wiejskieprzysmaki.estima.site\/en\/wp-json\/wp\/v2\/media\/1481"}],"wp:attachment":[{"href":"https:\/\/wiejskieprzysmaki.estima.site\/en\/wp-json\/wp\/v2\/media?parent=1480"}],"wp:term":[{"taxonomy":"product_brand","embeddable":true,"href":"https:\/\/wiejskieprzysmaki.estima.site\/en\/wp-json\/wp\/v2\/product_brand?post=1480"},{"taxonomy":"product_cat","embeddable":true,"href":"https:\/\/wiejskieprzysmaki.estima.site\/en\/wp-json\/wp\/v2\/product_cat?post=1480"},{"taxonomy":"product_tag","embeddable":true,"href":"https:\/\/wiejskieprzysmaki.estima.site\/en\/wp-json\/wp\/v2\/product_tag?post=1480"}],"curies":[{"name":"wp","href":"https:\/\/api.w.org\/{rel}","templated":true}]}}