{"id":1520,"date":"2025-02-18T10:37:13","date_gmt":"2025-02-18T09:37:13","guid":{"rendered":"https:\/\/wiejskieprzysmaki.estima.site\/produkt\/soczewica-czarna-beluga-bio-400-g-bio-planet\/"},"modified":"2025-02-18T10:37:23","modified_gmt":"2025-02-18T09:37:23","slug":"soczewica-czarna-beluga-bio-400-g-bio-planet","status":"publish","type":"product","link":"https:\/\/wiejskieprzysmaki.estima.site\/en\/product\/soczewica-czarna-beluga-bio-400-g-bio-planet\/","title":{"rendered":"SOCZEWICA CZARNA BELUGA BIO 400 g &#8211; BIO PLANET"},"content":{"rendered":"<p>SK\u0141ADNIKI<br \/>ekologiczna soczewica czarna Beluga 100 %.<\/p>\n<p>OPIS<br \/>Ekologiczna soczewica czarna Beluga to jedna z ciekawszych odmian soczewicy. Nazwa Beluga nawi\u0105zuje do kawioru, do kt\u00f3rego soczewica czarna jest bardzo podobna. Beluga doskonale nadaje si\u0119 jako dodatek do zup, da\u0144 jednogarnkowych oraz pikantnych przek\u0105sek. Dobrze komponuje si\u0119 z sa\u0142atkami oraz daniami z warzyw.<\/p>\n<p>SPOS\u00d3B PRZYGOTOWANIA<br \/>uprzednio wyp\u0142ukan\u0105 soczewic\u0119 gotowa\u0107 w proporcji 1:2 (1 porcja soczewicy na 2 porcje wody) ok. 30 min. Posoli\u0107 pod koniec gotowania.<\/p>\n<p>WARTO\u015a\u0106 OD\u017bYWCZA W 100 g<br \/>Warto\u015b\u0107 energetyczna \t1283 kJ\/304 kcal<br \/>T\u0142uszcz \t1,6 g<br \/>w tym kwasy t\u0142uszczowe nasycone \t0,2 g<br \/>W\u0119glowodany \t41 g<br \/>w tym cukry \t2,0 g<br \/>B\u0142onnik \t17 g<br \/>Bia\u0142ko \t23 g<br \/>S\u00f3l \t0,02 g<\/p>\n<p>INFORMACJA ALERGENNA<br \/>Produkt mo\u017ce zawiera\u0107: ZBO\u017bA ZAWIERAJ\u0104CE GLUTEN, ORZESZKI ZIEMNE, ORZECHY, NASIONA SEZAMU, SOJ\u0118.<\/p>\n<p>ZALECANE WARUNKI PRZECHOWYWANIA<br \/>Przechowywa\u0107 w suchym i ch\u0142odnym miejscu.<\/p>","protected":false},"excerpt":{"rendered":"<p>SK\u0141ADNIKIekologiczna soczewica czarna Beluga 100 %. OPISEkologiczna soczewica czarna Beluga to jedna z ciekawszych odmian soczewicy. Nazwa Beluga nawi\u0105zuje do kawioru, do kt\u00f3rego soczewica czarna jest bardzo podobna. Beluga doskonale nadaje si\u0119 jako dodatek do zup, da\u0144 jednogarnkowych oraz pikantnych przek\u0105sek. Dobrze komponuje si\u0119 z sa\u0142atkami oraz daniami z warzyw. SPOS\u00d3B PRZYGOTOWANIAuprzednio wyp\u0142ukan\u0105 soczewic\u0119 gotowa\u0107 [&hellip;]<\/p>","protected":false},"featured_media":1521,"comment_status":"closed","ping_status":"open","template":"","meta":{"_acf_changed":false},"product_brand":[],"product_cat":[316,315],"product_tag":[],"class_list":{"0":"post-1520","1":"product","2":"type-product","3":"status-publish","4":"has-post-thumbnail","6":"product_cat-suszone","7":"product_cat-warzywa-straczkowe","8":"pa_ean-matka-954","9":"pa_ean-matka-1604","10":"pa_gwarancja-przydatnosci-776","11":"pa_ilosc-w-opakowaniu-298","12":"pa_jednostka-podstawowa-szt","13":"pa_kod-cn-0713-40-00","14":"pa_kraj-pochodzenia-skladnikow-grecja","15":"pa_masa-netto-268","16":"pa_objetosc-brutto-204","17":"pa_producent-bio-planet-seria-zielona-straczkowe","18":"pa_producent-nazwa-adres-bio-planet-s-a-wilkowa-wies-7-05-084-leszno","19":"pa_tagi-bez-cukru-w-skladnikach","20":"pa_tagi-bez-glutenu-w-skladnikach","21":"pa_tagi-certyfikat-bio","22":"pa_tagi-weganski","23":"pa_tagi-wegetarianski","25":"first","26":"instock","27":"taxable","28":"shipping-taxable","29":"purchasable","30":"product-type-simple"},"acf":[],"_links":{"self":[{"href":"https:\/\/wiejskieprzysmaki.estima.site\/en\/wp-json\/wp\/v2\/product\/1520","targetHints":{"allow":["GET"]}}],"collection":[{"href":"https:\/\/wiejskieprzysmaki.estima.site\/en\/wp-json\/wp\/v2\/product"}],"about":[{"href":"https:\/\/wiejskieprzysmaki.estima.site\/en\/wp-json\/wp\/v2\/types\/product"}],"replies":[{"embeddable":true,"href":"https:\/\/wiejskieprzysmaki.estima.site\/en\/wp-json\/wp\/v2\/comments?post=1520"}],"wp:featuredmedia":[{"embeddable":true,"href":"https:\/\/wiejskieprzysmaki.estima.site\/en\/wp-json\/wp\/v2\/media\/1521"}],"wp:attachment":[{"href":"https:\/\/wiejskieprzysmaki.estima.site\/en\/wp-json\/wp\/v2\/media?parent=1520"}],"wp:term":[{"taxonomy":"product_brand","embeddable":true,"href":"https:\/\/wiejskieprzysmaki.estima.site\/en\/wp-json\/wp\/v2\/product_brand?post=1520"},{"taxonomy":"product_cat","embeddable":true,"href":"https:\/\/wiejskieprzysmaki.estima.site\/en\/wp-json\/wp\/v2\/product_cat?post=1520"},{"taxonomy":"product_tag","embeddable":true,"href":"https:\/\/wiejskieprzysmaki.estima.site\/en\/wp-json\/wp\/v2\/product_tag?post=1520"}],"curies":[{"name":"wp","href":"https:\/\/api.w.org\/{rel}","templated":true}]}}