{"id":1533,"date":"2025-02-18T10:37:27","date_gmt":"2025-02-18T09:37:27","guid":{"rendered":"https:\/\/wiejskieprzysmaki.estima.site\/produkt\/tahini-pasta-sezamowa-bio-180-g-bio-food\/"},"modified":"2025-02-18T10:37:29","modified_gmt":"2025-02-18T09:37:29","slug":"tahini-pasta-sezamowa-bio-180-g-bio-food","status":"publish","type":"product","link":"https:\/\/wiejskieprzysmaki.estima.site\/en\/product\/tahini-pasta-sezamowa-bio-180-g-bio-food\/","title":{"rendered":"TAHINI (PASTA SEZAMOWA) BIO 180 g &#8211; BIO FOOD"},"content":{"rendered":"<p>SK\u0141ADNIKI  <br \/>zmielony SEZAM \u0142uszczony* (*certyfikowany sk\u0142adnik ekologiczny)<\/p>\n<p>OPIS  <br \/>Pasta ze zmielonego, wy\u0142\u0105cznie ekologicznego SEZAMu \u0142uszczonego. Pasta stosowana mo\u017ce by\u0107 w kuchni makrobiotycznej, wega\u0144skiej i wegetaria\u0144skiej, jako dodatek do sos\u00f3w, dip\u00f3w, dressing\u00f3w sa\u0142atkowych. <br \/>Polecana r\u00f3wnie\u017c w wielu potrawach kuchni azjatyckiej. Produkt niepasteryzowany.<\/p>\n<p>WARTO\u015a\u0106 OD\u017bYWCZA W 100 g  <br \/>Warto\u015b\u0107 energetyczna: 2756 kJ\/667 kcal  <br \/>T\u0142uszcz: 60 g  <br \/>w tym kwasy t\u0142uszczowe nasycone: 9,5 g  <br \/>W\u0119glowodany: 1,7 g  <br \/>w tym cukry: 1,1 g  <br \/>Bia\u0142ko: 25 g  <br \/>S\u00f3l: 0,02 g<\/p>\n<p>ZALECANE WARUNKI PRZECHOWYWANIA<br \/>Przechowywa\u0107 w suchym i ch\u0142odnym miejscu. Po otwarciu przechowywa\u0107 w temperaturze + 4 \u2103.<\/p>","protected":false},"excerpt":{"rendered":"<p>SK\u0141ADNIKI zmielony SEZAM \u0142uszczony* (*certyfikowany sk\u0142adnik ekologiczny) OPIS Pasta ze zmielonego, wy\u0142\u0105cznie ekologicznego SEZAMu \u0142uszczonego. Pasta stosowana mo\u017ce by\u0107 w kuchni makrobiotycznej, wega\u0144skiej i wegetaria\u0144skiej, jako dodatek do sos\u00f3w, dip\u00f3w, dressing\u00f3w sa\u0142atkowych. Polecana r\u00f3wnie\u017c w wielu potrawach kuchni azjatyckiej. Produkt niepasteryzowany. WARTO\u015a\u0106 OD\u017bYWCZA W 100 g Warto\u015b\u0107 energetyczna: 2756 kJ\/667 kcal T\u0142uszcz: 60 g w [&hellip;]<\/p>","protected":false},"featured_media":1534,"comment_status":"closed","ping_status":"open","template":"","meta":{"_acf_changed":false},"product_brand":[],"product_cat":[734],"product_tag":[],"class_list":{"0":"post-1533","1":"product","2":"type-product","3":"status-publish","4":"has-post-thumbnail","6":"product_cat-kremy-orzechowe-czekoladowe-tahini","7":"pa_ean-matka-1609","8":"pa_gwarancja-przydatnosci-320","9":"pa_ilosc-w-opakowaniu-298","10":"pa_jednostka-podstawowa-szt","11":"pa_kod-cn-2008-19-99","12":"pa_kraj-pochodzenia-skladnikow-turcja","13":"pa_masa-netto-432","14":"pa_objetosc-brutto-389","15":"pa_producent-bio-food-soki-przetwory-octy-olej-kokosowy","16":"pa_producent-nazwa-adres-zywnosc-ekologiczna-bio-food-sp-z-o-o-zaklad-produkcyjny-ciechocin-ciechocin-32-87-408-ciechocin","17":"pa_tagi-bez-cukru-w-skladnikach","18":"pa_tagi-bez-glutenu-w-skladnikach","19":"pa_tagi-certyfikat-bio","20":"pa_tagi-weganski","21":"pa_tagi-wegetarianski","23":"first","24":"instock","25":"taxable","26":"shipping-taxable","27":"purchasable","28":"product-type-simple"},"acf":[],"_links":{"self":[{"href":"https:\/\/wiejskieprzysmaki.estima.site\/en\/wp-json\/wp\/v2\/product\/1533","targetHints":{"allow":["GET"]}}],"collection":[{"href":"https:\/\/wiejskieprzysmaki.estima.site\/en\/wp-json\/wp\/v2\/product"}],"about":[{"href":"https:\/\/wiejskieprzysmaki.estima.site\/en\/wp-json\/wp\/v2\/types\/product"}],"replies":[{"embeddable":true,"href":"https:\/\/wiejskieprzysmaki.estima.site\/en\/wp-json\/wp\/v2\/comments?post=1533"}],"wp:featuredmedia":[{"embeddable":true,"href":"https:\/\/wiejskieprzysmaki.estima.site\/en\/wp-json\/wp\/v2\/media\/1534"}],"wp:attachment":[{"href":"https:\/\/wiejskieprzysmaki.estima.site\/en\/wp-json\/wp\/v2\/media?parent=1533"}],"wp:term":[{"taxonomy":"product_brand","embeddable":true,"href":"https:\/\/wiejskieprzysmaki.estima.site\/en\/wp-json\/wp\/v2\/product_brand?post=1533"},{"taxonomy":"product_cat","embeddable":true,"href":"https:\/\/wiejskieprzysmaki.estima.site\/en\/wp-json\/wp\/v2\/product_cat?post=1533"},{"taxonomy":"product_tag","embeddable":true,"href":"https:\/\/wiejskieprzysmaki.estima.site\/en\/wp-json\/wp\/v2\/product_tag?post=1533"}],"curies":[{"name":"wp","href":"https:\/\/api.w.org\/{rel}","templated":true}]}}