{"id":1545,"date":"2025-02-18T10:37:27","date_gmt":"2025-02-18T09:37:27","guid":{"rendered":"https:\/\/wiejskieprzysmaki.estima.site\/produkt\/pulpa-pomidorowa-z-bazylia-bio-500-g-alce-nero\/"},"modified":"2025-02-18T10:37:32","modified_gmt":"2025-02-18T09:37:32","slug":"pulpa-pomidorowa-z-bazylia-bio-500-g-alce-nero","status":"publish","type":"product","link":"https:\/\/wiejskieprzysmaki.estima.site\/en\/product\/pulpa-pomidorowa-z-bazylia-bio-500-g-alce-nero\/","title":{"rendered":"PULPA POMIDOROWA Z BAZYLI\u0104 BIO 500 g &#8211; ALCE NERO"},"content":{"rendered":"<p>SK\u0141ADNIKI<br \/>pomidory pokrojone w kostk\u0119* (95 %), koncentrat pomidorowy* (3,5 %), bazylia* (1 %), s\u00f3l (*certyfikowany sk\u0142adnik ekologiczny)<\/p>\n<p>OPIS<br \/>Ekologiczny sos z zag\u0119szczonych pomidor\u00f3w, z dodatkiem bazylii. Wy\u015bmienicie smakuje z w\u0142oskim, ekologicznym makaronem Alce Nero. Stanowi r\u00f3wnie\u017c doskona\u0142\u0105 baz\u0119 dla innych sos\u00f3w, np. z dodatkiem warzyw (bak\u0142a\u017can, cukinia, papryka).<\/p>\n<p>WARTO\u015a\u0106 OD\u017bYWCZA W 100 g<br \/>Warto\u015b\u0107 energetyczna &#8211; 126 kJ \/ 30 kcal  <br \/>T\u0142uszcz &#8211; 0,2 g  <br \/>w tym kwasy t\u0142uszczowe nasycone &#8211; 0 g  <br \/>W\u0119glowodany &#8211; 4,9 g  <br \/>w tym cukry &#8211; 4,6 g  <br \/>B\u0142onnik &#8211; 1,3 g  <br \/>Bia\u0142ko &#8211; 1,6 g  <br \/>S\u00f3l &#8211; 0,5 g<\/p>\n<p>ZALECANE WARUNKI PRZECHOWYWANIA  <br \/>Po otwarciu przechowywa\u0107 w lod\u00f3wce i spo\u017cy\u0107 w ci\u0105gu 3-4 dni.<\/p>","protected":false},"excerpt":{"rendered":"<p>SK\u0141ADNIKIpomidory pokrojone w kostk\u0119* (95 %), koncentrat pomidorowy* (3,5 %), bazylia* (1 %), s\u00f3l (*certyfikowany sk\u0142adnik ekologiczny) OPISEkologiczny sos z zag\u0119szczonych pomidor\u00f3w, z dodatkiem bazylii. Wy\u015bmienicie smakuje z w\u0142oskim, ekologicznym makaronem Alce Nero. Stanowi r\u00f3wnie\u017c doskona\u0142\u0105 baz\u0119 dla innych sos\u00f3w, np. z dodatkiem warzyw (bak\u0142a\u017can, cukinia, papryka). WARTO\u015a\u0106 OD\u017bYWCZA W 100 gWarto\u015b\u0107 energetyczna &#8211; 126 [&hellip;]<\/p>","protected":false},"featured_media":1546,"comment_status":"closed","ping_status":"open","template":"","meta":{"_acf_changed":false},"product_brand":[],"product_cat":[95,94],"product_tag":[],"class_list":{"0":"post-1545","1":"product","2":"type-product","3":"status-publish","4":"has-post-thumbnail","6":"product_cat-ketchupy-koncentraty-sosy-pomidorowe","7":"product_cat-sosy","8":"pa_ean-matka-1620","9":"pa_gwarancja-przydatnosci-311","10":"pa_ilosc-w-opakowaniu-374","11":"pa_jednostka-podstawowa-szt","12":"pa_kod-cn-2002-10-19","13":"pa_kraj-pochodzenia-skladnikow-wlochy","14":"pa_masa-netto-347","15":"pa_objetosc-brutto-1617","16":"pa_producent-alce-nero-wloskie-produkty","17":"pa_producent-nazwa-adres-alce-nero-s-p-a-via-palazzetti-5c-40068-san-lazzaro-di-savena-bo","18":"pa_tagi-bez-cukru-w-skladnikach","19":"pa_tagi-bez-glutenu-w-skladnikach","20":"pa_tagi-certyfikat-bio","21":"pa_tagi-weganski","22":"pa_tagi-wegetarianski","24":"first","25":"instock","26":"taxable","27":"shipping-taxable","28":"purchasable","29":"product-type-simple"},"acf":[],"_links":{"self":[{"href":"https:\/\/wiejskieprzysmaki.estima.site\/en\/wp-json\/wp\/v2\/product\/1545","targetHints":{"allow":["GET"]}}],"collection":[{"href":"https:\/\/wiejskieprzysmaki.estima.site\/en\/wp-json\/wp\/v2\/product"}],"about":[{"href":"https:\/\/wiejskieprzysmaki.estima.site\/en\/wp-json\/wp\/v2\/types\/product"}],"replies":[{"embeddable":true,"href":"https:\/\/wiejskieprzysmaki.estima.site\/en\/wp-json\/wp\/v2\/comments?post=1545"}],"wp:featuredmedia":[{"embeddable":true,"href":"https:\/\/wiejskieprzysmaki.estima.site\/en\/wp-json\/wp\/v2\/media\/1546"}],"wp:attachment":[{"href":"https:\/\/wiejskieprzysmaki.estima.site\/en\/wp-json\/wp\/v2\/media?parent=1545"}],"wp:term":[{"taxonomy":"product_brand","embeddable":true,"href":"https:\/\/wiejskieprzysmaki.estima.site\/en\/wp-json\/wp\/v2\/product_brand?post=1545"},{"taxonomy":"product_cat","embeddable":true,"href":"https:\/\/wiejskieprzysmaki.estima.site\/en\/wp-json\/wp\/v2\/product_cat?post=1545"},{"taxonomy":"product_tag","embeddable":true,"href":"https:\/\/wiejskieprzysmaki.estima.site\/en\/wp-json\/wp\/v2\/product_tag?post=1545"}],"curies":[{"name":"wp","href":"https:\/\/api.w.org\/{rel}","templated":true}]}}