{"id":1551,"date":"2025-02-18T10:37:27","date_gmt":"2025-02-18T09:37:27","guid":{"rendered":"https:\/\/wiejskieprzysmaki.estima.site\/produkt\/popcorn-ziarno-kukurydzy-bio-400-g-bio-planet\/"},"modified":"2025-02-18T10:37:34","modified_gmt":"2025-02-18T09:37:34","slug":"popcorn-ziarno-kukurydzy-bio-400-g-bio-planet","status":"publish","type":"product","link":"https:\/\/wiejskieprzysmaki.estima.site\/en\/product\/popcorn-ziarno-kukurydzy-bio-400-g-bio-planet\/","title":{"rendered":"POPCORN (ZIARNO KUKURYDZY) BIO 400 g &#8211; BIO PLANET"},"content":{"rendered":"<p>SK\u0141ADNIKI<br \/>ekologiczny popcorn (ziarno kukurydzy) 100 %.<\/p>\n<p>OPIS<br \/>Ekologiczny popcorn to wy\u015bmienita przek\u0105ska dla ca\u0142ej rodziny.<\/p>\n<p>SPOS\u00d3B PRZYGOTOWANIA<br \/>w celu upra\u017cenia ziaren nale\u017cy rozgrza\u0107 w rondlu olej ro\u015blinny (do sma\u017cenia), wrzuci\u0107 kilka ziaren kukurydzy, przykry\u0107 pokrywk\u0105. Popcorn jest gotowy do spo\u017cycia po ustaniu charakterystycznego &#8220;strzelania&#8221;. Gotowy mo\u017cna pola\u0107 roztopionym mas\u0142em i posoli\u0107. Najlepiej smakuje jeszcze ciep\u0142y, zaraz po upra\u017ceniu.<\/p>\n<p>Warto\u015b\u0107 od\u017cywcza \tw 100 g<br \/>Warto\u015b\u0107 energetyczna \t1714 kJ\/406 kcal<br \/>T\u0142uszcz \t4,3 g<br \/>w tym kwasy t\u0142uszczowe nasycone \t0,6 g<br \/>W\u0119glowodany \t75 g<br \/>w tym cukry \t0,9 g<br \/>B\u0142onnik \t13 g<br \/>Bia\u0142ko \t11 g<br \/>S\u00f3l \t0,02 g<\/p>\n<p>ZALECANE WARUNKI PRZECHOWYWANIA<br \/>Przechowywa\u0107 w suchym i ch\u0142odnym miejscu.<\/p>","protected":false},"excerpt":{"rendered":"<p>SK\u0141ADNIKIekologiczny popcorn (ziarno kukurydzy) 100 %. OPISEkologiczny popcorn to wy\u015bmienita przek\u0105ska dla ca\u0142ej rodziny. SPOS\u00d3B PRZYGOTOWANIAw celu upra\u017cenia ziaren nale\u017cy rozgrza\u0107 w rondlu olej ro\u015blinny (do sma\u017cenia), wrzuci\u0107 kilka ziaren kukurydzy, przykry\u0107 pokrywk\u0105. Popcorn jest gotowy do spo\u017cycia po ustaniu charakterystycznego &#8220;strzelania&#8221;. Gotowy mo\u017cna pola\u0107 roztopionym mas\u0142em i posoli\u0107. Najlepiej smakuje jeszcze ciep\u0142y, zaraz po [&hellip;]<\/p>","protected":false},"featured_media":551,"comment_status":"closed","ping_status":"open","template":"","meta":{"_acf_changed":false},"product_brand":[],"product_cat":[151],"product_tag":[],"class_list":{"0":"post-1551","1":"product","2":"type-product","3":"status-publish","4":"has-post-thumbnail","6":"product_cat-nasiona-i-ziarna","7":"pa_ean-matka-581","8":"pa_gwarancja-przydatnosci-311","9":"pa_ilosc-w-opakowaniu-298","10":"pa_jednostka-podstawowa-szt","11":"pa_kod-cn-1005-90-00","12":"pa_kraj-pochodzenia-skladnikow-turcja","13":"pa_masa-netto-268","14":"pa_objetosc-brutto-532","15":"pa_producent-bio-planet-seria-niebieska-ryze-kasze-ziarna","16":"pa_producent-nazwa-adres-bio-planet-s-a-wilkowa-wies-7-05-084-leszno","17":"pa_tagi-bez-cukru-w-skladnikach","18":"pa_tagi-bez-glutenu-w-skladnikach","19":"pa_tagi-certyfikat-bio","20":"pa_tagi-weganski","21":"pa_tagi-wegetarianski","23":"first","24":"instock","25":"taxable","26":"shipping-taxable","27":"purchasable","28":"product-type-simple"},"acf":[],"_links":{"self":[{"href":"https:\/\/wiejskieprzysmaki.estima.site\/en\/wp-json\/wp\/v2\/product\/1551","targetHints":{"allow":["GET"]}}],"collection":[{"href":"https:\/\/wiejskieprzysmaki.estima.site\/en\/wp-json\/wp\/v2\/product"}],"about":[{"href":"https:\/\/wiejskieprzysmaki.estima.site\/en\/wp-json\/wp\/v2\/types\/product"}],"replies":[{"embeddable":true,"href":"https:\/\/wiejskieprzysmaki.estima.site\/en\/wp-json\/wp\/v2\/comments?post=1551"}],"wp:featuredmedia":[{"embeddable":true,"href":"https:\/\/wiejskieprzysmaki.estima.site\/en\/wp-json\/wp\/v2\/media\/551"}],"wp:attachment":[{"href":"https:\/\/wiejskieprzysmaki.estima.site\/en\/wp-json\/wp\/v2\/media?parent=1551"}],"wp:term":[{"taxonomy":"product_brand","embeddable":true,"href":"https:\/\/wiejskieprzysmaki.estima.site\/en\/wp-json\/wp\/v2\/product_brand?post=1551"},{"taxonomy":"product_cat","embeddable":true,"href":"https:\/\/wiejskieprzysmaki.estima.site\/en\/wp-json\/wp\/v2\/product_cat?post=1551"},{"taxonomy":"product_tag","embeddable":true,"href":"https:\/\/wiejskieprzysmaki.estima.site\/en\/wp-json\/wp\/v2\/product_tag?post=1551"}],"curies":[{"name":"wp","href":"https:\/\/api.w.org\/{rel}","templated":true}]}}