{"id":1553,"date":"2025-02-18T10:37:27","date_gmt":"2025-02-18T09:37:27","guid":{"rendered":"https:\/\/wiejskieprzysmaki.estima.site\/produkt\/mix-straczkowych-bio-400-g-bio-planet\/"},"modified":"2025-02-18T10:37:34","modified_gmt":"2025-02-18T09:37:34","slug":"mix-straczkowych-bio-400-g-bio-planet","status":"publish","type":"product","link":"https:\/\/wiejskieprzysmaki.estima.site\/en\/product\/mix-straczkowych-bio-400-g-bio-planet\/","title":{"rendered":"MIX STR\u0104CZKOWYCH BIO 400 g &#8211; BIO PLANET"},"content":{"rendered":"<p>SK\u0141ADNIKI<br \/>fasolka czarna*, ciecierzyca*, soczewica br\u0105zowa*, soczewica czerwona*, fasolka Kidney*, fasolka Pinto*, fasolka bia\u0142a* (*certyfikowany sk\u0142adnik ekologiczny).\t<\/p>\n<p>OPIS<br \/>Mix ro\u015blin str\u0105czkowych to oryginalna mieszanka ekologicznych ziaren str\u0105czkowych.  Polecamy do zup, da\u0144 jednogarnkowych (doskona\u0142y z warzywami), pasztet\u00f3w i past.<\/p>\n<p>SPOS\u00d3B PRZYGOTOWANIA<br \/>Uprzednio namoczony co najmniej 12 godzin i przep\u0142ukany mix gotowa\u0107  w \u015bwie\u017cej, nieosolonej wodzie ok. 60 min. Posoli\u0107 pod koniec gotowania.<\/p>\n<p>WARTO\u015a\u0106 OD\u017bYWCZA W 100 g<br \/>Warto\u015b\u0107 energetyczna \t1386 kJ\/329 kcal<br \/>T\u0142uszcz \t2,3 g<br \/>w tym kwasy t\u0142uszczowe nasycone \t0,4 g<br \/>W\u0119glowodany \t46 g<br \/>w tym cukry \t3,8 g<br \/>B\u0142onnik \t16 g<br \/>Bia\u0142ko \t23 g<br \/>S\u00f3l \t0,03 g<\/p>\n<p>INFORMACJA ALERGENNA<br \/>Produkt mo\u017ce zawiera\u0107: ZBO\u017bA ZAWIERAJ\u0104CE GLUTEN, ORZESZKI ZIEMNE, ORZECHY, NASIONA SEZAMU, SOJ\u0118.\t<\/p>\n<p>ZALECANE WARUNKI PRZECHOWYWANIA<br \/>Przechowywa\u0107 w suchym i ch\u0142odnym miejscu.<\/p>","protected":false},"excerpt":{"rendered":"<p>SK\u0141ADNIKIfasolka czarna*, ciecierzyca*, soczewica br\u0105zowa*, soczewica czerwona*, fasolka Kidney*, fasolka Pinto*, fasolka bia\u0142a* (*certyfikowany sk\u0142adnik ekologiczny). OPISMix ro\u015blin str\u0105czkowych to oryginalna mieszanka ekologicznych ziaren str\u0105czkowych. Polecamy do zup, da\u0144 jednogarnkowych (doskona\u0142y z warzywami), pasztet\u00f3w i past. SPOS\u00d3B PRZYGOTOWANIAUprzednio namoczony co najmniej 12 godzin i przep\u0142ukany mix gotowa\u0107 w \u015bwie\u017cej, nieosolonej wodzie ok. 60 min. Posoli\u0107 [&hellip;]<\/p>","protected":false},"featured_media":1554,"comment_status":"closed","ping_status":"open","template":"","meta":{"_acf_changed":false},"product_brand":[],"product_cat":[316,315],"product_tag":[],"class_list":{"0":"post-1553","1":"product","2":"type-product","3":"status-publish","4":"has-post-thumbnail","6":"product_cat-suszone","7":"product_cat-warzywa-straczkowe","8":"pa_ean-matka-1627","9":"pa_gwarancja-przydatnosci-522","10":"pa_ilosc-w-opakowaniu-298","11":"pa_jednostka-podstawowa-szt","12":"pa_kod-cn-0713-90-00","13":"pa_kraj-pochodzenia-skladnikow-rolnictwo-ue-spoza-ue","14":"pa_masa-netto-268","15":"pa_objetosc-brutto-204","16":"pa_producent-bio-planet-seria-zielona-straczkowe","17":"pa_producent-nazwa-adres-bio-planet-s-a-wilkowa-wies-7-05-084-leszno","18":"pa_tagi-bez-cukru-w-skladnikach","19":"pa_tagi-bez-glutenu-w-skladnikach","20":"pa_tagi-certyfikat-bio","21":"pa_tagi-weganski","22":"pa_tagi-wegetarianski","24":"first","25":"instock","26":"taxable","27":"shipping-taxable","28":"purchasable","29":"product-type-simple"},"acf":[],"_links":{"self":[{"href":"https:\/\/wiejskieprzysmaki.estima.site\/en\/wp-json\/wp\/v2\/product\/1553","targetHints":{"allow":["GET"]}}],"collection":[{"href":"https:\/\/wiejskieprzysmaki.estima.site\/en\/wp-json\/wp\/v2\/product"}],"about":[{"href":"https:\/\/wiejskieprzysmaki.estima.site\/en\/wp-json\/wp\/v2\/types\/product"}],"replies":[{"embeddable":true,"href":"https:\/\/wiejskieprzysmaki.estima.site\/en\/wp-json\/wp\/v2\/comments?post=1553"}],"wp:featuredmedia":[{"embeddable":true,"href":"https:\/\/wiejskieprzysmaki.estima.site\/en\/wp-json\/wp\/v2\/media\/1554"}],"wp:attachment":[{"href":"https:\/\/wiejskieprzysmaki.estima.site\/en\/wp-json\/wp\/v2\/media?parent=1553"}],"wp:term":[{"taxonomy":"product_brand","embeddable":true,"href":"https:\/\/wiejskieprzysmaki.estima.site\/en\/wp-json\/wp\/v2\/product_brand?post=1553"},{"taxonomy":"product_cat","embeddable":true,"href":"https:\/\/wiejskieprzysmaki.estima.site\/en\/wp-json\/wp\/v2\/product_cat?post=1553"},{"taxonomy":"product_tag","embeddable":true,"href":"https:\/\/wiejskieprzysmaki.estima.site\/en\/wp-json\/wp\/v2\/product_tag?post=1553"}],"curies":[{"name":"wp","href":"https:\/\/api.w.org\/{rel}","templated":true}]}}