{"id":1557,"date":"2025-02-18T10:37:27","date_gmt":"2025-02-18T09:37:27","guid":{"rendered":"https:\/\/wiejskieprzysmaki.estima.site\/produkt\/olej-rzepakowy-virgin-omega-3-bio-750-ml-jules-brochenin\/"},"modified":"2025-02-18T10:37:36","modified_gmt":"2025-02-18T09:37:36","slug":"olej-rzepakowy-virgin-omega-3-bio-750-ml-jules-brochenin","status":"publish","type":"product","link":"https:\/\/wiejskieprzysmaki.estima.site\/en\/product\/olej-rzepakowy-virgin-omega-3-bio-750-ml-jules-brochenin\/","title":{"rendered":"OLEJ RZEPAKOWY VIRGIN OMEGA-3 BIO 750 ml &#8211; JULES BROCHENIN"},"content":{"rendered":"<p>SK\u0141ADNIKI<br \/>olej rzepakowy* t\u0142oczony na zimno. (*certyfikowany sk\u0142adnik ekologiczny)<\/p>\n<p>OPIS<br \/>Najwy\u017cszej jako\u015bci olej rzepakowy z pierwszego t\u0142oczenia na zimno, z wyselekcjonowanych ziaren pochodzenia ekologicznego. Mechaniczne t\u0142oczenie zapewnia zachowanie naturalnego smaku i aromatu. <br \/>Polecany jako dodatek do sa\u0142atek, sos\u00f3w, dressing\u00f3w. Dzi\u0119ki odporno\u015bci na wysokie temperatury (max 180 stopni Celsjusza), mo\u017ce by\u0107 wykorzystywany do sma\u017cenia i gotowania.<\/p>\n<p>WARTO\u015aC OD\u017bYWCZA W 100 g<br \/>Warto\u015b\u0107 energetyczna &#8211; 3700 kJ\/900 kcal  <br \/>T\u0142uszcz &#8211; 100 g  <br \/>w tym kwasy t\u0142uszczowe nasycone &#8211; 7,0 g  <br \/>w tym kwasy t\u0142uszczowe jednonienasycone &#8211; 62 g<br \/>w tym kwasy t\u0142uszczowe wielonienasycone &#8211; 31 g<br \/>W\u0119glowodany &#8211; 0 g  <br \/>w tym cukry &#8211; 0 g  <br \/>Bia\u0142ko &#8211; 0 g  <br \/>S\u00f3l &#8211; 0 g<br \/>Kwas alfa-linolenowy &#8211; 9,5 g<\/p>\n<p>ZALECANE WARUNKI PRZECHOWYWANIA<br \/>Przechowywa\u0107 w ch\u0142odnym i ciemnym miejscu<\/p>","protected":false},"excerpt":{"rendered":"<p>SK\u0141ADNIKIolej rzepakowy* t\u0142oczony na zimno. (*certyfikowany sk\u0142adnik ekologiczny) OPISNajwy\u017cszej jako\u015bci olej rzepakowy z pierwszego t\u0142oczenia na zimno, z wyselekcjonowanych ziaren pochodzenia ekologicznego. Mechaniczne t\u0142oczenie zapewnia zachowanie naturalnego smaku i aromatu. Polecany jako dodatek do sa\u0142atek, sos\u00f3w, dressing\u00f3w. Dzi\u0119ki odporno\u015bci na wysokie temperatury (max 180 stopni Celsjusza), mo\u017ce by\u0107 wykorzystywany do sma\u017cenia i gotowania. WARTO\u015aC OD\u017bYWCZA [&hellip;]<\/p>","protected":false},"featured_media":1558,"comment_status":"closed","ping_status":"open","template":"","meta":{"_acf_changed":false},"product_brand":[],"product_cat":[993,1073],"product_tag":[],"class_list":{"0":"post-1557","1":"product","2":"type-product","3":"status-publish","4":"has-post-thumbnail","6":"product_cat-oleje-i-oliwy","7":"product_cat-oleje-plynne","8":"pa_ean-matka-1632","9":"pa_gwarancja-przydatnosci-311","10":"pa_ilosc-w-opakowaniu-374","11":"pa_jednostka-podstawowa-szt","12":"pa_kod-cn-1514-11-90","13":"pa_kraj-pochodzenia-skladnikow-francja","14":"pa_objetosc-brutto-1629","15":"pa_objetosc-netto-450","16":"pa_producent-jules-brochenin-oleje-i-oliwy","17":"pa_producent-nazwa-adres-jules-brochenin-sa-le-grand-deves-route-de-nyons-bp-21-26790-tulette","18":"pa_tagi-bez-cukru-w-skladnikach","19":"pa_tagi-bez-glutenu-w-skladnikach","20":"pa_tagi-certyfikat-bio","21":"pa_tagi-weganski","22":"pa_tagi-wegetarianski","24":"first","25":"instock","26":"taxable","27":"shipping-taxable","28":"purchasable","29":"product-type-simple"},"acf":[],"_links":{"self":[{"href":"https:\/\/wiejskieprzysmaki.estima.site\/en\/wp-json\/wp\/v2\/product\/1557","targetHints":{"allow":["GET"]}}],"collection":[{"href":"https:\/\/wiejskieprzysmaki.estima.site\/en\/wp-json\/wp\/v2\/product"}],"about":[{"href":"https:\/\/wiejskieprzysmaki.estima.site\/en\/wp-json\/wp\/v2\/types\/product"}],"replies":[{"embeddable":true,"href":"https:\/\/wiejskieprzysmaki.estima.site\/en\/wp-json\/wp\/v2\/comments?post=1557"}],"wp:featuredmedia":[{"embeddable":true,"href":"https:\/\/wiejskieprzysmaki.estima.site\/en\/wp-json\/wp\/v2\/media\/1558"}],"wp:attachment":[{"href":"https:\/\/wiejskieprzysmaki.estima.site\/en\/wp-json\/wp\/v2\/media?parent=1557"}],"wp:term":[{"taxonomy":"product_brand","embeddable":true,"href":"https:\/\/wiejskieprzysmaki.estima.site\/en\/wp-json\/wp\/v2\/product_brand?post=1557"},{"taxonomy":"product_cat","embeddable":true,"href":"https:\/\/wiejskieprzysmaki.estima.site\/en\/wp-json\/wp\/v2\/product_cat?post=1557"},{"taxonomy":"product_tag","embeddable":true,"href":"https:\/\/wiejskieprzysmaki.estima.site\/en\/wp-json\/wp\/v2\/product_tag?post=1557"}],"curies":[{"name":"wp","href":"https:\/\/api.w.org\/{rel}","templated":true}]}}