{"id":1559,"date":"2025-02-18T10:37:27","date_gmt":"2025-02-18T09:37:27","guid":{"rendered":"https:\/\/wiejskieprzysmaki.estima.site\/produkt\/olej-slonecznikowy-virgin-bio-750-ml-jules-brochenin\/"},"modified":"2025-02-18T10:37:36","modified_gmt":"2025-02-18T09:37:36","slug":"olej-slonecznikowy-virgin-bio-750-ml-jules-brochenin","status":"publish","type":"product","link":"https:\/\/wiejskieprzysmaki.estima.site\/en\/product\/olej-slonecznikowy-virgin-bio-750-ml-jules-brochenin\/","title":{"rendered":"OLEJ S\u0141ONECZNIKOWY VIRGIN BIO 750 ml &#8211; JULES BROCHENIN"},"content":{"rendered":"<p>SK\u0141ADNIKI<br \/>olej s\u0142onecznikowy* t\u0142oczony na zimno. (*certyfikowany sk\u0142adnik ekologiczny)<\/p>\n<p>OPIS<br \/>Ekologiczny olej s\u0142onecznikowy, bogaty w wielonienasycone kwasy t\u0142uszczowe.<br \/>Polecany jako dodatek do sa\u0142atek, sos\u00f3w, domowego majonezu. Dzi\u0119ki odporno\u015bci na wysokie temperatury (max. 180 stopni Celsjusza), mo\u017ce by\u0107 wykorzystywany do sma\u017cenia i gotowania.<\/p>\n<p>WARTO\u015a\u0106 OD\u017bYWCZA W 100 g<br \/>Warto\u015b\u0107 energetyczna: 3700 kJ\/900 kcal  <br \/>T\u0142uszcz: 100 g  <br \/>w tym kwasy t\u0142uszczowe nasycone: 12 g  <br \/>w tym kwasy t\u0142uszczowe jednonienasycone: 27 g  <br \/>w tym kwasy t\u0142uszczowe wielonienasycone: 61 g  <br \/>W\u0119glowodany: 0 g  <br \/>w tym cukry: 0 g  <br \/>Bia\u0142ko: 0 g  <br \/>S\u00f3l: 0 g  <\/p>\n<p>ZALECANE WARUNKI PRZECHOWYWANIA<br \/>Przechowywa\u0107 w ch\u0142odnym i ciemnym miejscu<\/p>","protected":false},"excerpt":{"rendered":"<p>SK\u0141ADNIKIolej s\u0142onecznikowy* t\u0142oczony na zimno. (*certyfikowany sk\u0142adnik ekologiczny) OPISEkologiczny olej s\u0142onecznikowy, bogaty w wielonienasycone kwasy t\u0142uszczowe.Polecany jako dodatek do sa\u0142atek, sos\u00f3w, domowego majonezu. Dzi\u0119ki odporno\u015bci na wysokie temperatury (max. 180 stopni Celsjusza), mo\u017ce by\u0107 wykorzystywany do sma\u017cenia i gotowania. WARTO\u015a\u0106 OD\u017bYWCZA W 100 gWarto\u015b\u0107 energetyczna: 3700 kJ\/900 kcal T\u0142uszcz: 100 g w tym kwasy t\u0142uszczowe [&hellip;]<\/p>","protected":false},"featured_media":1560,"comment_status":"closed","ping_status":"open","template":"","meta":{"_acf_changed":false},"product_brand":[],"product_cat":[993,1073],"product_tag":[],"class_list":{"0":"post-1559","1":"product","2":"type-product","3":"status-publish","4":"has-post-thumbnail","6":"product_cat-oleje-i-oliwy","7":"product_cat-oleje-plynne","8":"pa_ean-matka-1633","9":"pa_gwarancja-przydatnosci-324","10":"pa_ilosc-w-opakowaniu-374","11":"pa_jednostka-podstawowa-szt","12":"pa_kod-cn-1512-19-90","13":"pa_kraj-pochodzenia-skladnikow-francja","14":"pa_objetosc-brutto-1629","15":"pa_objetosc-netto-450","16":"pa_producent-jules-brochenin-oleje-i-oliwy","17":"pa_producent-nazwa-adres-jules-brochenin-sa-le-grand-deves-route-de-nyons-bp-21-26790-tulette","18":"pa_tagi-bez-cukru-w-skladnikach","19":"pa_tagi-bez-glutenu-w-skladnikach","20":"pa_tagi-certyfikat-bio","21":"pa_tagi-weganski","22":"pa_tagi-wegetarianski","24":"first","25":"instock","26":"taxable","27":"shipping-taxable","28":"purchasable","29":"product-type-simple"},"acf":[],"_links":{"self":[{"href":"https:\/\/wiejskieprzysmaki.estima.site\/en\/wp-json\/wp\/v2\/product\/1559","targetHints":{"allow":["GET"]}}],"collection":[{"href":"https:\/\/wiejskieprzysmaki.estima.site\/en\/wp-json\/wp\/v2\/product"}],"about":[{"href":"https:\/\/wiejskieprzysmaki.estima.site\/en\/wp-json\/wp\/v2\/types\/product"}],"replies":[{"embeddable":true,"href":"https:\/\/wiejskieprzysmaki.estima.site\/en\/wp-json\/wp\/v2\/comments?post=1559"}],"wp:featuredmedia":[{"embeddable":true,"href":"https:\/\/wiejskieprzysmaki.estima.site\/en\/wp-json\/wp\/v2\/media\/1560"}],"wp:attachment":[{"href":"https:\/\/wiejskieprzysmaki.estima.site\/en\/wp-json\/wp\/v2\/media?parent=1559"}],"wp:term":[{"taxonomy":"product_brand","embeddable":true,"href":"https:\/\/wiejskieprzysmaki.estima.site\/en\/wp-json\/wp\/v2\/product_brand?post=1559"},{"taxonomy":"product_cat","embeddable":true,"href":"https:\/\/wiejskieprzysmaki.estima.site\/en\/wp-json\/wp\/v2\/product_cat?post=1559"},{"taxonomy":"product_tag","embeddable":true,"href":"https:\/\/wiejskieprzysmaki.estima.site\/en\/wp-json\/wp\/v2\/product_tag?post=1559"}],"curies":[{"name":"wp","href":"https:\/\/api.w.org\/{rel}","templated":true}]}}