{"id":1561,"date":"2025-02-18T10:37:27","date_gmt":"2025-02-18T09:37:27","guid":{"rendered":"https:\/\/wiejskieprzysmaki.estima.site\/produkt\/algi-morskie-suszone-dulse-bio-25-g-porto-muinos\/"},"modified":"2025-02-18T10:37:37","modified_gmt":"2025-02-18T09:37:37","slug":"algi-morskie-suszone-dulse-bio-25-g-porto-muinos","status":"publish","type":"product","link":"https:\/\/wiejskieprzysmaki.estima.site\/en\/product\/algi-morskie-suszone-dulse-bio-25-g-porto-muinos\/","title":{"rendered":"ALGI MORSKIE SUSZONE &#8211; DULSE BIO 25 g &#8211; PORTO MUINOS"},"content":{"rendered":"<p>SK\u0141ADNIKI<br \/>algi morskie dulse* (Palmaria Palmata) (*certyfikowany sk\u0142adnik ekologiczny)<\/p>\n<p>OPIS<br \/>Suszone w temperaturze poni\u017cej 42\u00b0C. Bia\u0142y nalot mo\u017ce wynika\u0107 z naturalnie wyst\u0119puj\u0105cej soli.<\/p>\n<p>SPOS\u00d3B PRZYGOTOWANIA<br \/>Namoczy\u0107 przez oko\u0142o 5 min. Po namoczeniu algi Dulse powi\u0119ksz\u0105 swoj\u0105 obj\u0119to\u015b\u0107 do 4 razy. Gotowa\u0107 wed\u0142ug uznania ok. 15 minut. Mo\u017cna te\u017c przygotowa\u0107 w piekarniku lub na patelni.<\/p>\n<p>WARTO\u015a\u0106 OD\u017bYWCZA W 100 g<br \/>Warto\u015b\u0107 energetyczna: 937 kJ\/224 kcal <br \/>T\u0142uszcz: 0,5 g  <br \/>w tym kwasy t\u0142uszczowe nasycone: 0,1 g  <br \/>W\u0119glowodany: 21 g  <br \/>w tym cukry: 0 g <br \/>B\u0142onnik: 31 g  <br \/>Bia\u0142ko: 18 g  <br \/>S\u00f3l: 4,4 g<\/p>\n<p>INFORMACJA ALERGENNA<br \/>Mo\u017ce zawiera\u0107 mi\u0119czaki, SKORUPIAKI i ryby.<\/p>\n<p>ZALECANE WARUNKI PRZECHOWYWANIA<br \/>Przechowywa\u0107 w suchym i ch\u0142odnym miejscu. Po otwarciu przechowywa\u0107 szczelnie zamkni\u0119te.  <\/p>","protected":false},"excerpt":{"rendered":"<p>SK\u0141ADNIKIalgi morskie dulse* (Palmaria Palmata) (*certyfikowany sk\u0142adnik ekologiczny) OPISSuszone w temperaturze poni\u017cej 42\u00b0C. Bia\u0142y nalot mo\u017ce wynika\u0107 z naturalnie wyst\u0119puj\u0105cej soli. SPOS\u00d3B PRZYGOTOWANIANamoczy\u0107 przez oko\u0142o 5 min. Po namoczeniu algi Dulse powi\u0119ksz\u0105 swoj\u0105 obj\u0119to\u015b\u0107 do 4 razy. Gotowa\u0107 wed\u0142ug uznania ok. 15 minut. Mo\u017cna te\u017c przygotowa\u0107 w piekarniku lub na patelni. WARTO\u015a\u0106 OD\u017bYWCZA W 100 [&hellip;]<\/p>","protected":false},"featured_media":1562,"comment_status":"closed","ping_status":"open","template":"","meta":{"_acf_changed":false},"product_brand":[],"product_cat":[787,180],"product_tag":[],"class_list":{"0":"post-1561","1":"product","2":"type-product","3":"status-publish","4":"has-post-thumbnail","6":"product_cat-suszone-warzywa-i-grzyby-przetworzone","7":"product_cat-warzywa-i-grzyby-przetworzone","8":"pa_ean-matka-1639","9":"pa_gwarancja-przydatnosci-1635","10":"pa_ilosc-w-opakowaniu-331","11":"pa_jednostka-podstawowa-szt","12":"pa_kod-cn-1212-21-00","13":"pa_kraj-pochodzenia-skladnikow-hiszpania","14":"pa_masa-netto-1124","15":"pa_objetosc-brutto-1637","16":"pa_producent-porto-muinos-algi-morskie","17":"pa_producent-nazwa-adres-porto-muinos-s-l-pol-o-acevedo-parcela-14-15185-cerceda","18":"pa_tagi-bez-cukru-w-skladnikach","19":"pa_tagi-bez-glutenu-w-skladnikach","20":"pa_tagi-certyfikat-bio","21":"pa_tagi-weganski","22":"pa_tagi-wegetarianski","24":"first","25":"instock","26":"taxable","27":"shipping-taxable","28":"purchasable","29":"product-type-simple"},"acf":[],"_links":{"self":[{"href":"https:\/\/wiejskieprzysmaki.estima.site\/en\/wp-json\/wp\/v2\/product\/1561","targetHints":{"allow":["GET"]}}],"collection":[{"href":"https:\/\/wiejskieprzysmaki.estima.site\/en\/wp-json\/wp\/v2\/product"}],"about":[{"href":"https:\/\/wiejskieprzysmaki.estima.site\/en\/wp-json\/wp\/v2\/types\/product"}],"replies":[{"embeddable":true,"href":"https:\/\/wiejskieprzysmaki.estima.site\/en\/wp-json\/wp\/v2\/comments?post=1561"}],"wp:featuredmedia":[{"embeddable":true,"href":"https:\/\/wiejskieprzysmaki.estima.site\/en\/wp-json\/wp\/v2\/media\/1562"}],"wp:attachment":[{"href":"https:\/\/wiejskieprzysmaki.estima.site\/en\/wp-json\/wp\/v2\/media?parent=1561"}],"wp:term":[{"taxonomy":"product_brand","embeddable":true,"href":"https:\/\/wiejskieprzysmaki.estima.site\/en\/wp-json\/wp\/v2\/product_brand?post=1561"},{"taxonomy":"product_cat","embeddable":true,"href":"https:\/\/wiejskieprzysmaki.estima.site\/en\/wp-json\/wp\/v2\/product_cat?post=1561"},{"taxonomy":"product_tag","embeddable":true,"href":"https:\/\/wiejskieprzysmaki.estima.site\/en\/wp-json\/wp\/v2\/product_tag?post=1561"}],"curies":[{"name":"wp","href":"https:\/\/api.w.org\/{rel}","templated":true}]}}