{"id":1571,"date":"2025-02-18T10:37:39","date_gmt":"2025-02-18T09:37:39","guid":{"rendered":"https:\/\/wiejskieprzysmaki.estima.site\/produkt\/platki-jaglane-bio-surowiec-20-kg\/"},"modified":"2025-02-18T10:37:42","modified_gmt":"2025-02-18T09:37:42","slug":"platki-jaglane-bio-surowiec-20-kg","status":"publish","type":"product","link":"https:\/\/wiejskieprzysmaki.estima.site\/en\/product\/platki-jaglane-bio-surowiec-20-kg\/","title":{"rendered":"P\u0141ATKI JAGLANE BIO (SUROWIEC) (20 kg)"},"content":{"rendered":"<p>SK\u0141ADNIKI<br \/>ekologiczne p\u0142atki jaglane 100 %. <\/p>\n<p>OPIS<br \/>Ekologiczne p\u0142atki jaglane uzyskuje si\u0119 z gniecionych ziaren prosa. P\u0142atki jaglane to doskona\u0142a propozycja na codzienne \u015bniadanie. Najlepiej smakuj\u0105 z dodatkiem jogurtu, napoju zbo\u017cowego oraz z owocami. <\/p>\n<p>SPOS\u00d3B PRZYGOTOWANIA<br \/>p\u0142atki gotowa\u0107 w proporcji 1:2 (1 porcja p\u0142atk\u00f3w na 2 porcje wody lub mleka)  na wolnym ogniu ok. 5 minut od czasu do czasu mieszaj\u0105c.   \t\t\t<\/p>\n<p>WARTO\u015a\u0106 OD\u017bYWCZA W 100 g<br \/>Warto\u015b\u0107 energetyczna \t1441 kJ\/340 kcal<br \/>T\u0142uszcz \t1,5 g<br \/>w tym kwasy t\u0142uszczowe nasycone \t0,8 g<br \/>W\u0119glowodany \t72 g<br \/>w tym cukry \t0,9 g<br \/>B\u0142onnik \t3,2 g<br \/>Bia\u0142ko \t8,0 g<br \/>S\u00f3l \t0,01 g<\/p>\n<p>ZALECANE WARUNKI PRZECHOWYWANIA<br \/>Przechowywa\u0107 w suchym i ch\u0142odnym miejscu.<\/p>","protected":false},"excerpt":{"rendered":"<p>SK\u0141ADNIKIekologiczne p\u0142atki jaglane 100 %. OPISEkologiczne p\u0142atki jaglane uzyskuje si\u0119 z gniecionych ziaren prosa. P\u0142atki jaglane to doskona\u0142a propozycja na codzienne \u015bniadanie. Najlepiej smakuj\u0105 z dodatkiem jogurtu, napoju zbo\u017cowego oraz z owocami. SPOS\u00d3B PRZYGOTOWANIAp\u0142atki gotowa\u0107 w proporcji 1:2 (1 porcja p\u0142atk\u00f3w na 2 porcje wody lub mleka) na wolnym ogniu ok. 5 minut od czasu [&hellip;]<\/p>","protected":false},"featured_media":1572,"comment_status":"closed","ping_status":"open","template":"","meta":{"_acf_changed":false},"product_brand":[],"product_cat":[796,265],"product_tag":[],"class_list":{"0":"post-1571","1":"product","2":"type-product","3":"status-publish","4":"has-post-thumbnail","6":"product_cat-platki","7":"product_cat-sniadaniowe","8":"pa_ean-matka-1646","9":"pa_gwarancja-przydatnosci-542","10":"pa_ilosc-w-opakowaniu-327","11":"pa_jednostka-podstawowa-kg","12":"pa_kod-cn-1104-19-99","13":"pa_kraj-pochodzenia-skladnikow-polska","14":"pa_masa-netto-209","15":"pa_producent-horeca-bio-surowce","16":"pa_producent-nazwa-adres-bio-planet-s-a-wilkowa-wies-7-05-084-leszno","17":"pa_tagi-bez-cukru-w-skladnikach","18":"pa_tagi-bez-glutenu-w-skladnikach","19":"pa_tagi-certyfikat-bio","20":"pa_tagi-weganski","21":"pa_tagi-wegetarianski","23":"first","24":"instock","25":"taxable","26":"shipping-taxable","27":"purchasable","28":"product-type-simple"},"acf":[],"_links":{"self":[{"href":"https:\/\/wiejskieprzysmaki.estima.site\/en\/wp-json\/wp\/v2\/product\/1571","targetHints":{"allow":["GET"]}}],"collection":[{"href":"https:\/\/wiejskieprzysmaki.estima.site\/en\/wp-json\/wp\/v2\/product"}],"about":[{"href":"https:\/\/wiejskieprzysmaki.estima.site\/en\/wp-json\/wp\/v2\/types\/product"}],"replies":[{"embeddable":true,"href":"https:\/\/wiejskieprzysmaki.estima.site\/en\/wp-json\/wp\/v2\/comments?post=1571"}],"wp:featuredmedia":[{"embeddable":true,"href":"https:\/\/wiejskieprzysmaki.estima.site\/en\/wp-json\/wp\/v2\/media\/1572"}],"wp:attachment":[{"href":"https:\/\/wiejskieprzysmaki.estima.site\/en\/wp-json\/wp\/v2\/media?parent=1571"}],"wp:term":[{"taxonomy":"product_brand","embeddable":true,"href":"https:\/\/wiejskieprzysmaki.estima.site\/en\/wp-json\/wp\/v2\/product_brand?post=1571"},{"taxonomy":"product_cat","embeddable":true,"href":"https:\/\/wiejskieprzysmaki.estima.site\/en\/wp-json\/wp\/v2\/product_cat?post=1571"},{"taxonomy":"product_tag","embeddable":true,"href":"https:\/\/wiejskieprzysmaki.estima.site\/en\/wp-json\/wp\/v2\/product_tag?post=1571"}],"curies":[{"name":"wp","href":"https:\/\/api.w.org\/{rel}","templated":true}]}}