{"id":1591,"date":"2025-02-18T10:37:39","date_gmt":"2025-02-18T09:37:39","guid":{"rendered":"https:\/\/wiejskieprzysmaki.estima.site\/produkt\/orzechy-wloskie-bio-100-g-bio-planet\/"},"modified":"2025-02-20T15:20:36","modified_gmt":"2025-02-20T14:20:36","slug":"orzechy-wloskie-bio-100-g-bio-planet","status":"publish","type":"product","link":"https:\/\/wiejskieprzysmaki.estima.site\/en\/product\/orzechy-wloskie-bio-100-g-bio-planet\/","title":{"rendered":"ORZECHY W\u0141OSKIE BIO 100 g &#8211; BIO PLANET"},"content":{"rendered":"<p>SK\u0141ADNIKI<br \/>ekologiczne ORZECHY W\u0141OSKIE 100 %.<\/p>\n<p>OPIS<br \/>Ekologiczne ORZECHY W\u0141OSKIE charakteryzuj\u0105 si\u0119 ciekawym s\u0142odko-gorzkim smakiem. Polecamy jako dodatek do sa\u0142atek (najlepiej lekko podpra\u017cone) lub jako samodzieln\u0105 przek\u0105sk\u0119.\t\t\t<\/p>\n<p>WARTO\u015a\u0106 OD\u017bYWCZA W 100 g<br \/>Warto\u015b\u0107 energetyczna \t2901 kJ\/702 kcal<br \/>T\u0142uszcz \t64 g<br \/>w tym kwasy t\u0142uszczowe nasycone \t5,0 g<br \/>W\u0119glowodany \t14 g<br \/>w tym cukry \t2,6 g<br \/>B\u0142onnik \t6,1 g<br \/>Bia\u0142ko \t15 g<br \/>S\u00f3l \t0 g<\/p>\n<p>INFORMACJA ALERGENNA<br \/>Produkt mo\u017ce zawiera\u0107 alergeny: ZBO\u017bA ZAWIERAJ\u0104CE GLUTEN, ORZESZKI ZIEMNE, inne ORZECHY, NASIONA SEZAMU, SOJ\u0118.<\/p>\n<p>ZALECANE WARUNKI PRZECHOWYWANIA<br \/>Przechowywa\u0107 w suchym i ch\u0142odnym miejscu.<\/p>","protected":false},"excerpt":{"rendered":"<p>SK\u0141ADNIKIekologiczne ORZECHY W\u0141OSKIE 100 %. OPISEkologiczne ORZECHY W\u0141OSKIE charakteryzuj\u0105 si\u0119 ciekawym s\u0142odko-gorzkim smakiem. Polecamy jako dodatek do sa\u0142atek (najlepiej lekko podpra\u017cone) lub jako samodzieln\u0105 przek\u0105sk\u0119. WARTO\u015a\u0106 OD\u017bYWCZA W 100 gWarto\u015b\u0107 energetyczna 2901 kJ\/702 kcalT\u0142uszcz 64 gw tym kwasy t\u0142uszczowe nasycone 5,0 gW\u0119glowodany 14 gw tym cukry 2,6 gB\u0142onnik 6,1 gBia\u0142ko 15 gS\u00f3l 0 g INFORMACJA [&hellip;]<\/p>","protected":false},"featured_media":1592,"comment_status":"closed","ping_status":"open","template":"","meta":{"_acf_changed":false},"product_brand":[],"product_cat":[830,810],"product_tag":[],"class_list":{"0":"post-1591","1":"product","2":"type-product","3":"status-publish","4":"has-post-thumbnail","6":"product_cat-orzechy-i-owoce-suszone","7":"product_cat-orzechy-kasztany-wiorki-kokosowe","8":"pa_ean-matka-932","9":"pa_ean-matka-1659","10":"pa_gwarancja-przydatnosci-324","11":"pa_ilosc-w-opakowaniu-298","12":"pa_jednostka-podstawowa-szt","13":"pa_kod-cn-0802-32-00","14":"pa_kraj-pochodzenia-skladnikow-ukraina","15":"pa_masa-netto-242","16":"pa_objetosc-brutto-201","17":"pa_producent-bio-planet-seria-brazowa-orzechy-i-pestki","18":"pa_producent-nazwa-adres-bio-planet-s-a-wilkowa-wies-7-05-084-leszno","19":"pa_tagi-bez-cukru-w-skladnikach","20":"pa_tagi-bez-glutenu-w-skladnikach","21":"pa_tagi-certyfikat-bio","22":"pa_tagi-weganski","23":"pa_tagi-wegetarianski","25":"first","26":"instock","27":"taxable","28":"shipping-taxable","29":"purchasable","30":"product-type-simple"},"acf":[],"_links":{"self":[{"href":"https:\/\/wiejskieprzysmaki.estima.site\/en\/wp-json\/wp\/v2\/product\/1591","targetHints":{"allow":["GET"]}}],"collection":[{"href":"https:\/\/wiejskieprzysmaki.estima.site\/en\/wp-json\/wp\/v2\/product"}],"about":[{"href":"https:\/\/wiejskieprzysmaki.estima.site\/en\/wp-json\/wp\/v2\/types\/product"}],"replies":[{"embeddable":true,"href":"https:\/\/wiejskieprzysmaki.estima.site\/en\/wp-json\/wp\/v2\/comments?post=1591"}],"wp:featuredmedia":[{"embeddable":true,"href":"https:\/\/wiejskieprzysmaki.estima.site\/en\/wp-json\/wp\/v2\/media\/1592"}],"wp:attachment":[{"href":"https:\/\/wiejskieprzysmaki.estima.site\/en\/wp-json\/wp\/v2\/media?parent=1591"}],"wp:term":[{"taxonomy":"product_brand","embeddable":true,"href":"https:\/\/wiejskieprzysmaki.estima.site\/en\/wp-json\/wp\/v2\/product_brand?post=1591"},{"taxonomy":"product_cat","embeddable":true,"href":"https:\/\/wiejskieprzysmaki.estima.site\/en\/wp-json\/wp\/v2\/product_cat?post=1591"},{"taxonomy":"product_tag","embeddable":true,"href":"https:\/\/wiejskieprzysmaki.estima.site\/en\/wp-json\/wp\/v2\/product_tag?post=1591"}],"curies":[{"name":"wp","href":"https:\/\/api.w.org\/{rel}","templated":true}]}}