{"id":1595,"date":"2025-02-18T10:37:39","date_gmt":"2025-02-18T09:37:39","guid":{"rendered":"https:\/\/wiejskieprzysmaki.estima.site\/produkt\/fasolka-biala-bio-400-g-bio-planet\/"},"modified":"2025-02-18T10:37:51","modified_gmt":"2025-02-18T09:37:51","slug":"fasolka-biala-bio-400-g-bio-planet","status":"publish","type":"product","link":"https:\/\/wiejskieprzysmaki.estima.site\/en\/product\/fasolka-biala-bio-400-g-bio-planet\/","title":{"rendered":"FASOLKA BIA\u0141A BIO 400 g &#8211; BIO PLANET"},"content":{"rendered":"<p>SK\u0141ADNIKI<br \/>ekologiczna fasolka bia\u0142a 100 %.<\/p>\n<p>OPIS<br \/>Ekologiczna fasolka bia\u0142a to znana i ch\u0119tnie stosowana ro\u015blina str\u0105czkowa. Jest doskona\u0142ym \u017ar\u00f3d\u0142em b\u0142onnika i bia\u0142ka ro\u015blinnego. Polecamy do zup, da\u0144 jednogarnkowych (doskona\u0142a z warzywami), pasztet\u00f3w i past.<\/p>\n<p>SPOS\u00d3B PRZYGOTOWANIA<br \/>Uprzednio namoczon\u0105 co najmniej 12 godzin i przep\u0142ukan\u0105 fasol\u0119 gotowa\u0107 do mi\u0119kko\u015bci w \u015bwie\u017cej, nieosolonej wodzie ok. 60 min. Fasol\u0119 solimy dopiero pod koniec gotowania.<\/p>\n<p>WARTO\u015a\u0106 OD\u017bYWCZA W 100 g<br \/>Warto\u015b\u0107 energetyczna: 1236 kJ \/ 294 kcal<br \/>T\u0142uszcz: 1,2 g<br \/>w tym kwasy t\u0142uszczowe nasycone: 0,3 g<br \/>W\u0119glowodany: 37 g<br \/> w tym cukry: 1,8 g<br \/>B\u0142onnik: 25 g<br \/>Bia\u0142ko: 21 g<br \/>S\u00f3l: 0,03 g<\/p>\n<p>ZALECANE WARUNKI PRZECHOWYWANIA<br \/>Przechowywa\u0107 w suchym i ch\u0142odnym miejscu.<\/p>","protected":false},"excerpt":{"rendered":"<p>SK\u0141ADNIKIekologiczna fasolka bia\u0142a 100 %. OPISEkologiczna fasolka bia\u0142a to znana i ch\u0119tnie stosowana ro\u015blina str\u0105czkowa. Jest doskona\u0142ym \u017ar\u00f3d\u0142em b\u0142onnika i bia\u0142ka ro\u015blinnego. Polecamy do zup, da\u0144 jednogarnkowych (doskona\u0142a z warzywami), pasztet\u00f3w i past. SPOS\u00d3B PRZYGOTOWANIAUprzednio namoczon\u0105 co najmniej 12 godzin i przep\u0142ukan\u0105 fasol\u0119 gotowa\u0107 do mi\u0119kko\u015bci w \u015bwie\u017cej, nieosolonej wodzie ok. 60 min. Fasol\u0119 solimy [&hellip;]<\/p>","protected":false},"featured_media":1596,"comment_status":"closed","ping_status":"open","template":"","meta":{"_acf_changed":false},"product_brand":[],"product_cat":[316,315],"product_tag":[],"class_list":{"0":"post-1595","1":"product","2":"type-product","3":"status-publish","4":"has-post-thumbnail","6":"product_cat-suszone","7":"product_cat-warzywa-straczkowe","8":"pa_ean-matka-1661","9":"pa_gwarancja-przydatnosci-311","10":"pa_ilosc-w-opakowaniu-298","11":"pa_jednostka-podstawowa-szt","12":"pa_kod-cn-0713-33-90","13":"pa_kraj-pochodzenia-skladnikow-polska","14":"pa_masa-netto-268","15":"pa_objetosc-brutto-221","16":"pa_producent-bio-planet-seria-zielona-straczkowe","17":"pa_producent-nazwa-adres-bio-planet-s-a-wilkowa-wies-7-05-084-leszno","18":"pa_tagi-bez-cukru-w-skladnikach","19":"pa_tagi-bez-glutenu-w-skladnikach","20":"pa_tagi-certyfikat-bio","21":"pa_tagi-weganski","22":"pa_tagi-wegetarianski","24":"first","25":"instock","26":"taxable","27":"shipping-taxable","28":"purchasable","29":"product-type-simple"},"acf":[],"_links":{"self":[{"href":"https:\/\/wiejskieprzysmaki.estima.site\/en\/wp-json\/wp\/v2\/product\/1595","targetHints":{"allow":["GET"]}}],"collection":[{"href":"https:\/\/wiejskieprzysmaki.estima.site\/en\/wp-json\/wp\/v2\/product"}],"about":[{"href":"https:\/\/wiejskieprzysmaki.estima.site\/en\/wp-json\/wp\/v2\/types\/product"}],"replies":[{"embeddable":true,"href":"https:\/\/wiejskieprzysmaki.estima.site\/en\/wp-json\/wp\/v2\/comments?post=1595"}],"wp:featuredmedia":[{"embeddable":true,"href":"https:\/\/wiejskieprzysmaki.estima.site\/en\/wp-json\/wp\/v2\/media\/1596"}],"wp:attachment":[{"href":"https:\/\/wiejskieprzysmaki.estima.site\/en\/wp-json\/wp\/v2\/media?parent=1595"}],"wp:term":[{"taxonomy":"product_brand","embeddable":true,"href":"https:\/\/wiejskieprzysmaki.estima.site\/en\/wp-json\/wp\/v2\/product_brand?post=1595"},{"taxonomy":"product_cat","embeddable":true,"href":"https:\/\/wiejskieprzysmaki.estima.site\/en\/wp-json\/wp\/v2\/product_cat?post=1595"},{"taxonomy":"product_tag","embeddable":true,"href":"https:\/\/wiejskieprzysmaki.estima.site\/en\/wp-json\/wp\/v2\/product_tag?post=1595"}],"curies":[{"name":"wp","href":"https:\/\/api.w.org\/{rel}","templated":true}]}}