{"id":1603,"date":"2025-02-18T10:37:54","date_gmt":"2025-02-18T09:37:54","guid":{"rendered":"https:\/\/wiejskieprzysmaki.estima.site\/produkt\/makaron-semolinowy-razowy-spaghetti-bio-500-g-alce-nero\/"},"modified":"2025-02-18T10:37:55","modified_gmt":"2025-02-18T09:37:55","slug":"makaron-semolinowy-razowy-spaghetti-bio-500-g-alce-nero","status":"publish","type":"product","link":"https:\/\/wiejskieprzysmaki.estima.site\/en\/product\/makaron-semolinowy-razowy-spaghetti-bio-500-g-alce-nero\/","title":{"rendered":"MAKARON (SEMOLINOWY RAZOWY) SPAGHETTI BIO 500 g &#8211; ALCE NERO"},"content":{"rendered":"<p>SK\u0141ADNIKI<br \/>m\u0105ka pe\u0142noziarnista z PSZENICY durum*, woda (*certyfikowany sk\u0142adnik ekologiczny)<\/p>\n<p>OPIS<br \/>Wy\u015bmienity makaron z ekologicznej m\u0105ki z PSZENICY durum z pe\u0142nego przemia\u0142u. Polecamy z sosami pomidorowymi Alce Nero.<\/p>\n<p>SPOS\u00d3B PRZYGOTOWANIA<br \/>Zagotowa\u0107 1,5 l wrz\u0105cej wody na 100 g makaronu, doda\u0107 10 g soli. Czas gotowania &#8216;al dente&#8217;: 11 min.<\/p>\n<p>WARTO\u015a\u0106 OD\u017bYWCZA W 100 g<br \/>Warto\u015b\u0107 energetyczna &#8211; 1453 kJ\/346 kcal  <br \/>T\u0142uszcz &#8211; 2,1 g  <br \/>w tym kwasy t\u0142uszczowe nasycone &#8211; 0,4 g  <br \/>W\u0119glowodany &#8211; 66 g  <br \/>w tym cukry &#8211; 3,2 g  <br \/>B\u0142onnik &#8211; 7,7 g  <br \/>Bia\u0142ko &#8211; 12 g  <br \/>S\u00f3l &#8211; 0 g<\/p>\n<p>INFORMACJA ALERGENNA<br \/>Mo\u017ce zawiera\u0107 inne ZBO\u017bA ZAWIERAJ\u0104CE GLUTEN, SOJ\u0118 i gorczyc\u0119.<\/p>\n<p>ZALECANE WARUNKI PRZECHOWYWANIA  <br \/>Przechowywa\u0107 w suchym i ch\u0142odnym miejscu.  <\/p>","protected":false},"excerpt":{"rendered":"<p>SK\u0141ADNIKIm\u0105ka pe\u0142noziarnista z PSZENICY durum*, woda (*certyfikowany sk\u0142adnik ekologiczny) OPISWy\u015bmienity makaron z ekologicznej m\u0105ki z PSZENICY durum z pe\u0142nego przemia\u0142u. Polecamy z sosami pomidorowymi Alce Nero. SPOS\u00d3B PRZYGOTOWANIAZagotowa\u0107 1,5 l wrz\u0105cej wody na 100 g makaronu, doda\u0107 10 g soli. Czas gotowania &#8216;al dente&#8217;: 11 min. WARTO\u015a\u0106 OD\u017bYWCZA W 100 gWarto\u015b\u0107 energetyczna &#8211; 1453 kJ\/346 [&hellip;]<\/p>","protected":false},"featured_media":1604,"comment_status":"closed","ping_status":"open","template":"","meta":{"_acf_changed":false},"product_brand":[],"product_cat":[1162,1246],"product_tag":[],"class_list":{"0":"post-1603","1":"product","2":"type-product","3":"status-publish","4":"has-post-thumbnail","6":"product_cat-makarony","7":"product_cat-zbozowe-z-glutenem","8":"pa_ean-matka-1665","9":"pa_gwarancja-przydatnosci-320","10":"pa_ilosc-w-opakowaniu-374","11":"pa_jednostka-podstawowa-szt","12":"pa_kod-cn-1902-19-10","13":"pa_kraj-pochodzenia-skladnikow-wlochy","14":"pa_masa-netto-347","15":"pa_objetosc-brutto-1610","16":"pa_producent-alce-nero-wloskie-produkty","17":"pa_producent-nazwa-adres-alce-nero-s-p-a-via-palazzetti-5c-40068-san-lazzaro-di-savena-bo","18":"pa_tagi-bez-cukru-w-skladnikach","19":"pa_tagi-certyfikat-bio","20":"pa_tagi-weganski","21":"pa_tagi-wegetarianski","23":"first","24":"instock","25":"taxable","26":"shipping-taxable","27":"purchasable","28":"product-type-simple"},"acf":[],"_links":{"self":[{"href":"https:\/\/wiejskieprzysmaki.estima.site\/en\/wp-json\/wp\/v2\/product\/1603","targetHints":{"allow":["GET"]}}],"collection":[{"href":"https:\/\/wiejskieprzysmaki.estima.site\/en\/wp-json\/wp\/v2\/product"}],"about":[{"href":"https:\/\/wiejskieprzysmaki.estima.site\/en\/wp-json\/wp\/v2\/types\/product"}],"replies":[{"embeddable":true,"href":"https:\/\/wiejskieprzysmaki.estima.site\/en\/wp-json\/wp\/v2\/comments?post=1603"}],"wp:featuredmedia":[{"embeddable":true,"href":"https:\/\/wiejskieprzysmaki.estima.site\/en\/wp-json\/wp\/v2\/media\/1604"}],"wp:attachment":[{"href":"https:\/\/wiejskieprzysmaki.estima.site\/en\/wp-json\/wp\/v2\/media?parent=1603"}],"wp:term":[{"taxonomy":"product_brand","embeddable":true,"href":"https:\/\/wiejskieprzysmaki.estima.site\/en\/wp-json\/wp\/v2\/product_brand?post=1603"},{"taxonomy":"product_cat","embeddable":true,"href":"https:\/\/wiejskieprzysmaki.estima.site\/en\/wp-json\/wp\/v2\/product_cat?post=1603"},{"taxonomy":"product_tag","embeddable":true,"href":"https:\/\/wiejskieprzysmaki.estima.site\/en\/wp-json\/wp\/v2\/product_tag?post=1603"}],"curies":[{"name":"wp","href":"https:\/\/api.w.org\/{rel}","templated":true}]}}