{"id":1611,"date":"2025-02-18T10:37:54","date_gmt":"2025-02-18T09:37:54","guid":{"rendered":"https:\/\/wiejskieprzysmaki.estima.site\/produkt\/pomidory-suszone-w-oliwie-bio-330-g-alce-nero\/"},"modified":"2025-02-18T10:37:57","modified_gmt":"2025-02-18T09:37:57","slug":"pomidory-suszone-w-oliwie-bio-330-g-alce-nero","status":"publish","type":"product","link":"https:\/\/wiejskieprzysmaki.estima.site\/en\/product\/pomidory-suszone-w-oliwie-bio-330-g-alce-nero\/","title":{"rendered":"POMIDORY SUSZONE W OLIWIE BIO 330 g &#8211; ALCE NERO"},"content":{"rendered":"<p>SK\u0141ADNIKI<br \/>suszone pomidory* (48 %), olej s\u0142onecznikowy* (36 %), oliwa z oliwek extra virgin* (12 %), ocet jab\u0142kowy*, s\u00f3l, cukier trzcinowy*, czosnek*, oregano* (0,05 %), pieprz*, pietruszka* (*certyfikowany sk\u0142adnik ekologiczny)<\/p>\n<p>OPIS<br \/>Ekologiczne suszone pomidory w oliwie. Stanowi\u0105 wy\u015bmienit\u0105 przek\u0105sk\u0119 lub dodatek do sa\u0142atek, sos\u00f3w i past pomidorowych.<\/p>\n<p>WARTO\u015a\u0106 OD\u017bYWCZA W 100g<br \/>Warto\u015b\u0107 energetyczna &#8211; 966 kJ\/230 kcal<br \/>T\u0142uszcz &#8211; 15 g<br \/>w tym kwasy t\u0142uszczowe nasycone &#8211; 1,9 g<br \/>W\u0119glowodany &#8211; 15 g<br \/>w tym cukry &#8211; 13 g<br \/>B\u0142onnik &#8211; 6,9 g<br \/>Bia\u0142ko &#8211; 5,4 g<br \/>S\u00f3l &#8211; 3,0 g<\/p>\n<p>ZALECANE WARUNKI PRZECHOWYWANIA<br \/>Po otwarciu przechowywa\u0107 w lod\u00f3wce.<\/p>","protected":false},"excerpt":{"rendered":"<p>SK\u0141ADNIKIsuszone pomidory* (48 %), olej s\u0142onecznikowy* (36 %), oliwa z oliwek extra virgin* (12 %), ocet jab\u0142kowy*, s\u00f3l, cukier trzcinowy*, czosnek*, oregano* (0,05 %), pieprz*, pietruszka* (*certyfikowany sk\u0142adnik ekologiczny) OPISEkologiczne suszone pomidory w oliwie. Stanowi\u0105 wy\u015bmienit\u0105 przek\u0105sk\u0119 lub dodatek do sa\u0142atek, sos\u00f3w i past pomidorowych. WARTO\u015a\u0106 OD\u017bYWCZA W 100gWarto\u015b\u0107 energetyczna &#8211; 966 kJ\/230 kcalT\u0142uszcz &#8211; [&hellip;]<\/p>","protected":false},"featured_media":1612,"comment_status":"closed","ping_status":"open","template":"","meta":{"_acf_changed":false},"product_brand":[],"product_cat":[1061,180],"product_tag":[],"class_list":{"0":"post-1611","1":"product","2":"type-product","3":"status-publish","4":"has-post-thumbnail","6":"product_cat-marynowane-kiszone","7":"product_cat-warzywa-i-grzyby-przetworzone","8":"pa_ean-matka-1671","9":"pa_gwarancja-przydatnosci-324","10":"pa_ilosc-w-opakowaniu-374","11":"pa_jednostka-podstawowa-szt","12":"pa_kod-cn-2002-10-90","13":"pa_kraj-pochodzenia-skladnikow-wlochy","14":"pa_masa-netto-1669","15":"pa_objetosc-brutto-1670","16":"pa_producent-alce-nero-wloskie-produkty","17":"pa_producent-nazwa-adres-alce-nero-s-p-a-via-palazzetti-5c-40068-san-lazzaro-di-savena-bo","18":"pa_tagi-bez-glutenu-w-skladnikach","19":"pa_tagi-certyfikat-bio","20":"pa_tagi-weganski","21":"pa_tagi-wegetarianski","23":"first","24":"instock","25":"taxable","26":"shipping-taxable","27":"purchasable","28":"product-type-simple"},"acf":[],"_links":{"self":[{"href":"https:\/\/wiejskieprzysmaki.estima.site\/en\/wp-json\/wp\/v2\/product\/1611","targetHints":{"allow":["GET"]}}],"collection":[{"href":"https:\/\/wiejskieprzysmaki.estima.site\/en\/wp-json\/wp\/v2\/product"}],"about":[{"href":"https:\/\/wiejskieprzysmaki.estima.site\/en\/wp-json\/wp\/v2\/types\/product"}],"replies":[{"embeddable":true,"href":"https:\/\/wiejskieprzysmaki.estima.site\/en\/wp-json\/wp\/v2\/comments?post=1611"}],"wp:featuredmedia":[{"embeddable":true,"href":"https:\/\/wiejskieprzysmaki.estima.site\/en\/wp-json\/wp\/v2\/media\/1612"}],"wp:attachment":[{"href":"https:\/\/wiejskieprzysmaki.estima.site\/en\/wp-json\/wp\/v2\/media?parent=1611"}],"wp:term":[{"taxonomy":"product_brand","embeddable":true,"href":"https:\/\/wiejskieprzysmaki.estima.site\/en\/wp-json\/wp\/v2\/product_brand?post=1611"},{"taxonomy":"product_cat","embeddable":true,"href":"https:\/\/wiejskieprzysmaki.estima.site\/en\/wp-json\/wp\/v2\/product_cat?post=1611"},{"taxonomy":"product_tag","embeddable":true,"href":"https:\/\/wiejskieprzysmaki.estima.site\/en\/wp-json\/wp\/v2\/product_tag?post=1611"}],"curies":[{"name":"wp","href":"https:\/\/api.w.org\/{rel}","templated":true}]}}