{"id":1615,"date":"2025-02-18T10:37:54","date_gmt":"2025-02-18T09:37:54","guid":{"rendered":"https:\/\/wiejskieprzysmaki.estima.site\/produkt\/herbata-zielona-matcha-japonska-bio-30-g-matcha-magic\/"},"modified":"2025-02-18T10:37:58","modified_gmt":"2025-02-18T09:37:58","slug":"herbata-zielona-matcha-japonska-bio-30-g-matcha-magic","status":"publish","type":"product","link":"https:\/\/wiejskieprzysmaki.estima.site\/en\/product\/herbata-zielona-matcha-japonska-bio-30-g-matcha-magic\/","title":{"rendered":"HERBATA ZIELONA MATCHA JAPO\u0143SKA BIO 30 g &#8211; MATCHA MAGIC"},"content":{"rendered":"<p>SK\u0141ADNIKI<br \/>zielona herbata matcha w proszku* 100 % (*certyfikowany sk\u0142adnik ekologiczny)<\/p>\n<p>SPOS\u00d3B PRZYGOTOWANIA<br \/>Do miski wsypa\u0107 1 g matchy, nast\u0119pnie wla\u0107 120 ml wody o temperaturze 80 \u00b0C i dok\u0142adnie wymiesza\u0107.  <\/p>\n<p>ZALECANE WARUNKI PRZECHOWYWANIA<br \/>Przechowywa\u0107 w suchym i ch\u0142odnym miejscu w szczelnie zamkni\u0119tym opakowaniu.<\/p>","protected":false},"excerpt":{"rendered":"<p>SK\u0141ADNIKIzielona herbata matcha w proszku* 100 % (*certyfikowany sk\u0142adnik ekologiczny) SPOS\u00d3B PRZYGOTOWANIADo miski wsypa\u0107 1 g matchy, nast\u0119pnie wla\u0107 120 ml wody o temperaturze 80 \u00b0C i dok\u0142adnie wymiesza\u0107. ZALECANE WARUNKI PRZECHOWYWANIAPrzechowywa\u0107 w suchym i ch\u0142odnym miejscu w szczelnie zamkni\u0119tym opakowaniu.<\/p>","protected":false},"featured_media":1616,"comment_status":"closed","ping_status":"open","template":"","meta":{"_acf_changed":false},"product_brand":[],"product_cat":[282,950],"product_tag":[],"class_list":{"0":"post-1615","1":"product","2":"type-product","3":"status-publish","4":"has-post-thumbnail","6":"product_cat-herbaty-i-ziola","7":"product_cat-zielone-w-tym-z-dodatkami","8":"pa_ean-matka-1677","9":"pa_gwarancja-przydatnosci-320","10":"pa_ilosc-w-opakowaniu-374","11":"pa_jednostka-podstawowa-szt","12":"pa_kod-cn-0902-10-00","13":"pa_kraj-pochodzenia-skladnikow-japonia","14":"pa_masa-netto-232","15":"pa_objetosc-brutto-1676","16":"pa_producent-matcha-magic-matcha-napoj-energetyzujacy","17":"pa_producent-nazwa-adres-zeekei-gmbh-otto-hahn-str-2-85609-dornach-bei-munchen","18":"pa_tagi-bez-cukru-w-skladnikach","19":"pa_tagi-bez-glutenu-w-skladnikach","20":"pa_tagi-certyfikat-bio","21":"pa_tagi-weganski","22":"pa_tagi-wegetarianski","24":"first","25":"instock","26":"taxable","27":"shipping-taxable","28":"purchasable","29":"product-type-simple"},"acf":[],"_links":{"self":[{"href":"https:\/\/wiejskieprzysmaki.estima.site\/en\/wp-json\/wp\/v2\/product\/1615","targetHints":{"allow":["GET"]}}],"collection":[{"href":"https:\/\/wiejskieprzysmaki.estima.site\/en\/wp-json\/wp\/v2\/product"}],"about":[{"href":"https:\/\/wiejskieprzysmaki.estima.site\/en\/wp-json\/wp\/v2\/types\/product"}],"replies":[{"embeddable":true,"href":"https:\/\/wiejskieprzysmaki.estima.site\/en\/wp-json\/wp\/v2\/comments?post=1615"}],"wp:featuredmedia":[{"embeddable":true,"href":"https:\/\/wiejskieprzysmaki.estima.site\/en\/wp-json\/wp\/v2\/media\/1616"}],"wp:attachment":[{"href":"https:\/\/wiejskieprzysmaki.estima.site\/en\/wp-json\/wp\/v2\/media?parent=1615"}],"wp:term":[{"taxonomy":"product_brand","embeddable":true,"href":"https:\/\/wiejskieprzysmaki.estima.site\/en\/wp-json\/wp\/v2\/product_brand?post=1615"},{"taxonomy":"product_cat","embeddable":true,"href":"https:\/\/wiejskieprzysmaki.estima.site\/en\/wp-json\/wp\/v2\/product_cat?post=1615"},{"taxonomy":"product_tag","embeddable":true,"href":"https:\/\/wiejskieprzysmaki.estima.site\/en\/wp-json\/wp\/v2\/product_tag?post=1615"}],"curies":[{"name":"wp","href":"https:\/\/api.w.org\/{rel}","templated":true}]}}