{"id":1629,"date":"2025-02-18T10:37:54","date_gmt":"2025-02-18T09:37:54","guid":{"rendered":"https:\/\/wiejskieprzysmaki.estima.site\/produkt\/oliwa-z-oliwek-extra-virgin-bio-1-l-levante\/"},"modified":"2025-02-18T10:38:02","modified_gmt":"2025-02-18T09:38:02","slug":"oliwa-z-oliwek-extra-virgin-bio-1-l-levante","status":"publish","type":"product","link":"https:\/\/wiejskieprzysmaki.estima.site\/en\/product\/oliwa-z-oliwek-extra-virgin-bio-1-l-levante\/","title":{"rendered":"OLIWA Z OLIWEK EXTRA VIRGIN BIO 1 L &#8211; LEVANTE"},"content":{"rendered":"<p>SK\u0141ADNIKI <br \/>oliwa z oliwek extra virgin*. (*certyfikowany sk\u0142adnik ekologiczny)<\/p>\n<p>OPIS<br \/>Najwy\u017csza kategoria oliwy z oliwek, uzyskana bezpo\u015brednio z oliwek i wy\u0142\u0105cznie za pomoc\u0105 \u015brodk\u00f3w mechanicznych. Oliwa z pierwszego t\u0142oczenia, na zimno.<br \/>Polecana do sa\u0142atek, da\u0144 gotowych, zimnych sos\u00f3w.<\/p>\n<p>WARTO\u015a\u0106 OD\u017bYWCZA W 100 ml<br \/>Warto\u015b\u0107 energetyczna &#8211; 3389 kJ\/824 kcal <br \/>T\u0142uszcz &#8211; 92 g <br \/>w tym kwasy t\u0142uszczowe nasycone &#8211; 13 g <br \/>W\u0119glowodany &#8211; 0 g <br \/>w tym cukry &#8211; 0 g <br \/>Bia\u0142ko &#8211; 0 g <br \/>S\u00f3l &#8211; 0 g<\/p>\n<p>ZALECANE WARUNKI PRZECHOWYWANIA<br \/>Przechowywa\u0107 w ch\u0142odnym miejscu, z dala od \u017ar\u00f3de\u0142 ciep\u0142a i bezpo\u015bredniego<br \/>\u015bwiat\u0142a s\u0142onecznego<\/p>","protected":false},"excerpt":{"rendered":"<p>SK\u0141ADNIKI oliwa z oliwek extra virgin*. (*certyfikowany sk\u0142adnik ekologiczny) OPISNajwy\u017csza kategoria oliwy z oliwek, uzyskana bezpo\u015brednio z oliwek i wy\u0142\u0105cznie za pomoc\u0105 \u015brodk\u00f3w mechanicznych. Oliwa z pierwszego t\u0142oczenia, na zimno.Polecana do sa\u0142atek, da\u0144 gotowych, zimnych sos\u00f3w. WARTO\u015a\u0106 OD\u017bYWCZA W 100 mlWarto\u015b\u0107 energetyczna &#8211; 3389 kJ\/824 kcal T\u0142uszcz &#8211; 92 g w tym kwasy t\u0142uszczowe nasycone [&hellip;]<\/p>","protected":false},"featured_media":1630,"comment_status":"closed","ping_status":"open","template":"","meta":{"_acf_changed":false},"product_brand":[],"product_cat":[993,1100],"product_tag":[],"class_list":{"0":"post-1629","1":"product","2":"type-product","3":"status-publish","4":"has-post-thumbnail","6":"product_cat-oleje-i-oliwy","7":"product_cat-oliwy","8":"pa_ean-matka-1689","9":"pa_gwarancja-przydatnosci-320","10":"pa_ilosc-w-opakowaniu-374","11":"pa_jednostka-podstawowa-szt","12":"pa_kod-cn-1509-20-00","13":"pa_kraj-pochodzenia-skladnikow-wlochy","14":"pa_objetosc-brutto-1688","15":"pa_objetosc-netto-858","16":"pa_producent-levante-oliwy-oleje","17":"pa_producent-nazwa-adres-olio-levante-s-r-l-via-barletta-km-20200-76123-andria","18":"pa_tagi-bez-cukru-w-skladnikach","19":"pa_tagi-bez-glutenu-w-skladnikach","20":"pa_tagi-certyfikat-bio","21":"pa_tagi-weganski","22":"pa_tagi-wegetarianski","24":"first","25":"instock","26":"taxable","27":"shipping-taxable","28":"purchasable","29":"product-type-simple"},"acf":[],"_links":{"self":[{"href":"https:\/\/wiejskieprzysmaki.estima.site\/en\/wp-json\/wp\/v2\/product\/1629","targetHints":{"allow":["GET"]}}],"collection":[{"href":"https:\/\/wiejskieprzysmaki.estima.site\/en\/wp-json\/wp\/v2\/product"}],"about":[{"href":"https:\/\/wiejskieprzysmaki.estima.site\/en\/wp-json\/wp\/v2\/types\/product"}],"replies":[{"embeddable":true,"href":"https:\/\/wiejskieprzysmaki.estima.site\/en\/wp-json\/wp\/v2\/comments?post=1629"}],"wp:featuredmedia":[{"embeddable":true,"href":"https:\/\/wiejskieprzysmaki.estima.site\/en\/wp-json\/wp\/v2\/media\/1630"}],"wp:attachment":[{"href":"https:\/\/wiejskieprzysmaki.estima.site\/en\/wp-json\/wp\/v2\/media?parent=1629"}],"wp:term":[{"taxonomy":"product_brand","embeddable":true,"href":"https:\/\/wiejskieprzysmaki.estima.site\/en\/wp-json\/wp\/v2\/product_brand?post=1629"},{"taxonomy":"product_cat","embeddable":true,"href":"https:\/\/wiejskieprzysmaki.estima.site\/en\/wp-json\/wp\/v2\/product_cat?post=1629"},{"taxonomy":"product_tag","embeddable":true,"href":"https:\/\/wiejskieprzysmaki.estima.site\/en\/wp-json\/wp\/v2\/product_tag?post=1629"}],"curies":[{"name":"wp","href":"https:\/\/api.w.org\/{rel}","templated":true}]}}