{"id":1635,"date":"2025-02-18T10:37:54","date_gmt":"2025-02-18T09:37:54","guid":{"rendered":"https:\/\/wiejskieprzysmaki.estima.site\/produkt\/sok-wielowarzywny-kiszony-nfc-bezglutenowy-bio-300-ml-bio-food\/"},"modified":"2025-02-18T10:38:05","modified_gmt":"2025-02-18T09:38:05","slug":"sok-wielowarzywny-kiszony-nfc-bezglutenowy-bio-300-ml-bio-food","status":"publish","type":"product","link":"https:\/\/wiejskieprzysmaki.estima.site\/en\/product\/sok-wielowarzywny-kiszony-nfc-bezglutenowy-bio-300-ml-bio-food\/","title":{"rendered":"SOK WIELOWARZYWNY KISZONY NFC BEZGLUTENOWY BIO 300 ml &#8211; BIO FOOD"},"content":{"rendered":"<p>SK\u0141ADNIKI  <br \/>sok z kiszonych: burak\u00f3w* (35 %), pomidor\u00f3w* (30 %), kapusty* (10 %), og\u00f3rk\u00f3w* (10 %), marchwi* (10 %), SELERA* (5 %), czosnek*, s\u00f3l (*certyfikowany sk\u0142adnik ekologiczny)<\/p>\n<p>OPIS  <br \/>Sok ten uzyskuje si\u0119 poprzez bezpo\u015brednie t\u0142oczenie soku z buraka i kapusty kwaszonych, jab\u0142ka, SELERa, marchwi oraz utrwalenie przez pasteryzacj\u0119.<\/p>\n<p>WARTO\u015a\u0106 OD\u017bYWCZA W 100 g  <br \/>Warto\u015b\u0107 energetyczna: 156 kJ\/37 kcal  <br \/>T\u0142uszcz: 0,5 g  <br \/>w tym kwasy t\u0142uszczowe nasycone: 0,1 g  <br \/>W\u0119glowodany: 6,0 g  <br \/>w tym cukry: 5,0 g  <br \/>Bia\u0142ko: 0,5 g  <br \/>S\u00f3l: 1,5 g  <\/p>\n<p>UWAGA<br \/>Przed spo\u017cyciem wstrz\u0105sn\u0105\u0107. Wyst\u0119puj\u0105cy osad tworz\u0105 naturalne sk\u0142adniki.<\/p>\n<p>ZALECANE WARUNKI PRZECHOWYWANIA<br \/>Przechowywa\u0107 w suchym i ch\u0142odnym miejscu. Po otwarciu przechowywa\u0107 w temperaturze 4\u00baC<\/p>","protected":false},"excerpt":{"rendered":"<p>SK\u0141ADNIKI sok z kiszonych: burak\u00f3w* (35 %), pomidor\u00f3w* (30 %), kapusty* (10 %), og\u00f3rk\u00f3w* (10 %), marchwi* (10 %), SELERA* (5 %), czosnek*, s\u00f3l (*certyfikowany sk\u0142adnik ekologiczny) OPIS Sok ten uzyskuje si\u0119 poprzez bezpo\u015brednie t\u0142oczenie soku z buraka i kapusty kwaszonych, jab\u0142ka, SELERa, marchwi oraz utrwalenie przez pasteryzacj\u0119. WARTO\u015a\u0106 OD\u017bYWCZA W 100 g Warto\u015b\u0107 energetyczna: [&hellip;]<\/p>","protected":false},"featured_media":1636,"comment_status":"closed","ping_status":"open","template":"","meta":{"_acf_changed":false},"product_brand":[],"product_cat":[134,863],"product_tag":[],"class_list":{"0":"post-1635","1":"product","2":"type-product","3":"status-publish","4":"has-post-thumbnail","6":"product_cat-napoje","7":"product_cat-soki-warzywne-warzywne-z-dodatkami-i-inne","8":"pa_ean-matka-1692","9":"pa_gwarancja-przydatnosci-979","10":"pa_ilosc-w-opakowaniu-298","11":"pa_jednostka-podstawowa-szt","12":"pa_kod-cn-2202-99-91","13":"pa_kraj-pochodzenia-skladnikow-polska","14":"pa_objetosc-brutto-1200","15":"pa_objetosc-netto-1198","16":"pa_producent-bio-food-soki-przetwory-octy-olej-kokosowy","17":"pa_producent-nazwa-adres-zywnosc-ekologiczna-bio-food-sp-z-o-o-zaklad-produkcyjny-ciechocin-ciechocin-32-87-408-ciechocin","18":"pa_tagi-bez-cukru-w-skladnikach","19":"pa_tagi-bez-glutenu-deklaracja","20":"pa_tagi-bez-glutenu-w-skladnikach","21":"pa_tagi-certyfikat-bio","22":"pa_tagi-weganski","23":"pa_tagi-wegetarianski","25":"first","26":"instock","27":"taxable","28":"shipping-taxable","29":"purchasable","30":"product-type-simple"},"acf":[],"_links":{"self":[{"href":"https:\/\/wiejskieprzysmaki.estima.site\/en\/wp-json\/wp\/v2\/product\/1635","targetHints":{"allow":["GET"]}}],"collection":[{"href":"https:\/\/wiejskieprzysmaki.estima.site\/en\/wp-json\/wp\/v2\/product"}],"about":[{"href":"https:\/\/wiejskieprzysmaki.estima.site\/en\/wp-json\/wp\/v2\/types\/product"}],"replies":[{"embeddable":true,"href":"https:\/\/wiejskieprzysmaki.estima.site\/en\/wp-json\/wp\/v2\/comments?post=1635"}],"wp:featuredmedia":[{"embeddable":true,"href":"https:\/\/wiejskieprzysmaki.estima.site\/en\/wp-json\/wp\/v2\/media\/1636"}],"wp:attachment":[{"href":"https:\/\/wiejskieprzysmaki.estima.site\/en\/wp-json\/wp\/v2\/media?parent=1635"}],"wp:term":[{"taxonomy":"product_brand","embeddable":true,"href":"https:\/\/wiejskieprzysmaki.estima.site\/en\/wp-json\/wp\/v2\/product_brand?post=1635"},{"taxonomy":"product_cat","embeddable":true,"href":"https:\/\/wiejskieprzysmaki.estima.site\/en\/wp-json\/wp\/v2\/product_cat?post=1635"},{"taxonomy":"product_tag","embeddable":true,"href":"https:\/\/wiejskieprzysmaki.estima.site\/en\/wp-json\/wp\/v2\/product_tag?post=1635"}],"curies":[{"name":"wp","href":"https:\/\/api.w.org\/{rel}","templated":true}]}}