{"id":1639,"date":"2025-02-18T10:37:54","date_gmt":"2025-02-18T09:37:54","guid":{"rendered":"https:\/\/wiejskieprzysmaki.estima.site\/produkt\/galaretki-owocowe-bez-zelatyny-bezglutenowe-bio-100-g-bio-planet\/"},"modified":"2025-02-18T10:38:06","modified_gmt":"2025-02-18T09:38:06","slug":"galaretki-owocowe-bez-zelatyny-bezglutenowe-bio-100-g-bio-planet","status":"publish","type":"product","link":"https:\/\/wiejskieprzysmaki.estima.site\/en\/product\/galaretki-owocowe-bez-zelatyny-bezglutenowe-bio-100-g-bio-planet\/","title":{"rendered":"GALARETKI OWOCOWE BEZ \u017bELATYNY BEZGLUTENOWE BIO 100 g &#8211; BIO PLANET"},"content":{"rendered":"<p>SK\u0141ADNIKI<br \/>cukier*, syrop glukozowy*, koncentraty sok\u00f3w owocowych* 2,85 % (cytrynowy* 1,1 %, jab\u0142kowy* 0,84 %, z czarnej porzeczki* 0,47 %, malinowy* 0,44 %), substancja \u017celuj\u0105ca: agar*, kwas: kwas cytrynowy, owocowe i ro\u015blinne wyci\u0105gi barwi\u0105ce (z dyni*, jab\u0142ek*, spiruliny*, krokosza barwierskiego*, bzu czarnego*), naturalne aromaty (cytrynowy, jab\u0142kowy, malinowy, z czarnej porzeczki) (*certyfikowany sk\u0142adnik ekologiczny)<\/p>\n<p>WARTO\u015a\u0106 OD\u017bYWCZA W 100 g<br \/>Warto\u015b\u0107 energetyczna 1450 kJ\/341 kcal<br \/>T\u0142uszcz 0 g<br \/>w tym kwasy t\u0142uszczowe nasycone 0 g<br \/>W\u0119glowodany 85 g<br \/>w tym cukry 72 g<br \/>Bia\u0142ko &lt;0,5 g<br \/>S\u00f3l 0,2 g<\/p>\n<p>ZALECANE WARUNKI PRZECHOWYWANIA<br \/>Przechowywa\u0107 w suchym i ch\u0142odnym miejscu.<\/p>","protected":false},"excerpt":{"rendered":"<p>SK\u0141ADNIKIcukier*, syrop glukozowy*, koncentraty sok\u00f3w owocowych* 2,85 % (cytrynowy* 1,1 %, jab\u0142kowy* 0,84 %, z czarnej porzeczki* 0,47 %, malinowy* 0,44 %), substancja \u017celuj\u0105ca: agar*, kwas: kwas cytrynowy, owocowe i ro\u015blinne wyci\u0105gi barwi\u0105ce (z dyni*, jab\u0142ek*, spiruliny*, krokosza barwierskiego*, bzu czarnego*), naturalne aromaty (cytrynowy, jab\u0142kowy, malinowy, z czarnej porzeczki) (*certyfikowany sk\u0142adnik ekologiczny) WARTO\u015a\u0106 OD\u017bYWCZA W [&hellip;]<\/p>","protected":false},"featured_media":1640,"comment_status":"closed","ping_status":"open","template":"","meta":{"_acf_changed":false},"product_brand":[],"product_cat":[1500,139],"product_tag":[],"class_list":{"0":"post-1639","1":"product","2":"type-product","3":"status-publish","4":"has-post-thumbnail","6":"product_cat-galaretki-zelki-slodycze-i-przekaski","7":"product_cat-slodycze-i-przekaski","8":"pa_ean-matka-1694","9":"pa_gwarancja-przydatnosci-320","10":"pa_ilosc-w-opakowaniu-298","11":"pa_jednostka-podstawowa-szt","12":"pa_kod-cn-1704-90-65","13":"pa_kraj-pochodzenia-skladnikow-rolnictwo-ue-spoza-ue","14":"pa_masa-netto-242","15":"pa_objetosc-brutto-201","16":"pa_producent-bio-planet-seria-for-kids","17":"pa_producent-nazwa-adres-bio-planet-s-a-wilkowa-wies-7-05-084-leszno","18":"pa_tagi-bez-glutenu-deklaracja","19":"pa_tagi-bez-glutenu-w-skladnikach","20":"pa_tagi-certyfikat-bio","21":"pa_tagi-weganski","22":"pa_tagi-wegetarianski","24":"first","25":"instock","26":"taxable","27":"shipping-taxable","28":"purchasable","29":"product-type-simple"},"acf":[],"_links":{"self":[{"href":"https:\/\/wiejskieprzysmaki.estima.site\/en\/wp-json\/wp\/v2\/product\/1639","targetHints":{"allow":["GET"]}}],"collection":[{"href":"https:\/\/wiejskieprzysmaki.estima.site\/en\/wp-json\/wp\/v2\/product"}],"about":[{"href":"https:\/\/wiejskieprzysmaki.estima.site\/en\/wp-json\/wp\/v2\/types\/product"}],"replies":[{"embeddable":true,"href":"https:\/\/wiejskieprzysmaki.estima.site\/en\/wp-json\/wp\/v2\/comments?post=1639"}],"wp:featuredmedia":[{"embeddable":true,"href":"https:\/\/wiejskieprzysmaki.estima.site\/en\/wp-json\/wp\/v2\/media\/1640"}],"wp:attachment":[{"href":"https:\/\/wiejskieprzysmaki.estima.site\/en\/wp-json\/wp\/v2\/media?parent=1639"}],"wp:term":[{"taxonomy":"product_brand","embeddable":true,"href":"https:\/\/wiejskieprzysmaki.estima.site\/en\/wp-json\/wp\/v2\/product_brand?post=1639"},{"taxonomy":"product_cat","embeddable":true,"href":"https:\/\/wiejskieprzysmaki.estima.site\/en\/wp-json\/wp\/v2\/product_cat?post=1639"},{"taxonomy":"product_tag","embeddable":true,"href":"https:\/\/wiejskieprzysmaki.estima.site\/en\/wp-json\/wp\/v2\/product_tag?post=1639"}],"curies":[{"name":"wp","href":"https:\/\/api.w.org\/{rel}","templated":true}]}}