{"id":1653,"date":"2025-02-18T10:38:08","date_gmt":"2025-02-18T09:38:08","guid":{"rendered":"https:\/\/wiejskieprzysmaki.estima.site\/produkt\/kawa-mielona-arabica-100-espresso-fair-trade-gorska-bio-250-g-alce-nero\/"},"modified":"2025-02-20T15:24:07","modified_gmt":"2025-02-20T14:24:07","slug":"kawa-mielona-arabica-100-espresso-fair-trade-gorska-bio-250-g-alce-nero","status":"publish","type":"product","link":"https:\/\/wiejskieprzysmaki.estima.site\/en\/product\/kawa-mielona-arabica-100-espresso-fair-trade-gorska-bio-250-g-alce-nero\/","title":{"rendered":"KAWA MIELONA ARABICA 100 % ESPRESSO FAIR TRADE G\u00d3RSKA BIO 250 g &#8211; ALCE NERO"},"content":{"rendered":"<p>SK\u0141ADNIKI<br \/>ekologiczna pra\u017cona i mielona kawa arabica.<\/p>\n<p>OPIS<br \/>Pakowano w atmosferze ochronnej.<\/p>\n<p>SPOS\u00d3B PRZYGOTOWANIA  <br \/>Do fili\u017canki wsypa\u0107 ok. 10 g kawy i zala\u0107 wrz\u0105c\u0105 wod\u0105. Kawa nadaje si\u0119 r\u00f3wnie\u017c do zaparzania w ekspresie.<\/p>\n<p>ZALECANE WARUNKI PRZECHOWYWANIA  <br \/>Przechowywa\u0107 w suchym i ch\u0142odnym miejscu. Po otwarciu przechowywa\u0107 w szczelnym pojemniku.<\/p>","protected":false},"excerpt":{"rendered":"<p>SK\u0141ADNIKIekologiczna pra\u017cona i mielona kawa arabica. OPISPakowano w atmosferze ochronnej. SPOS\u00d3B PRZYGOTOWANIA Do fili\u017canki wsypa\u0107 ok. 10 g kawy i zala\u0107 wrz\u0105c\u0105 wod\u0105. Kawa nadaje si\u0119 r\u00f3wnie\u017c do zaparzania w ekspresie. ZALECANE WARUNKI PRZECHOWYWANIA Przechowywa\u0107 w suchym i ch\u0142odnym miejscu. Po otwarciu przechowywa\u0107 w szczelnym pojemniku.<\/p>","protected":false},"featured_media":1654,"comment_status":"closed","ping_status":"open","template":"","meta":{"_acf_changed":false},"product_brand":[],"product_cat":[897],"product_tag":[],"class_list":{"0":"post-1653","1":"product","2":"type-product","3":"status-publish","4":"has-post-thumbnail","6":"product_cat-kawa-i-kakao","7":"pa_ean-matka-1706","8":"pa_gwarancja-przydatnosci-320","9":"pa_ilosc-w-opakowaniu-374","10":"pa_jednostka-podstawowa-szt","11":"pa_kod-cn-0901-21-00","12":"pa_kraj-pochodzenia-skladnikow-turcja","13":"pa_masa-netto-480","14":"pa_objetosc-brutto-1704","15":"pa_producent-alce-nero-wloskie-produkty","16":"pa_producent-nazwa-adres-alce-nero-s-p-a-via-palazzetti-5c-40068-san-lazzaro-di-savena-bo","17":"pa_tagi-bez-cukru-w-skladnikach","18":"pa_tagi-bez-glutenu-w-skladnikach","19":"pa_tagi-certyfikat-bio","20":"pa_tagi-weganski","21":"pa_tagi-wegetarianski","23":"first","24":"instock","25":"taxable","26":"shipping-taxable","27":"purchasable","28":"product-type-simple"},"acf":[],"_links":{"self":[{"href":"https:\/\/wiejskieprzysmaki.estima.site\/en\/wp-json\/wp\/v2\/product\/1653","targetHints":{"allow":["GET"]}}],"collection":[{"href":"https:\/\/wiejskieprzysmaki.estima.site\/en\/wp-json\/wp\/v2\/product"}],"about":[{"href":"https:\/\/wiejskieprzysmaki.estima.site\/en\/wp-json\/wp\/v2\/types\/product"}],"replies":[{"embeddable":true,"href":"https:\/\/wiejskieprzysmaki.estima.site\/en\/wp-json\/wp\/v2\/comments?post=1653"}],"wp:featuredmedia":[{"embeddable":true,"href":"https:\/\/wiejskieprzysmaki.estima.site\/en\/wp-json\/wp\/v2\/media\/1654"}],"wp:attachment":[{"href":"https:\/\/wiejskieprzysmaki.estima.site\/en\/wp-json\/wp\/v2\/media?parent=1653"}],"wp:term":[{"taxonomy":"product_brand","embeddable":true,"href":"https:\/\/wiejskieprzysmaki.estima.site\/en\/wp-json\/wp\/v2\/product_brand?post=1653"},{"taxonomy":"product_cat","embeddable":true,"href":"https:\/\/wiejskieprzysmaki.estima.site\/en\/wp-json\/wp\/v2\/product_cat?post=1653"},{"taxonomy":"product_tag","embeddable":true,"href":"https:\/\/wiejskieprzysmaki.estima.site\/en\/wp-json\/wp\/v2\/product_tag?post=1653"}],"curies":[{"name":"wp","href":"https:\/\/api.w.org\/{rel}","templated":true}]}}