{"id":1669,"date":"2025-02-18T10:38:08","date_gmt":"2025-02-18T09:38:08","guid":{"rendered":"https:\/\/wiejskieprzysmaki.estima.site\/produkt\/wafle-ryzowe-pelnoziarniste-bio-100-g-alce-nero\/"},"modified":"2025-02-18T10:38:15","modified_gmt":"2025-02-18T09:38:15","slug":"wafle-ryzowe-pelnoziarniste-bio-100-g-alce-nero","status":"publish","type":"product","link":"https:\/\/wiejskieprzysmaki.estima.site\/en\/product\/wafle-ryzowe-pelnoziarniste-bio-100-g-alce-nero\/","title":{"rendered":"WAFLE RY\u017bOWE PE\u0141NOZIARNISTE BIO 100 g &#8211; ALCE NERO"},"content":{"rendered":"<p>SK\u0141ADNIKI<br \/>ry\u017c pe\u0142noziarnisty* (*certyfikowany sk\u0142adnik ekologiczny)<\/p>\n<p>OPIS<br \/>Czterna\u015bcie ekologicznych wafli, wy\u0142\u0105cznie z pe\u0142noziarnistego ry\u017cu. Nie zawieraj\u0105 dodatku soli oraz cukru. Mog\u0105 stanowi\u0107 substytut konwencjonalnego chleba, czy s\u0142odkich przek\u0105sek. Aby wydoby\u0107 pe\u0142en aromat wafli ry\u017cowych, propunujemy podgrza\u0107 je w kuchence mikrofalowej lub piecyku przez kilka minut. Z dodatkiem pomidora oraz bazylii, b\u0119d\u0105 stanowi\u0107 wy\u015bmienity, lekko strawny i dietetyczny posi\u0142ek. <\/p>\n<p>WARTO\u015a\u0106 OD\u017bYWCZA W 100 g<br \/>Warto\u015b\u0107 energetyczna &#8211; 1626 kJ\/384 kcal<br \/>T\u0142uszcz &#8211; 1,9 g<br \/>w tym kwsy t\u0142uszczowe nasycone &#8211; 0,7 g<br \/>W\u0119glowodany &#8211; 82,4 g<br \/>w tym cukry &#8211; 0,4 g<br \/>Bia\u0142ko &#8211; 7,8 g<br \/>S\u00f3l &#8211; 0,0 g<\/p>\n<p>INFORMACJA ALERGENNA<br \/>Mo\u017ce zawiera\u0107 GLUTEN i nasiona SEZAMU.<\/p>\n<p>ZALECANE WARUNKI PRZECHOWYWANIA<br \/>Po otwarciu przechowywa\u0107 w suchym i ch\u0142odnym miejscu.<\/p>","protected":false},"excerpt":{"rendered":"<p>SK\u0141ADNIKIry\u017c pe\u0142noziarnisty* (*certyfikowany sk\u0142adnik ekologiczny) OPISCzterna\u015bcie ekologicznych wafli, wy\u0142\u0105cznie z pe\u0142noziarnistego ry\u017cu. Nie zawieraj\u0105 dodatku soli oraz cukru. Mog\u0105 stanowi\u0107 substytut konwencjonalnego chleba, czy s\u0142odkich przek\u0105sek. Aby wydoby\u0107 pe\u0142en aromat wafli ry\u017cowych, propunujemy podgrza\u0107 je w kuchence mikrofalowej lub piecyku przez kilka minut. Z dodatkiem pomidora oraz bazylii, b\u0119d\u0105 stanowi\u0107 wy\u015bmienity, lekko strawny i dietetyczny [&hellip;]<\/p>","protected":false},"featured_media":1670,"comment_status":"closed","ping_status":"open","template":"","meta":{"_acf_changed":false},"product_brand":[],"product_cat":[64,1079],"product_tag":[],"class_list":{"0":"post-1669","1":"product","2":"type-product","3":"status-publish","4":"has-post-thumbnail","6":"product_cat-pieczywo","7":"product_cat-pieczywo-chrupkie","8":"pa_ean-matka-1716","9":"pa_gwarancja-przydatnosci-311","10":"pa_ilosc-w-opakowaniu-374","11":"pa_jednostka-podstawowa-szt","12":"pa_kod-cn-1904-10-30","13":"pa_kraj-pochodzenia-skladnikow-wlochy","14":"pa_masa-netto-242","15":"pa_objetosc-brutto-1715","16":"pa_producent-alce-nero-wloskie-produkty","17":"pa_producent-nazwa-adres-alce-nero-s-p-a-via-palazzetti-5c-40068-san-lazzaro-di-savena-bo","18":"pa_tagi-bez-cukru-w-skladnikach","19":"pa_tagi-bez-glutenu-w-skladnikach","20":"pa_tagi-certyfikat-bio","21":"pa_tagi-weganski","22":"pa_tagi-wegetarianski","24":"first","25":"instock","26":"taxable","27":"shipping-taxable","28":"purchasable","29":"product-type-simple"},"acf":[],"_links":{"self":[{"href":"https:\/\/wiejskieprzysmaki.estima.site\/en\/wp-json\/wp\/v2\/product\/1669","targetHints":{"allow":["GET"]}}],"collection":[{"href":"https:\/\/wiejskieprzysmaki.estima.site\/en\/wp-json\/wp\/v2\/product"}],"about":[{"href":"https:\/\/wiejskieprzysmaki.estima.site\/en\/wp-json\/wp\/v2\/types\/product"}],"replies":[{"embeddable":true,"href":"https:\/\/wiejskieprzysmaki.estima.site\/en\/wp-json\/wp\/v2\/comments?post=1669"}],"wp:featuredmedia":[{"embeddable":true,"href":"https:\/\/wiejskieprzysmaki.estima.site\/en\/wp-json\/wp\/v2\/media\/1670"}],"wp:attachment":[{"href":"https:\/\/wiejskieprzysmaki.estima.site\/en\/wp-json\/wp\/v2\/media?parent=1669"}],"wp:term":[{"taxonomy":"product_brand","embeddable":true,"href":"https:\/\/wiejskieprzysmaki.estima.site\/en\/wp-json\/wp\/v2\/product_brand?post=1669"},{"taxonomy":"product_cat","embeddable":true,"href":"https:\/\/wiejskieprzysmaki.estima.site\/en\/wp-json\/wp\/v2\/product_cat?post=1669"},{"taxonomy":"product_tag","embeddable":true,"href":"https:\/\/wiejskieprzysmaki.estima.site\/en\/wp-json\/wp\/v2\/product_tag?post=1669"}],"curies":[{"name":"wp","href":"https:\/\/api.w.org\/{rel}","templated":true}]}}