{"id":1707,"date":"2025-02-18T10:38:20","date_gmt":"2025-02-18T09:38:20","guid":{"rendered":"https:\/\/wiejskieprzysmaki.estima.site\/produkt\/platki-owsiane-bio-300-g-bio-planet\/"},"modified":"2025-02-18T10:38:30","modified_gmt":"2025-02-18T09:38:30","slug":"platki-owsiane-bio-300-g-bio-planet","status":"publish","type":"product","link":"https:\/\/wiejskieprzysmaki.estima.site\/en\/product\/platki-owsiane-bio-300-g-bio-planet\/","title":{"rendered":"P\u0141ATKI OWSIANE BIO 300 g &#8211; BIO PLANET"},"content":{"rendered":"<p>SK\u0141ADNIKI<br \/>ekologiczne p\u0142atki OWSIANE 100 %.<\/p>\n<p>OPIS<br \/>Ekologiczne p\u0142atki OWSIANE uzyskuje si\u0119 z gniecionych ziaren owsa. P\u0142atki OWSIANE to doskona\u0142a propozycja na codzienne \u015bniadanie. Najlepiej smakuj\u0105 z dodatkiem jogurtu, napoju zbo\u017cowego oraz z owocami.<\/p>\n<p>SPOS\u00d3B PRZYGOTOWANIA<br \/>gotowa\u0107 w proporcji 1:2 (1 porcja p\u0142atk\u00f3w na 2 porcje wody lub mleka) na wolnym ogniu ok. 10 minut od czasu do czasu mieszaj\u0105c.<\/p>\n<p>WARTO\u015a\u0106 OD\u017bYWCZA W 100 g<br \/>Warto\u015b\u0107 energetyczna \t1561 kJ\/371 kcal<br \/>T\u0142uszcz \t6,7 g<br \/>w tym kwasy t\u0142uszczowe nasycone \t1,1 g<br \/>W\u0119glowodany \t60 g<br \/>w tym cukry \t0,8 g<br \/>B\u0142onnik \t9,7 g<br \/>Bia\u0142ko \t13 g<br \/>S\u00f3l \t0,01 g<\/p>\n<p>INFORMACJA ALERGENNA<br \/>Produkt mo\u017ce zawiera\u0107: ORZESZKI ZIEMNE, ORZECHY, NASIONA SEZAMU, SOJ\u0118.<\/p>\n<p>ZALECANE WARUNKI PRZECHOWYWANIA<br \/>Przechowywa\u0107 w suchym i ch\u0142odnym miejscu.<\/p>","protected":false},"excerpt":{"rendered":"<p>SK\u0141ADNIKIekologiczne p\u0142atki OWSIANE 100 %. OPISEkologiczne p\u0142atki OWSIANE uzyskuje si\u0119 z gniecionych ziaren owsa. P\u0142atki OWSIANE to doskona\u0142a propozycja na codzienne \u015bniadanie. Najlepiej smakuj\u0105 z dodatkiem jogurtu, napoju zbo\u017cowego oraz z owocami. SPOS\u00d3B PRZYGOTOWANIAgotowa\u0107 w proporcji 1:2 (1 porcja p\u0142atk\u00f3w na 2 porcje wody lub mleka) na wolnym ogniu ok. 10 minut od czasu do [&hellip;]<\/p>","protected":false},"featured_media":1708,"comment_status":"closed","ping_status":"open","template":"","meta":{"_acf_changed":false},"product_brand":[],"product_cat":[796,265],"product_tag":[],"class_list":{"0":"post-1707","1":"product","2":"type-product","3":"status-publish","4":"has-post-thumbnail","6":"product_cat-platki","7":"product_cat-sniadaniowe","8":"pa_ean-matka-981","9":"pa_gwarancja-przydatnosci-979","10":"pa_ilosc-w-opakowaniu-298","11":"pa_jednostka-podstawowa-szt","12":"pa_kod-cn-1104-12-90","13":"pa_kraj-pochodzenia-skladnikow-ukraina","14":"pa_masa-netto-207","15":"pa_objetosc-brutto-221","16":"pa_producent-bio-planet-seria-rozowa-platki-otreby-musli","17":"pa_producent-nazwa-adres-bio-planet-s-a-wilkowa-wies-7-05-084-leszno","18":"pa_tagi-bez-cukru-w-skladnikach","19":"pa_tagi-certyfikat-bio","20":"pa_tagi-weganski","21":"pa_tagi-wegetarianski","23":"first","24":"instock","25":"taxable","26":"shipping-taxable","27":"purchasable","28":"product-type-simple"},"acf":[],"_links":{"self":[{"href":"https:\/\/wiejskieprzysmaki.estima.site\/en\/wp-json\/wp\/v2\/product\/1707","targetHints":{"allow":["GET"]}}],"collection":[{"href":"https:\/\/wiejskieprzysmaki.estima.site\/en\/wp-json\/wp\/v2\/product"}],"about":[{"href":"https:\/\/wiejskieprzysmaki.estima.site\/en\/wp-json\/wp\/v2\/types\/product"}],"replies":[{"embeddable":true,"href":"https:\/\/wiejskieprzysmaki.estima.site\/en\/wp-json\/wp\/v2\/comments?post=1707"}],"wp:featuredmedia":[{"embeddable":true,"href":"https:\/\/wiejskieprzysmaki.estima.site\/en\/wp-json\/wp\/v2\/media\/1708"}],"wp:attachment":[{"href":"https:\/\/wiejskieprzysmaki.estima.site\/en\/wp-json\/wp\/v2\/media?parent=1707"}],"wp:term":[{"taxonomy":"product_brand","embeddable":true,"href":"https:\/\/wiejskieprzysmaki.estima.site\/en\/wp-json\/wp\/v2\/product_brand?post=1707"},{"taxonomy":"product_cat","embeddable":true,"href":"https:\/\/wiejskieprzysmaki.estima.site\/en\/wp-json\/wp\/v2\/product_cat?post=1707"},{"taxonomy":"product_tag","embeddable":true,"href":"https:\/\/wiejskieprzysmaki.estima.site\/en\/wp-json\/wp\/v2\/product_tag?post=1707"}],"curies":[{"name":"wp","href":"https:\/\/api.w.org\/{rel}","templated":true}]}}