{"id":1711,"date":"2025-02-18T10:38:20","date_gmt":"2025-02-18T09:38:20","guid":{"rendered":"https:\/\/wiejskieprzysmaki.estima.site\/produkt\/platki-migdalowe-bio-100-g-bio-planet\/"},"modified":"2025-02-20T15:20:35","modified_gmt":"2025-02-20T14:20:35","slug":"platki-migdalowe-bio-100-g-bio-planet","status":"publish","type":"product","link":"https:\/\/wiejskieprzysmaki.estima.site\/en\/product\/platki-migdalowe-bio-100-g-bio-planet\/","title":{"rendered":"P\u0141ATKI MIGDA\u0141OWE BIO 100 g &#8211; BIO PLANET"},"content":{"rendered":"<p>SK\u0141ADNIKI<br \/>ekologiczne p\u0142atki MIGDA\u0141OWE 100 %.<\/p>\n<p>OPIS<br \/>Ekologiczne p\u0142atki migda\u0142owe to doskona\u0142y produkt do spo\u017cywania pod ka\u017cd\u0105 postaci\u0105. Polecamy jako samodzieln\u0105 przek\u0105sk\u0119 w szkole lub w pracy, a tak\u017ce jako dodatek do wypiek\u00f3w, deser\u00f3w, musli, do porannej owsianki oraz likier\u00f3w i nalewek owocowych.<\/p>\n<p>UWAGA<br \/>W opakowaniu mog\u0105 znajdowa\u0107 si\u0119 \u015bladowe ilo\u015bci MIGDA\u0141\u00d3W gorzkich.\t<\/p>\n<p>Warto\u015b\u0107 energetyczna \t2508 kJ\/607 kcal<br \/>T\u0142uszcz \t53 g<br \/>w tym kwasy t\u0142uszczowe nasycone \t5,1 g<br \/>W\u0119glowodany \t3,9 g<br \/>w tym cukry \t3,5 g<br \/>B\u0142onnik \t13 g<br \/>Bia\u0142ko \t22 g<br \/>S\u00f3l \t0 g<\/p>\n<p>INFORMACJA ALERGENNA<br \/>Produkt mo\u017ce zawiera\u0107: ZBO\u017bA ZAWIERAJ\u0104CE GLUTEN, ORZESZKI ZIEMNE, INNE ORZECHY, NASIONA SEZAMU, SOJ\u0118.<\/p>\n<p>ZALECANE WARUNKI PRZECHOWYWANIA<br \/>Przechowywa\u0107 w suchym i ch\u0142odnym miejscu.<\/p>","protected":false},"excerpt":{"rendered":"<p>SK\u0141ADNIKIekologiczne p\u0142atki MIGDA\u0141OWE 100 %. OPISEkologiczne p\u0142atki migda\u0142owe to doskona\u0142y produkt do spo\u017cywania pod ka\u017cd\u0105 postaci\u0105. Polecamy jako samodzieln\u0105 przek\u0105sk\u0119 w szkole lub w pracy, a tak\u017ce jako dodatek do wypiek\u00f3w, deser\u00f3w, musli, do porannej owsianki oraz likier\u00f3w i nalewek owocowych. UWAGAW opakowaniu mog\u0105 znajdowa\u0107 si\u0119 \u015bladowe ilo\u015bci MIGDA\u0141\u00d3W gorzkich. Warto\u015b\u0107 energetyczna 2508 kJ\/607 kcalT\u0142uszcz [&hellip;]<\/p>","protected":false},"featured_media":1712,"comment_status":"closed","ping_status":"open","template":"","meta":{"_acf_changed":false},"product_brand":[],"product_cat":[830,810],"product_tag":[],"class_list":{"0":"post-1711","1":"product","2":"type-product","3":"status-publish","4":"has-post-thumbnail","6":"product_cat-orzechy-i-owoce-suszone","7":"product_cat-orzechy-kasztany-wiorki-kokosowe","8":"pa_ean-matka-1739","9":"pa_ean-matka-1740","10":"pa_gwarancja-przydatnosci-324","11":"pa_ilosc-w-opakowaniu-298","12":"pa_jednostka-podstawowa-szt","13":"pa_kod-cn-0802-12-90","14":"pa_kraj-pochodzenia-skladnikow-hiszpania","15":"pa_masa-netto-242","16":"pa_objetosc-brutto-201","17":"pa_producent-bio-planet-seria-brazowa-orzechy-i-pestki","18":"pa_producent-nazwa-adres-bio-planet-s-a-wilkowa-wies-7-05-084-leszno","19":"pa_tagi-bez-cukru-w-skladnikach","20":"pa_tagi-bez-glutenu-w-skladnikach","21":"pa_tagi-certyfikat-bio","22":"pa_tagi-weganski","23":"pa_tagi-wegetarianski","25":"first","26":"instock","27":"taxable","28":"shipping-taxable","29":"purchasable","30":"product-type-simple"},"acf":[],"_links":{"self":[{"href":"https:\/\/wiejskieprzysmaki.estima.site\/en\/wp-json\/wp\/v2\/product\/1711","targetHints":{"allow":["GET"]}}],"collection":[{"href":"https:\/\/wiejskieprzysmaki.estima.site\/en\/wp-json\/wp\/v2\/product"}],"about":[{"href":"https:\/\/wiejskieprzysmaki.estima.site\/en\/wp-json\/wp\/v2\/types\/product"}],"replies":[{"embeddable":true,"href":"https:\/\/wiejskieprzysmaki.estima.site\/en\/wp-json\/wp\/v2\/comments?post=1711"}],"wp:featuredmedia":[{"embeddable":true,"href":"https:\/\/wiejskieprzysmaki.estima.site\/en\/wp-json\/wp\/v2\/media\/1712"}],"wp:attachment":[{"href":"https:\/\/wiejskieprzysmaki.estima.site\/en\/wp-json\/wp\/v2\/media?parent=1711"}],"wp:term":[{"taxonomy":"product_brand","embeddable":true,"href":"https:\/\/wiejskieprzysmaki.estima.site\/en\/wp-json\/wp\/v2\/product_brand?post=1711"},{"taxonomy":"product_cat","embeddable":true,"href":"https:\/\/wiejskieprzysmaki.estima.site\/en\/wp-json\/wp\/v2\/product_cat?post=1711"},{"taxonomy":"product_tag","embeddable":true,"href":"https:\/\/wiejskieprzysmaki.estima.site\/en\/wp-json\/wp\/v2\/product_tag?post=1711"}],"curies":[{"name":"wp","href":"https:\/\/api.w.org\/{rel}","templated":true}]}}