{"id":1713,"date":"2025-02-18T10:38:20","date_gmt":"2025-02-18T09:38:20","guid":{"rendered":"https:\/\/wiejskieprzysmaki.estima.site\/produkt\/herbatka-lisc-moringi-bio-80-g-dary-natury\/"},"modified":"2025-02-18T10:38:33","modified_gmt":"2025-02-18T09:38:33","slug":"herbatka-lisc-moringi-bio-80-g-dary-natury","status":"publish","type":"product","link":"https:\/\/wiejskieprzysmaki.estima.site\/en\/product\/herbatka-lisc-moringi-bio-80-g-dary-natury\/","title":{"rendered":"HERBATKA LI\u015a\u0106 MORINGI BIO 80 g &#8211; DARY NATURY"},"content":{"rendered":"<p>SK\u0141ADNIKI  <br \/>moringa li\u015b\u0107* 100 % (*certyfikowany sk\u0142adnik ekologiczny)<\/p>\n<p>SPOS\u00d3B PRZECHOWYWANIA<br \/>1 \u0142y\u017ceczk\u0119 ci\u0119tych li\u015bci zala\u0107 szklank\u0105 gor\u0105cej wody i pozostawi\u0107 pod przykryciem na ok. 10-15 minut do zaparzenia.<\/p>\n<p>ZALECANE WARUNKI PRZECHOWYWANIA<br \/>Przechowywa\u0107 w suchym miejscu.<\/p>","protected":false},"excerpt":{"rendered":"<p>SK\u0141ADNIKI moringa li\u015b\u0107* 100 % (*certyfikowany sk\u0142adnik ekologiczny) SPOS\u00d3B PRZECHOWYWANIA1 \u0142y\u017ceczk\u0119 ci\u0119tych li\u015bci zala\u0107 szklank\u0105 gor\u0105cej wody i pozostawi\u0107 pod przykryciem na ok. 10-15 minut do zaparzenia. ZALECANE WARUNKI PRZECHOWYWANIAPrzechowywa\u0107 w suchym miejscu.<\/p>","protected":false},"featured_media":1714,"comment_status":"closed","ping_status":"open","template":"","meta":{"_acf_changed":false},"product_brand":[],"product_cat":[282,283],"product_tag":[],"class_list":{"0":"post-1713","1":"product","2":"type-product","3":"status-publish","4":"has-post-thumbnail","6":"product_cat-herbaty-i-ziola","7":"product_cat-ziolowe-owocowe-jednorodne","8":"pa_ean-matka-1741","9":"pa_gwarancja-przydatnosci-320","10":"pa_ilosc-w-opakowaniu-327","11":"pa_jednostka-podstawowa-szt","12":"pa_kod-cn-1211-90-86","13":"pa_kraj-pochodzenia-skladnikow-egipt","14":"pa_masa-netto-1271","15":"pa_objetosc-brutto-210","16":"pa_producent-dary-natury-herbatki","17":"pa_producent-nazwa-adres-miroslaw-angielczyk-dary-natury-koryciny-73-17-315-grodzisk","18":"pa_tagi-bez-cukru-w-skladnikach","19":"pa_tagi-bez-glutenu-w-skladnikach","20":"pa_tagi-certyfikat-bio","21":"pa_tagi-weganski","22":"pa_tagi-wegetarianski","24":"first","25":"instock","26":"taxable","27":"shipping-taxable","28":"purchasable","29":"product-type-simple"},"acf":[],"_links":{"self":[{"href":"https:\/\/wiejskieprzysmaki.estima.site\/en\/wp-json\/wp\/v2\/product\/1713","targetHints":{"allow":["GET"]}}],"collection":[{"href":"https:\/\/wiejskieprzysmaki.estima.site\/en\/wp-json\/wp\/v2\/product"}],"about":[{"href":"https:\/\/wiejskieprzysmaki.estima.site\/en\/wp-json\/wp\/v2\/types\/product"}],"replies":[{"embeddable":true,"href":"https:\/\/wiejskieprzysmaki.estima.site\/en\/wp-json\/wp\/v2\/comments?post=1713"}],"wp:featuredmedia":[{"embeddable":true,"href":"https:\/\/wiejskieprzysmaki.estima.site\/en\/wp-json\/wp\/v2\/media\/1714"}],"wp:attachment":[{"href":"https:\/\/wiejskieprzysmaki.estima.site\/en\/wp-json\/wp\/v2\/media?parent=1713"}],"wp:term":[{"taxonomy":"product_brand","embeddable":true,"href":"https:\/\/wiejskieprzysmaki.estima.site\/en\/wp-json\/wp\/v2\/product_brand?post=1713"},{"taxonomy":"product_cat","embeddable":true,"href":"https:\/\/wiejskieprzysmaki.estima.site\/en\/wp-json\/wp\/v2\/product_cat?post=1713"},{"taxonomy":"product_tag","embeddable":true,"href":"https:\/\/wiejskieprzysmaki.estima.site\/en\/wp-json\/wp\/v2\/product_tag?post=1713"}],"curies":[{"name":"wp","href":"https:\/\/api.w.org\/{rel}","templated":true}]}}