{"id":1715,"date":"2025-02-18T10:38:20","date_gmt":"2025-02-18T09:38:20","guid":{"rendered":"https:\/\/wiejskieprzysmaki.estima.site\/produkt\/orzechy-nerkowca-bio-75-g-biominki\/"},"modified":"2025-02-20T15:20:35","modified_gmt":"2025-02-20T14:20:35","slug":"orzechy-nerkowca-bio-75-g-biominki","status":"publish","type":"product","link":"https:\/\/wiejskieprzysmaki.estima.site\/en\/product\/orzechy-nerkowca-bio-75-g-biominki\/","title":{"rendered":"ORZECHY NERKOWCA BIO 75 g &#8211; BIOMINKI"},"content":{"rendered":"<p>SK\u0141ADNIKI<br \/>ekologiczne ORZECHY NERKOWCA 100 %.<\/p>\n<p>OPIS<br \/>Ekologiczne ORZECHY NERKOWCA charakteryzuj\u0105 si\u0119 delikatnym, lekko s\u0142odkim smakiem. Stanowi\u0105 po\u017cywn\u0105 przek\u0105sk\u0119, a tak\u017ce ciekawy dodatek do duszonych lub pieczonych warzyw, ciast, deser\u00f3w i sa\u0142atek. \t\t\t<\/p>\n<p>WARTO\u015a\u0106 OD\u017bYWCZA W 100 g<br \/>Warto\u015b\u0107 energetyczna \t2554 kJ\/616 kcal<br \/>T\u0142uszcz \t49 g<br \/>w tym kwasy t\u0142uszczowe nasycone \t8,4 g<br \/>W\u0119glowodany \t21 g<br \/>w tym cukry \t5,0 g<br \/>B\u0142onnik \t3,8 g<br \/>Bia\u0142ko \t21 g<br \/>S\u00f3l \t0,02 g<\/p>\n<p>INFORMACJA ALERGENNA<br \/>Produkt mo\u017ce zawiera\u0107: ZBO\u017bA ZAWIERAJ\u0104CE GLUTEN, ORZESZKI ZIEMNE, INNE ORZECHY, NASIONA SEZAMU, SOJ\u0118.<\/p>\n<p>ZALECANE WARUNKI PRZECHOWYWANIA<br \/>Przechowywa\u0107 w suchym i ch\u0142odnym miejscu.<\/p>","protected":false},"excerpt":{"rendered":"<p>SK\u0141ADNIKIekologiczne ORZECHY NERKOWCA 100 %. OPISEkologiczne ORZECHY NERKOWCA charakteryzuj\u0105 si\u0119 delikatnym, lekko s\u0142odkim smakiem. Stanowi\u0105 po\u017cywn\u0105 przek\u0105sk\u0119, a tak\u017ce ciekawy dodatek do duszonych lub pieczonych warzyw, ciast, deser\u00f3w i sa\u0142atek. WARTO\u015a\u0106 OD\u017bYWCZA W 100 gWarto\u015b\u0107 energetyczna 2554 kJ\/616 kcalT\u0142uszcz 49 gw tym kwasy t\u0142uszczowe nasycone 8,4 gW\u0119glowodany 21 gw tym cukry 5,0 gB\u0142onnik 3,8 gBia\u0142ko [&hellip;]<\/p>","protected":false},"featured_media":1716,"comment_status":"closed","ping_status":"open","template":"","meta":{"_acf_changed":false},"product_brand":[],"product_cat":[830,810],"product_tag":[],"class_list":{"0":"post-1715","1":"product","2":"type-product","3":"status-publish","4":"has-post-thumbnail","6":"product_cat-orzechy-i-owoce-suszone","7":"product_cat-orzechy-kasztany-wiorki-kokosowe","8":"pa_ean-matka-1743","9":"pa_ean-matka-1600","10":"pa_gwarancja-przydatnosci-320","11":"pa_ilosc-w-opakowaniu-298","12":"pa_jednostka-podstawowa-szt","13":"pa_kod-cn-0801-32-00","14":"pa_kraj-pochodzenia-skladnikow-wietnam","15":"pa_masa-netto-1377","16":"pa_objetosc-brutto-201","17":"pa_producent-biominki-przekaski-dla-dzieci-kaszki","18":"pa_producent-nazwa-adres-bio-planet-s-a-wilkowa-wies-7-05-084-leszno","19":"pa_tagi-bez-cukru-w-skladnikach","20":"pa_tagi-bez-glutenu-w-skladnikach","21":"pa_tagi-certyfikat-bio","22":"pa_tagi-weganski","23":"pa_tagi-wegetarianski","25":"first","26":"instock","27":"taxable","28":"shipping-taxable","29":"purchasable","30":"product-type-simple"},"acf":[],"_links":{"self":[{"href":"https:\/\/wiejskieprzysmaki.estima.site\/en\/wp-json\/wp\/v2\/product\/1715","targetHints":{"allow":["GET"]}}],"collection":[{"href":"https:\/\/wiejskieprzysmaki.estima.site\/en\/wp-json\/wp\/v2\/product"}],"about":[{"href":"https:\/\/wiejskieprzysmaki.estima.site\/en\/wp-json\/wp\/v2\/types\/product"}],"replies":[{"embeddable":true,"href":"https:\/\/wiejskieprzysmaki.estima.site\/en\/wp-json\/wp\/v2\/comments?post=1715"}],"wp:featuredmedia":[{"embeddable":true,"href":"https:\/\/wiejskieprzysmaki.estima.site\/en\/wp-json\/wp\/v2\/media\/1716"}],"wp:attachment":[{"href":"https:\/\/wiejskieprzysmaki.estima.site\/en\/wp-json\/wp\/v2\/media?parent=1715"}],"wp:term":[{"taxonomy":"product_brand","embeddable":true,"href":"https:\/\/wiejskieprzysmaki.estima.site\/en\/wp-json\/wp\/v2\/product_brand?post=1715"},{"taxonomy":"product_cat","embeddable":true,"href":"https:\/\/wiejskieprzysmaki.estima.site\/en\/wp-json\/wp\/v2\/product_cat?post=1715"},{"taxonomy":"product_tag","embeddable":true,"href":"https:\/\/wiejskieprzysmaki.estima.site\/en\/wp-json\/wp\/v2\/product_tag?post=1715"}],"curies":[{"name":"wp","href":"https:\/\/api.w.org\/{rel}","templated":true}]}}