{"id":1717,"date":"2025-02-18T10:38:20","date_gmt":"2025-02-18T09:38:20","guid":{"rendered":"https:\/\/wiejskieprzysmaki.estima.site\/produkt\/sos-pomidorowy-z-warzywami-verdure-bio-350-g-alce-nero\/"},"modified":"2025-02-18T10:38:35","modified_gmt":"2025-02-18T09:38:35","slug":"sos-pomidorowy-z-warzywami-verdure-bio-350-g-alce-nero","status":"publish","type":"product","link":"https:\/\/wiejskieprzysmaki.estima.site\/en\/product\/sos-pomidorowy-z-warzywami-verdure-bio-350-g-alce-nero\/","title":{"rendered":"SOS POMIDOROWY Z WARZYWAMI (VERDURE) BIO 350 g &#8211; ALCE NERO"},"content":{"rendered":"<p>SK\u0141ADNIKI<br \/>pomidory* (52 %) (przecier pomidorowy*, pulpa pomidorowa*, podw\u00f3jnie skoncentrowana pasta pomidorowa*), cukinia* (13 %), woda, bak\u0142a\u017can* (9 %), marchew* (4 %), cebula* (3 %), oliwa z oliwek extra virgin* (3 %), SELER* (2 %), cukier trzcinowy*, s\u00f3l, bazylia*. (*certyfikowany sk\u0142adnik ekologiczny)<\/p>\n<p>OPIS<br \/>Ekologiczny sos pomidorowy Verdure z dodatkiem klasycznych warzyw, takich jak: marchew, cebula, SELER. Sos Verdura jest potraw\u0105 gotow\u0105 do spo\u017cycia. Wystarczy go jedynie podgrza\u0107 i doda\u0107 do makaronu.<\/p>\n<p>WARTO\u015a\u0106 OD\u017bYWCZA W 100 g<br \/>Warto\u015b\u0107 energetyczna &#8211; 260 kJ\/62 kcal  <br \/>T\u0142uszcz &#8211; 3,1 g  <br \/>w tym kwasy t\u0142uszczowe nasycone &#8211; 0,5 g  <br \/>W\u0119glowodany &#8211;  6,0 g  <br \/>w tym cukry &#8211; 5,4 g  <br \/>B\u0142onnik &#8211; 2,1 g  <br \/>Bia\u0142ko &#8211; 1,4 g  <br \/>S\u00f3l &#8211; 1,1 g<\/p>\n<p>ZALECANE WARUNKI PRZECHOWYWANIA<br \/>Po otwarciu przechowywa\u0107 w lod\u00f3wce i spo\u017cy\u0107 w ci\u0105gu 3-4 dni.  <\/p>","protected":false},"excerpt":{"rendered":"<p>SK\u0141ADNIKIpomidory* (52 %) (przecier pomidorowy*, pulpa pomidorowa*, podw\u00f3jnie skoncentrowana pasta pomidorowa*), cukinia* (13 %), woda, bak\u0142a\u017can* (9 %), marchew* (4 %), cebula* (3 %), oliwa z oliwek extra virgin* (3 %), SELER* (2 %), cukier trzcinowy*, s\u00f3l, bazylia*. (*certyfikowany sk\u0142adnik ekologiczny) OPISEkologiczny sos pomidorowy Verdure z dodatkiem klasycznych warzyw, takich jak: marchew, cebula, SELER. Sos [&hellip;]<\/p>","protected":false},"featured_media":1718,"comment_status":"closed","ping_status":"open","template":"","meta":{"_acf_changed":false},"product_brand":[],"product_cat":[95,94],"product_tag":[],"class_list":{"0":"post-1717","1":"product","2":"type-product","3":"status-publish","4":"has-post-thumbnail","6":"product_cat-ketchupy-koncentraty-sosy-pomidorowe","7":"product_cat-sosy","8":"pa_ean-matka-1745","9":"pa_gwarancja-przydatnosci-979","10":"pa_ilosc-w-opakowaniu-374","11":"pa_jednostka-podstawowa-szt","12":"pa_kod-cn-2103-20-00","13":"pa_kraj-pochodzenia-skladnikow-turcja","14":"pa_masa-netto-203","15":"pa_objetosc-brutto-1744","16":"pa_producent-alce-nero-wloskie-produkty","17":"pa_producent-nazwa-adres-alce-nero-s-p-a-via-palazzetti-5c-40068-san-lazzaro-di-savena-bo","18":"pa_tagi-bez-glutenu-w-skladnikach","19":"pa_tagi-certyfikat-bio","20":"pa_tagi-weganski","21":"pa_tagi-wegetarianski","23":"first","24":"instock","25":"taxable","26":"shipping-taxable","27":"purchasable","28":"product-type-simple"},"acf":[],"_links":{"self":[{"href":"https:\/\/wiejskieprzysmaki.estima.site\/en\/wp-json\/wp\/v2\/product\/1717","targetHints":{"allow":["GET"]}}],"collection":[{"href":"https:\/\/wiejskieprzysmaki.estima.site\/en\/wp-json\/wp\/v2\/product"}],"about":[{"href":"https:\/\/wiejskieprzysmaki.estima.site\/en\/wp-json\/wp\/v2\/types\/product"}],"replies":[{"embeddable":true,"href":"https:\/\/wiejskieprzysmaki.estima.site\/en\/wp-json\/wp\/v2\/comments?post=1717"}],"wp:featuredmedia":[{"embeddable":true,"href":"https:\/\/wiejskieprzysmaki.estima.site\/en\/wp-json\/wp\/v2\/media\/1718"}],"wp:attachment":[{"href":"https:\/\/wiejskieprzysmaki.estima.site\/en\/wp-json\/wp\/v2\/media?parent=1717"}],"wp:term":[{"taxonomy":"product_brand","embeddable":true,"href":"https:\/\/wiejskieprzysmaki.estima.site\/en\/wp-json\/wp\/v2\/product_brand?post=1717"},{"taxonomy":"product_cat","embeddable":true,"href":"https:\/\/wiejskieprzysmaki.estima.site\/en\/wp-json\/wp\/v2\/product_cat?post=1717"},{"taxonomy":"product_tag","embeddable":true,"href":"https:\/\/wiejskieprzysmaki.estima.site\/en\/wp-json\/wp\/v2\/product_tag?post=1717"}],"curies":[{"name":"wp","href":"https:\/\/api.w.org\/{rel}","templated":true}]}}