{"id":1725,"date":"2025-02-18T10:38:38","date_gmt":"2025-02-18T09:38:38","guid":{"rendered":"https:\/\/wiejskieprzysmaki.estima.site\/produkt\/wezyki-owocowe-bez-zelatyny-bezglutenowe-bio-100-g-biominki\/"},"modified":"2025-02-18T10:38:39","modified_gmt":"2025-02-18T09:38:39","slug":"wezyki-owocowe-bez-zelatyny-bezglutenowe-bio-100-g-biominki","status":"publish","type":"product","link":"https:\/\/wiejskieprzysmaki.estima.site\/en\/product\/wezyki-owocowe-bez-zelatyny-bezglutenowe-bio-100-g-biominki\/","title":{"rendered":"W\u0118\u017bYKI OWOCOWE BEZ \u017bELATYNY BEZGLUTENOWE BIO 100 g &#8211; BIOMINKI"},"content":{"rendered":"<p>SK\u0141ADNIKI<br \/>cukier*, syrop glukozowy*, skrobia kukurydziana*, kwasy: kwas cytrynowy, kwas mlekowy, kwas jab\u0142kowy, koncentraty sok\u00f3w owocowych* (wi\u015bniowy* 0,52 %, ananasowy* 0,52 %, jab\u0142kowy* 0,26 %, pomara\u0144czowy* 0,26 %), regulatory kwasowo\u015bci: cytryniany wapnia i cytryniany sodu, owocowe i ro\u015blinne wyci\u0105gi barwi\u0105ce (z bzu czarnego*, dyni*, jab\u0142ek*, marchwi*, spiruliny*, krokosza barwierskiego*), naturalne aromaty (wi\u015bni, ananasa, jab\u0142ka, pomara\u0144czy), pektyna (*certyfikowany sk\u0142adnik ekologiczny)<\/p>\n<p>OPIS<br \/>Ekologiczne owocowe w\u0119\u017cyki stanowi\u0105 wy\u015bmienit\u0105 przek\u0105sk\u0119 dla dzieci w szkole, w domu i na spacerze!<\/p>\n<p>WARTO\u015a\u0106 OD\u017bYWCZA W 100 g<br \/>Warto\u015b\u0107 energetyczna &#8211; 1439 kJ \/ 339 kcal <br \/>T\u0142uszcz &#8211; 0,1 g,<br \/>w tym kwasy t\u0142uszczowe nasycone &#8211; 0,1 g <br \/>W\u0119glowodany &#8211; 84 g,<br \/>w tym cukry &#8211; 56 g <br \/>B\u0142onnik &#8211; 0,3 g <br \/>Bia\u0142ko &#8211; 0,3 g <br \/>S\u00f3l &#8211; 0,2 g <\/p>\n<p>ZALECANE WARUNKI PRZECHOWYWANIA<br \/>Przechowywa\u0107 w suchym i ch\u0142odnym miejscu.<\/p>","protected":false},"excerpt":{"rendered":"<p>SK\u0141ADNIKIcukier*, syrop glukozowy*, skrobia kukurydziana*, kwasy: kwas cytrynowy, kwas mlekowy, kwas jab\u0142kowy, koncentraty sok\u00f3w owocowych* (wi\u015bniowy* 0,52 %, ananasowy* 0,52 %, jab\u0142kowy* 0,26 %, pomara\u0144czowy* 0,26 %), regulatory kwasowo\u015bci: cytryniany wapnia i cytryniany sodu, owocowe i ro\u015blinne wyci\u0105gi barwi\u0105ce (z bzu czarnego*, dyni*, jab\u0142ek*, marchwi*, spiruliny*, krokosza barwierskiego*), naturalne aromaty (wi\u015bni, ananasa, jab\u0142ka, pomara\u0144czy), pektyna [&hellip;]<\/p>","protected":false},"featured_media":1726,"comment_status":"closed","ping_status":"open","template":"","meta":{"_acf_changed":false},"product_brand":[],"product_cat":[1500,139],"product_tag":[],"class_list":{"0":"post-1725","1":"product","2":"type-product","3":"status-publish","4":"has-post-thumbnail","6":"product_cat-galaretki-zelki-slodycze-i-przekaski","7":"product_cat-slodycze-i-przekaski","8":"pa_ean-matka-1750","9":"pa_gwarancja-przydatnosci-522","10":"pa_ilosc-w-opakowaniu-298","11":"pa_jednostka-podstawowa-szt","12":"pa_kod-cn-1704-90-65","13":"pa_kraj-pochodzenia-skladnikow-rolnictwo-ue-spoza-ue","14":"pa_masa-netto-242","15":"pa_objetosc-brutto-201","16":"pa_producent-biominki-przekaski-dla-dzieci-kaszki","17":"pa_producent-nazwa-adres-bio-planet-s-a-wilkowa-wies-7-05-084-leszno","18":"pa_tagi-bez-glutenu-deklaracja","19":"pa_tagi-bez-glutenu-w-skladnikach","20":"pa_tagi-certyfikat-bio","21":"pa_tagi-weganski","22":"pa_tagi-wegetarianski","24":"first","25":"instock","26":"taxable","27":"shipping-taxable","28":"purchasable","29":"product-type-simple"},"acf":[],"_links":{"self":[{"href":"https:\/\/wiejskieprzysmaki.estima.site\/en\/wp-json\/wp\/v2\/product\/1725","targetHints":{"allow":["GET"]}}],"collection":[{"href":"https:\/\/wiejskieprzysmaki.estima.site\/en\/wp-json\/wp\/v2\/product"}],"about":[{"href":"https:\/\/wiejskieprzysmaki.estima.site\/en\/wp-json\/wp\/v2\/types\/product"}],"replies":[{"embeddable":true,"href":"https:\/\/wiejskieprzysmaki.estima.site\/en\/wp-json\/wp\/v2\/comments?post=1725"}],"wp:featuredmedia":[{"embeddable":true,"href":"https:\/\/wiejskieprzysmaki.estima.site\/en\/wp-json\/wp\/v2\/media\/1726"}],"wp:attachment":[{"href":"https:\/\/wiejskieprzysmaki.estima.site\/en\/wp-json\/wp\/v2\/media?parent=1725"}],"wp:term":[{"taxonomy":"product_brand","embeddable":true,"href":"https:\/\/wiejskieprzysmaki.estima.site\/en\/wp-json\/wp\/v2\/product_brand?post=1725"},{"taxonomy":"product_cat","embeddable":true,"href":"https:\/\/wiejskieprzysmaki.estima.site\/en\/wp-json\/wp\/v2\/product_cat?post=1725"},{"taxonomy":"product_tag","embeddable":true,"href":"https:\/\/wiejskieprzysmaki.estima.site\/en\/wp-json\/wp\/v2\/product_tag?post=1725"}],"curies":[{"name":"wp","href":"https:\/\/api.w.org\/{rel}","templated":true}]}}