{"id":1737,"date":"2025-02-18T10:38:38","date_gmt":"2025-02-18T09:38:38","guid":{"rendered":"https:\/\/wiejskieprzysmaki.estima.site\/produkt\/curry-bio-500-g-horeca-dary-natury\/"},"modified":"2025-02-18T10:38:44","modified_gmt":"2025-02-18T09:38:44","slug":"curry-bio-500-g-horeca-dary-natury","status":"publish","type":"product","link":"https:\/\/wiejskieprzysmaki.estima.site\/en\/product\/curry-bio-500-g-horeca-dary-natury\/","title":{"rendered":"CURRY BIO 500 g &#8211; HORECA (DARY NATURY)"},"content":{"rendered":"<p>SK\u0141ADNIKI<br \/>curry* 100% (*certyfikowany sk\u0142adnik ekologiczny)<\/p>\n<p>OPIS<br \/>Curry stosuje si\u0119 najcz\u0119\u015bciej do potraw mi\u0119snych zw\u0142aszcza drobiu, wieprzowiny i baraniny oraz warzyw, sos\u00f3w i ry\u017cu. Nadaje im z\u00f3\u0142tej barwy.<\/p>\n<p>ZALECANE WARUNKI PRZECHOWYWANIA<br \/>Przechowywa\u0107 w suchym i ch\u0142odnym miejscu.<\/p>","protected":false},"excerpt":{"rendered":"<p>SK\u0141ADNIKIcurry* 100% (*certyfikowany sk\u0142adnik ekologiczny) OPISCurry stosuje si\u0119 najcz\u0119\u015bciej do potraw mi\u0119snych zw\u0142aszcza drobiu, wieprzowiny i baraniny oraz warzyw, sos\u00f3w i ry\u017cu. Nadaje im z\u00f3\u0142tej barwy. ZALECANE WARUNKI PRZECHOWYWANIAPrzechowywa\u0107 w suchym i ch\u0142odnym miejscu.<\/p>","protected":false},"featured_media":1738,"comment_status":"closed","ping_status":"open","template":"","meta":{"_acf_changed":false},"product_brand":[],"product_cat":[1052,229],"product_tag":[],"class_list":{"0":"post-1737","1":"product","2":"type-product","3":"status-publish","4":"has-post-thumbnail","6":"product_cat-mieszanki-przyprawy-i-ziola","7":"product_cat-przyprawy-i-ziola","8":"pa_ean-matka-1759","9":"pa_gwarancja-przydatnosci-320","10":"pa_ilosc-w-opakowaniu-340","11":"pa_jednostka-podstawowa-szt","12":"pa_kod-cn-0910-91-05","13":"pa_masa-netto-347","14":"pa_objetosc-brutto-1758","15":"pa_producent-horeca-bio-pozostale","16":"pa_producent-nazwa-adres-miroslaw-angielczyk-dary-natury-koryciny-73-17-315-grodzisk","17":"pa_tagi-bez-cukru-w-skladnikach","18":"pa_tagi-bez-glutenu-w-skladnikach","19":"pa_tagi-certyfikat-bio","20":"pa_tagi-weganski","21":"pa_tagi-wegetarianski","23":"first","24":"instock","25":"taxable","26":"shipping-taxable","27":"purchasable","28":"product-type-simple"},"acf":[],"_links":{"self":[{"href":"https:\/\/wiejskieprzysmaki.estima.site\/en\/wp-json\/wp\/v2\/product\/1737","targetHints":{"allow":["GET"]}}],"collection":[{"href":"https:\/\/wiejskieprzysmaki.estima.site\/en\/wp-json\/wp\/v2\/product"}],"about":[{"href":"https:\/\/wiejskieprzysmaki.estima.site\/en\/wp-json\/wp\/v2\/types\/product"}],"replies":[{"embeddable":true,"href":"https:\/\/wiejskieprzysmaki.estima.site\/en\/wp-json\/wp\/v2\/comments?post=1737"}],"wp:featuredmedia":[{"embeddable":true,"href":"https:\/\/wiejskieprzysmaki.estima.site\/en\/wp-json\/wp\/v2\/media\/1738"}],"wp:attachment":[{"href":"https:\/\/wiejskieprzysmaki.estima.site\/en\/wp-json\/wp\/v2\/media?parent=1737"}],"wp:term":[{"taxonomy":"product_brand","embeddable":true,"href":"https:\/\/wiejskieprzysmaki.estima.site\/en\/wp-json\/wp\/v2\/product_brand?post=1737"},{"taxonomy":"product_cat","embeddable":true,"href":"https:\/\/wiejskieprzysmaki.estima.site\/en\/wp-json\/wp\/v2\/product_cat?post=1737"},{"taxonomy":"product_tag","embeddable":true,"href":"https:\/\/wiejskieprzysmaki.estima.site\/en\/wp-json\/wp\/v2\/product_tag?post=1737"}],"curies":[{"name":"wp","href":"https:\/\/api.w.org\/{rel}","templated":true}]}}