{"id":1741,"date":"2025-02-18T10:38:38","date_gmt":"2025-02-18T09:38:38","guid":{"rendered":"https:\/\/wiejskieprzysmaki.estima.site\/produkt\/czosnek-niedzwiedzi-suszony-bio-500-g-horeca-dary-natury\/"},"modified":"2025-02-18T10:38:45","modified_gmt":"2025-02-18T09:38:45","slug":"czosnek-niedzwiedzi-suszony-bio-500-g-horeca-dary-natury","status":"publish","type":"product","link":"https:\/\/wiejskieprzysmaki.estima.site\/en\/product\/czosnek-niedzwiedzi-suszony-bio-500-g-horeca-dary-natury\/","title":{"rendered":"CZOSNEK NIED\u0179WIEDZI SUSZONY BIO 500 g &#8211; HORECA (DARY NATURY)"},"content":{"rendered":"<p>SK\u0141ADNIKI <br \/>Czosnek nied\u017awiedzi* 100% (certyfikowany sk\u0142adnik ekologiczny)<\/p>\n<p>OPIS <br \/>Ma silne dzia\u0142anie bakteriob\u00f3jcze. Jego silne dzia\u0142anie bakteriob\u00f3jcze szczeg\u00f3lnie przydatne jest przy leczeniu chor\u00f3b g\u00f3rnych dr\u00f3g oddechowych, przy tym dodatkowo opr\u00f3cz zabijania bakterii czosnek pobudza wydzielanie \u015bluzu w oskrzelach. Zalecany jest jako sk\u0142adnik wiosennych zup, sos\u00f3w mo\u017cna je te\u017c dodawa\u0107 do sa\u0142atek i kisi\u0107 oraz marynowa\u0107 w oliwie, nadaje si\u0119 doskonale jako posypka do kanapek, zapiekanek, itp..<\/p>\n<p>ZALECANE WARUNKI PRZECHOWYWANIA <br \/>Przechowywa\u0107 w suchym i ch\u0142odnym miejscu.<\/p>","protected":false},"excerpt":{"rendered":"<p>SK\u0141ADNIKI Czosnek nied\u017awiedzi* 100% (certyfikowany sk\u0142adnik ekologiczny) OPIS Ma silne dzia\u0142anie bakteriob\u00f3jcze. Jego silne dzia\u0142anie bakteriob\u00f3jcze szczeg\u00f3lnie przydatne jest przy leczeniu chor\u00f3b g\u00f3rnych dr\u00f3g oddechowych, przy tym dodatkowo opr\u00f3cz zabijania bakterii czosnek pobudza wydzielanie \u015bluzu w oskrzelach. Zalecany jest jako sk\u0142adnik wiosennych zup, sos\u00f3w mo\u017cna je te\u017c dodawa\u0107 do sa\u0142atek i kisi\u0107 oraz marynowa\u0107 w [&hellip;]<\/p>","protected":false},"featured_media":1742,"comment_status":"closed","ping_status":"open","template":"","meta":{"_acf_changed":false},"product_brand":[],"product_cat":[238,229],"product_tag":[],"class_list":{"0":"post-1741","1":"product","2":"type-product","3":"status-publish","4":"has-post-thumbnail","6":"product_cat-jednorodne","7":"product_cat-przyprawy-i-ziola","8":"pa_ean-matka-1764","9":"pa_gwarancja-przydatnosci-311","10":"pa_ilosc-w-opakowaniu-340","11":"pa_jednostka-podstawowa-szt","12":"pa_kod-cn-1211-90-86","13":"pa_kraj-pochodzenia-skladnikow-polska","14":"pa_masa-netto-347","15":"pa_objetosc-brutto-1763","16":"pa_producent-horeca-bio-pozostale","17":"pa_producent-nazwa-adres-miroslaw-angielczyk-dary-natury-koryciny-73-17-315-grodzisk","18":"pa_tagi-bez-cukru-w-skladnikach","19":"pa_tagi-bez-glutenu-w-skladnikach","20":"pa_tagi-certyfikat-bio","21":"pa_tagi-weganski","22":"pa_tagi-wegetarianski","24":"first","25":"instock","26":"taxable","27":"shipping-taxable","28":"purchasable","29":"product-type-simple"},"acf":[],"_links":{"self":[{"href":"https:\/\/wiejskieprzysmaki.estima.site\/en\/wp-json\/wp\/v2\/product\/1741","targetHints":{"allow":["GET"]}}],"collection":[{"href":"https:\/\/wiejskieprzysmaki.estima.site\/en\/wp-json\/wp\/v2\/product"}],"about":[{"href":"https:\/\/wiejskieprzysmaki.estima.site\/en\/wp-json\/wp\/v2\/types\/product"}],"replies":[{"embeddable":true,"href":"https:\/\/wiejskieprzysmaki.estima.site\/en\/wp-json\/wp\/v2\/comments?post=1741"}],"wp:featuredmedia":[{"embeddable":true,"href":"https:\/\/wiejskieprzysmaki.estima.site\/en\/wp-json\/wp\/v2\/media\/1742"}],"wp:attachment":[{"href":"https:\/\/wiejskieprzysmaki.estima.site\/en\/wp-json\/wp\/v2\/media?parent=1741"}],"wp:term":[{"taxonomy":"product_brand","embeddable":true,"href":"https:\/\/wiejskieprzysmaki.estima.site\/en\/wp-json\/wp\/v2\/product_brand?post=1741"},{"taxonomy":"product_cat","embeddable":true,"href":"https:\/\/wiejskieprzysmaki.estima.site\/en\/wp-json\/wp\/v2\/product_cat?post=1741"},{"taxonomy":"product_tag","embeddable":true,"href":"https:\/\/wiejskieprzysmaki.estima.site\/en\/wp-json\/wp\/v2\/product_tag?post=1741"}],"curies":[{"name":"wp","href":"https:\/\/api.w.org\/{rel}","templated":true}]}}