{"id":1743,"date":"2025-02-18T10:38:38","date_gmt":"2025-02-18T09:38:38","guid":{"rendered":"https:\/\/wiejskieprzysmaki.estima.site\/produkt\/lisc-laurowy-bio-500-g-horeca-dary-natury\/"},"modified":"2025-02-18T10:38:46","modified_gmt":"2025-02-18T09:38:46","slug":"lisc-laurowy-bio-500-g-horeca-dary-natury","status":"publish","type":"product","link":"https:\/\/wiejskieprzysmaki.estima.site\/en\/product\/lisc-laurowy-bio-500-g-horeca-dary-natury\/","title":{"rendered":"LI\u015a\u0106 LAUROWY BIO 500 g &#8211; HORECA (DARY NATURY)"},"content":{"rendered":"<p>SK\u0141ADNIKI<br \/>ekologiczny li\u015b\u0107 laurowy 100 %.<\/p>\n<p>OPIS<br \/>Jest to jedna z najstarszych i najbardziej znanych przypraw, niezast\u0105piona do zup, roso\u0142\u00f3w, duszonych warzyw, sos\u00f3w, w\u0119dlin potraw sma\u017conych, galaretek itp. Li\u015b\u0107 laurowy stosuje si\u0119 przy sporz\u0105dzaniu marynat oraz przy kiszeniu kapusty.<\/p>\n<p>ZALECANE WARUNKI PRZECHOWYWANIA<br \/>Przechowywa\u0107 w suchym i ch\u0142odnym miejscu.  <\/p>","protected":false},"excerpt":{"rendered":"<p>SK\u0141ADNIKIekologiczny li\u015b\u0107 laurowy 100 %. OPISJest to jedna z najstarszych i najbardziej znanych przypraw, niezast\u0105piona do zup, roso\u0142\u00f3w, duszonych warzyw, sos\u00f3w, w\u0119dlin potraw sma\u017conych, galaretek itp. Li\u015b\u0107 laurowy stosuje si\u0119 przy sporz\u0105dzaniu marynat oraz przy kiszeniu kapusty. ZALECANE WARUNKI PRZECHOWYWANIAPrzechowywa\u0107 w suchym i ch\u0142odnym miejscu.<\/p>","protected":false},"featured_media":1744,"comment_status":"closed","ping_status":"open","template":"","meta":{"_acf_changed":false},"product_brand":[],"product_cat":[238,229],"product_tag":[],"class_list":{"0":"post-1743","1":"product","2":"type-product","3":"status-publish","4":"has-post-thumbnail","6":"product_cat-jednorodne","7":"product_cat-przyprawy-i-ziola","8":"pa_ean-matka-1767","9":"pa_gwarancja-przydatnosci-320","10":"pa_ilosc-w-opakowaniu-340","11":"pa_jednostka-podstawowa-szt","12":"pa_kod-cn-0910-99-50","13":"pa_kraj-pochodzenia-skladnikow-polska","14":"pa_masa-netto-347","15":"pa_objetosc-brutto-1766","16":"pa_producent-horeca-bio-pozostale","17":"pa_producent-nazwa-adres-miroslaw-angielczyk-dary-natury-koryciny-73-17-315-grodzisk","18":"pa_tagi-bez-cukru-w-skladnikach","19":"pa_tagi-bez-glutenu-w-skladnikach","20":"pa_tagi-certyfikat-bio","21":"pa_tagi-weganski","22":"pa_tagi-wegetarianski","24":"first","25":"instock","26":"taxable","27":"shipping-taxable","28":"purchasable","29":"product-type-simple"},"acf":[],"_links":{"self":[{"href":"https:\/\/wiejskieprzysmaki.estima.site\/en\/wp-json\/wp\/v2\/product\/1743","targetHints":{"allow":["GET"]}}],"collection":[{"href":"https:\/\/wiejskieprzysmaki.estima.site\/en\/wp-json\/wp\/v2\/product"}],"about":[{"href":"https:\/\/wiejskieprzysmaki.estima.site\/en\/wp-json\/wp\/v2\/types\/product"}],"replies":[{"embeddable":true,"href":"https:\/\/wiejskieprzysmaki.estima.site\/en\/wp-json\/wp\/v2\/comments?post=1743"}],"wp:featuredmedia":[{"embeddable":true,"href":"https:\/\/wiejskieprzysmaki.estima.site\/en\/wp-json\/wp\/v2\/media\/1744"}],"wp:attachment":[{"href":"https:\/\/wiejskieprzysmaki.estima.site\/en\/wp-json\/wp\/v2\/media?parent=1743"}],"wp:term":[{"taxonomy":"product_brand","embeddable":true,"href":"https:\/\/wiejskieprzysmaki.estima.site\/en\/wp-json\/wp\/v2\/product_brand?post=1743"},{"taxonomy":"product_cat","embeddable":true,"href":"https:\/\/wiejskieprzysmaki.estima.site\/en\/wp-json\/wp\/v2\/product_cat?post=1743"},{"taxonomy":"product_tag","embeddable":true,"href":"https:\/\/wiejskieprzysmaki.estima.site\/en\/wp-json\/wp\/v2\/product_tag?post=1743"}],"curies":[{"name":"wp","href":"https:\/\/api.w.org\/{rel}","templated":true}]}}