{"id":1749,"date":"2025-02-18T10:38:38","date_gmt":"2025-02-18T09:38:38","guid":{"rendered":"https:\/\/wiejskieprzysmaki.estima.site\/produkt\/pieprz-czarny-ziarnisty-bio-500-g-horeca-dary-natury\/"},"modified":"2025-02-18T10:38:49","modified_gmt":"2025-02-18T09:38:49","slug":"pieprz-czarny-ziarnisty-bio-500-g-horeca-dary-natury","status":"publish","type":"product","link":"https:\/\/wiejskieprzysmaki.estima.site\/en\/product\/pieprz-czarny-ziarnisty-bio-500-g-horeca-dary-natury\/","title":{"rendered":"PIEPRZ CZARNY ZIARNISTY BIO 500 g &#8211; HORECA (DARY NATURY)"},"content":{"rendered":"<p>SK\u0141ADNIKI <br \/>pieprz czarny ziarno* 100 %. (*certyfikowany sk\u0142adnik ekologiczny)<\/p>\n<p>OPIS <br \/>Przyprawa powszechnie stosowana do zup, mi\u0119s, RYB, marynat, w\u0119dlin. Grubo t\u0142uczone ziarna doskonale nadaj\u0105 si\u0119 do przyprawiania stek\u00f3w.<\/p>\n<p>ZALECANE WARUNKI PRZECHOWYWANIA <br \/>Przechowywa\u0107 w suchym i ch\u0142odnym miejscu.<\/p>","protected":false},"excerpt":{"rendered":"<p>SK\u0141ADNIKI pieprz czarny ziarno* 100 %. (*certyfikowany sk\u0142adnik ekologiczny) OPIS Przyprawa powszechnie stosowana do zup, mi\u0119s, RYB, marynat, w\u0119dlin. Grubo t\u0142uczone ziarna doskonale nadaj\u0105 si\u0119 do przyprawiania stek\u00f3w. ZALECANE WARUNKI PRZECHOWYWANIA Przechowywa\u0107 w suchym i ch\u0142odnym miejscu.<\/p>","protected":false},"featured_media":1750,"comment_status":"closed","ping_status":"open","template":"","meta":{"_acf_changed":false},"product_brand":[],"product_cat":[238,229],"product_tag":[],"class_list":{"0":"post-1749","1":"product","2":"type-product","3":"status-publish","4":"has-post-thumbnail","6":"product_cat-jednorodne","7":"product_cat-przyprawy-i-ziola","8":"pa_ean-matka-1774","9":"pa_gwarancja-przydatnosci-320","10":"pa_ilosc-w-opakowaniu-340","11":"pa_jednostka-podstawowa-szt","12":"pa_kod-cn-0904-11-00","13":"pa_kraj-pochodzenia-skladnikow-sri-lanka","14":"pa_masa-netto-347","15":"pa_objetosc-brutto-1773","16":"pa_producent-horeca-bio-pozostale","17":"pa_producent-nazwa-adres-miroslaw-angielczyk-dary-natury-koryciny-73-17-315-grodzisk","18":"pa_tagi-bez-cukru-w-skladnikach","19":"pa_tagi-bez-glutenu-w-skladnikach","20":"pa_tagi-certyfikat-bio","21":"pa_tagi-weganski","22":"pa_tagi-wegetarianski","24":"first","25":"instock","26":"taxable","27":"shipping-taxable","28":"purchasable","29":"product-type-simple"},"acf":[],"_links":{"self":[{"href":"https:\/\/wiejskieprzysmaki.estima.site\/en\/wp-json\/wp\/v2\/product\/1749","targetHints":{"allow":["GET"]}}],"collection":[{"href":"https:\/\/wiejskieprzysmaki.estima.site\/en\/wp-json\/wp\/v2\/product"}],"about":[{"href":"https:\/\/wiejskieprzysmaki.estima.site\/en\/wp-json\/wp\/v2\/types\/product"}],"replies":[{"embeddable":true,"href":"https:\/\/wiejskieprzysmaki.estima.site\/en\/wp-json\/wp\/v2\/comments?post=1749"}],"wp:featuredmedia":[{"embeddable":true,"href":"https:\/\/wiejskieprzysmaki.estima.site\/en\/wp-json\/wp\/v2\/media\/1750"}],"wp:attachment":[{"href":"https:\/\/wiejskieprzysmaki.estima.site\/en\/wp-json\/wp\/v2\/media?parent=1749"}],"wp:term":[{"taxonomy":"product_brand","embeddable":true,"href":"https:\/\/wiejskieprzysmaki.estima.site\/en\/wp-json\/wp\/v2\/product_brand?post=1749"},{"taxonomy":"product_cat","embeddable":true,"href":"https:\/\/wiejskieprzysmaki.estima.site\/en\/wp-json\/wp\/v2\/product_cat?post=1749"},{"taxonomy":"product_tag","embeddable":true,"href":"https:\/\/wiejskieprzysmaki.estima.site\/en\/wp-json\/wp\/v2\/product_tag?post=1749"}],"curies":[{"name":"wp","href":"https:\/\/api.w.org\/{rel}","templated":true}]}}