{"id":1769,"date":"2025-02-18T10:38:55","date_gmt":"2025-02-18T09:38:55","guid":{"rendered":"https:\/\/wiejskieprzysmaki.estima.site\/produkt\/cytryna-z-imbirem-w-syropie-bio-220-g-batom\/"},"modified":"2025-02-18T10:38:58","modified_gmt":"2025-02-18T09:38:58","slug":"cytryna-z-imbirem-w-syropie-bio-220-g-batom","status":"publish","type":"product","link":"https:\/\/wiejskieprzysmaki.estima.site\/en\/product\/cytryna-z-imbirem-w-syropie-bio-220-g-batom\/","title":{"rendered":"CYTRYNA Z IMBIREM W SYROPIE BIO 220 g &#8211; BATOM"},"content":{"rendered":"<p>SK\u0141ADNIKI<br \/>cytryna* (41 %), cukier trzcinowy* (40 %), woda, imbir* (1 %) (*certyfikowany sk\u0142adnik ekologiczny)<\/p>\n<p>OPIS<br \/>Idealny dodatek do napoj\u00f3w, deser\u00f3w, s\u0142odkich da\u0144. Produkt pasteryzowany. <\/p>\n<p>WARTO\u015a\u0106 OD\u017bYWCZA W 100 g<br \/>Warto\u015b\u0107 energetyczna: 747 kJ \/ 176 kcal<br \/>T\u0142uszcz: 0 g<br \/>w tym kwasy t\u0142uszczowe nasycone: 0 g<br \/>W\u0119glowodany: 43 g<br \/>w tym cukry: 40 g<br \/>Bia\u0142ko: 0,5 g<br \/>S\u00f3l: 0,09 g<\/p>\n<p>ZALECANE WARUNKI PRZECHOWYWANIA<br \/>Przechowywa\u0107 w ciemnym miejscu, po otwarciu w lod\u00f3wce do 5 dni<\/p>","protected":false},"excerpt":{"rendered":"<p>SK\u0141ADNIKIcytryna* (41 %), cukier trzcinowy* (40 %), woda, imbir* (1 %) (*certyfikowany sk\u0142adnik ekologiczny) OPISIdealny dodatek do napoj\u00f3w, deser\u00f3w, s\u0142odkich da\u0144. Produkt pasteryzowany. WARTO\u015a\u0106 OD\u017bYWCZA W 100 gWarto\u015b\u0107 energetyczna: 747 kJ \/ 176 kcalT\u0142uszcz: 0 gw tym kwasy t\u0142uszczowe nasycone: 0 gW\u0119glowodany: 43 gw tym cukry: 40 gBia\u0142ko: 0,5 gS\u00f3l: 0,09 g ZALECANE WARUNKI PRZECHOWYWANIAPrzechowywa\u0107 [&hellip;]<\/p>","protected":false},"featured_media":1770,"comment_status":"closed","ping_status":"open","template":"","meta":{"_acf_changed":false},"product_brand":[],"product_cat":[1792,998],"product_tag":[],"class_list":{"0":"post-1769","1":"product","2":"type-product","3":"status-publish","4":"has-post-thumbnail","6":"product_cat-owoce-w-zalewie-kiszone","7":"product_cat-przetwory-warzywne-i-owocowe","8":"pa_ean-matka-1791","9":"pa_gwarancja-przydatnosci-542","10":"pa_ilosc-w-opakowaniu-350","11":"pa_jednostka-podstawowa-szt","12":"pa_kod-cn-2008-30-79","13":"pa_kraj-pochodzenia-skladnikow-turcja","14":"pa_masa-netto-1562","15":"pa_objetosc-brutto-1790","16":"pa_producent-batom-oleje-soki-sole-kapielowe","17":"pa_producent-nazwa-adres-batom-pl-jozef-lesniak-hurtownia-zdrowej-zywnosci-generala-augusta-fieldorfa-nila-17-31-209-krakow","18":"pa_tagi-bez-glutenu-w-skladnikach","19":"pa_tagi-certyfikat-bio","20":"pa_tagi-weganski","21":"pa_tagi-wegetarianski","23":"first","24":"instock","25":"taxable","26":"shipping-taxable","27":"purchasable","28":"product-type-simple"},"acf":[],"_links":{"self":[{"href":"https:\/\/wiejskieprzysmaki.estima.site\/en\/wp-json\/wp\/v2\/product\/1769","targetHints":{"allow":["GET"]}}],"collection":[{"href":"https:\/\/wiejskieprzysmaki.estima.site\/en\/wp-json\/wp\/v2\/product"}],"about":[{"href":"https:\/\/wiejskieprzysmaki.estima.site\/en\/wp-json\/wp\/v2\/types\/product"}],"replies":[{"embeddable":true,"href":"https:\/\/wiejskieprzysmaki.estima.site\/en\/wp-json\/wp\/v2\/comments?post=1769"}],"wp:featuredmedia":[{"embeddable":true,"href":"https:\/\/wiejskieprzysmaki.estima.site\/en\/wp-json\/wp\/v2\/media\/1770"}],"wp:attachment":[{"href":"https:\/\/wiejskieprzysmaki.estima.site\/en\/wp-json\/wp\/v2\/media?parent=1769"}],"wp:term":[{"taxonomy":"product_brand","embeddable":true,"href":"https:\/\/wiejskieprzysmaki.estima.site\/en\/wp-json\/wp\/v2\/product_brand?post=1769"},{"taxonomy":"product_cat","embeddable":true,"href":"https:\/\/wiejskieprzysmaki.estima.site\/en\/wp-json\/wp\/v2\/product_cat?post=1769"},{"taxonomy":"product_tag","embeddable":true,"href":"https:\/\/wiejskieprzysmaki.estima.site\/en\/wp-json\/wp\/v2\/product_tag?post=1769"}],"curies":[{"name":"wp","href":"https:\/\/api.w.org\/{rel}","templated":true}]}}