{"id":1771,"date":"2025-02-18T10:38:55","date_gmt":"2025-02-18T09:38:55","guid":{"rendered":"https:\/\/wiejskieprzysmaki.estima.site\/produkt\/pianki-o-smaku-waniliowym-bezglutenowe-bio-100-g-biominki\/"},"modified":"2025-02-18T10:38:58","modified_gmt":"2025-02-18T09:38:58","slug":"pianki-o-smaku-waniliowym-bezglutenowe-bio-100-g-biominki","status":"publish","type":"product","link":"https:\/\/wiejskieprzysmaki.estima.site\/en\/product\/pianki-o-smaku-waniliowym-bezglutenowe-bio-100-g-biominki\/","title":{"rendered":"PIANKI O SMAKU WANILIOWYM BEZGLUTENOWE BIO 100 g &#8211; BIOMINKI"},"content":{"rendered":"<p>SK\u0141ADNIKI<br \/>syrop glukozowy*, cukier*, \u017celatyna wieprzowa*, dekstroza*, skrobia kukurydziana*, naturalny aromat waniliowy, kwas: kwas mlekowy (*certyfikowany sk\u0142adnik ekologiczny).<\/p>\n<p>OPIS<br \/>Ekologiczne pianki waniliowe stanowi\u0105 wy\u015bmienit\u0105 przek\u0105sk\u0119 dla dzieci w szkole, w domu i na spacerze! <\/p>\n<p>WARTO\u015a\u0106 OD\u017bYWCZA W 100 g<br \/>Warto\u015b\u0107 energetyczna 1415 kJ\/333 kcal<br \/>T\u0142uszcz 0,1 g<br \/>w tym kwasy t\u0142uszczowe nasycone &lt;0,1 g<br \/>W\u0119glowodany 80 g<br \/>w tym cukry 68 g<br \/>Bia\u0142ko 3,0 g<br \/>S\u00f3l 0,02 g<\/p>\n<p>ZALECANE WARUNKI PRZECHOWYWANIA<br \/>Przechowywa\u0107 w suchym i ch\u0142odnym miejscu.<\/p>","protected":false},"excerpt":{"rendered":"<p>SK\u0141ADNIKIsyrop glukozowy*, cukier*, \u017celatyna wieprzowa*, dekstroza*, skrobia kukurydziana*, naturalny aromat waniliowy, kwas: kwas mlekowy (*certyfikowany sk\u0142adnik ekologiczny). OPISEkologiczne pianki waniliowe stanowi\u0105 wy\u015bmienit\u0105 przek\u0105sk\u0119 dla dzieci w szkole, w domu i na spacerze! WARTO\u015a\u0106 OD\u017bYWCZA W 100 gWarto\u015b\u0107 energetyczna 1415 kJ\/333 kcalT\u0142uszcz 0,1 gw tym kwasy t\u0142uszczowe nasycone &lt;0,1 gW\u0119glowodany 80 gw tym cukry 68 gBia\u0142ko [&hellip;]<\/p>","protected":false},"featured_media":1772,"comment_status":"closed","ping_status":"open","template":"","meta":{"_acf_changed":false},"product_brand":[],"product_cat":[1500,139],"product_tag":[],"class_list":{"0":"post-1771","1":"product","2":"type-product","3":"status-publish","4":"has-post-thumbnail","6":"product_cat-galaretki-zelki-slodycze-i-przekaski","7":"product_cat-slodycze-i-przekaski","8":"pa_ean-matka-1794","9":"pa_gwarancja-przydatnosci-320","10":"pa_ilosc-w-opakowaniu-298","11":"pa_jednostka-podstawowa-szt","12":"pa_kod-cn-1704-90-65","13":"pa_kraj-pochodzenia-skladnikow-rolnictwo-ue-spoza-ue","14":"pa_masa-netto-242","15":"pa_objetosc-brutto-1793","16":"pa_producent-biominki-przekaski-dla-dzieci-kaszki","17":"pa_producent-nazwa-adres-bio-planet-s-a-wilkowa-wies-7-05-084-leszno","18":"pa_tagi-bez-glutenu-deklaracja","19":"pa_tagi-bez-glutenu-w-skladnikach","20":"pa_tagi-certyfikat-bio","22":"first","23":"instock","24":"taxable","25":"shipping-taxable","26":"purchasable","27":"product-type-simple"},"acf":[],"_links":{"self":[{"href":"https:\/\/wiejskieprzysmaki.estima.site\/en\/wp-json\/wp\/v2\/product\/1771","targetHints":{"allow":["GET"]}}],"collection":[{"href":"https:\/\/wiejskieprzysmaki.estima.site\/en\/wp-json\/wp\/v2\/product"}],"about":[{"href":"https:\/\/wiejskieprzysmaki.estima.site\/en\/wp-json\/wp\/v2\/types\/product"}],"replies":[{"embeddable":true,"href":"https:\/\/wiejskieprzysmaki.estima.site\/en\/wp-json\/wp\/v2\/comments?post=1771"}],"wp:featuredmedia":[{"embeddable":true,"href":"https:\/\/wiejskieprzysmaki.estima.site\/en\/wp-json\/wp\/v2\/media\/1772"}],"wp:attachment":[{"href":"https:\/\/wiejskieprzysmaki.estima.site\/en\/wp-json\/wp\/v2\/media?parent=1771"}],"wp:term":[{"taxonomy":"product_brand","embeddable":true,"href":"https:\/\/wiejskieprzysmaki.estima.site\/en\/wp-json\/wp\/v2\/product_brand?post=1771"},{"taxonomy":"product_cat","embeddable":true,"href":"https:\/\/wiejskieprzysmaki.estima.site\/en\/wp-json\/wp\/v2\/product_cat?post=1771"},{"taxonomy":"product_tag","embeddable":true,"href":"https:\/\/wiejskieprzysmaki.estima.site\/en\/wp-json\/wp\/v2\/product_tag?post=1771"}],"curies":[{"name":"wp","href":"https:\/\/api.w.org\/{rel}","templated":true}]}}