{"id":1775,"date":"2025-02-18T10:38:55","date_gmt":"2025-02-18T09:38:55","guid":{"rendered":"https:\/\/wiejskieprzysmaki.estima.site\/produkt\/oliwa-z-oliwek-extra-virgin-bio-250-ml-campomar-nature\/"},"modified":"2025-02-18T10:39:00","modified_gmt":"2025-02-18T09:39:00","slug":"oliwa-z-oliwek-extra-virgin-bio-250-ml-campomar-nature","status":"publish","type":"product","link":"https:\/\/wiejskieprzysmaki.estima.site\/en\/product\/oliwa-z-oliwek-extra-virgin-bio-250-ml-campomar-nature\/","title":{"rendered":"OLIWA Z OLIWEK EXTRA VIRGIN BIO 250 ml &#8211; CAMPOMAR NATURE"},"content":{"rendered":"<p>SK\u0141ADNIKI  <br \/>oliwa z oliwek extra virgin*. (*certyfikowany sk\u0142adnik ekologiczny)<\/p>\n<p>OPIS<br \/>Oliwa z oliwek najwy\u017cszej jako\u015bci z pierwszego t\u0142oczenia. Najwy\u017csza kategoria oliwy z oliwek, uzyskana bezpo\u015brednio z oliwek i wy\u0142\u0105cznie za pomoc\u0105 \u015brodk\u00f3w mechanicznych.<\/p>\n<p>WARTO\u015a\u0106 OD\u017bYWCZA W 100 g<br \/>Warto\u015b\u0107 energetyczna: 3700 kJ\/888 kcal  <br \/>T\u0142uszcze: 100 g  <br \/>w tym kwasy t\u0142uszczowe nasycone: 0 g  <br \/>W\u0119glowodany: 0 g  <br \/>w tym cukry: 0 g  <br \/>Bia\u0142ko: 0 g  <br \/>S\u00f3l: 0 g  <\/p>\n<p>ZALECANE WARUNKI PRZECHOWYWANIA<br \/>Przechowywa\u0107 w suchym i ch\u0142odnym miejscu<\/p>","protected":false},"excerpt":{"rendered":"<p>SK\u0141ADNIKI oliwa z oliwek extra virgin*. (*certyfikowany sk\u0142adnik ekologiczny) OPISOliwa z oliwek najwy\u017cszej jako\u015bci z pierwszego t\u0142oczenia. Najwy\u017csza kategoria oliwy z oliwek, uzyskana bezpo\u015brednio z oliwek i wy\u0142\u0105cznie za pomoc\u0105 \u015brodk\u00f3w mechanicznych. WARTO\u015a\u0106 OD\u017bYWCZA W 100 gWarto\u015b\u0107 energetyczna: 3700 kJ\/888 kcal T\u0142uszcze: 100 g w tym kwasy t\u0142uszczowe nasycone: 0 g W\u0119glowodany: 0 g w [&hellip;]<\/p>","protected":false},"featured_media":1776,"comment_status":"closed","ping_status":"open","template":"","meta":{"_acf_changed":false},"product_brand":[],"product_cat":[993,1100],"product_tag":[],"class_list":{"0":"post-1775","1":"product","2":"type-product","3":"status-publish","4":"has-post-thumbnail","6":"product_cat-oleje-i-oliwy","7":"product_cat-oliwy","8":"pa_ean-matka-1798","9":"pa_gwarancja-przydatnosci-311","10":"pa_ilosc-w-opakowaniu-454","11":"pa_jednostka-podstawowa-szt","12":"pa_kod-cn-1509-20-00","13":"pa_kraj-pochodzenia-skladnikow-hiszpania","14":"pa_objetosc-brutto-1264","15":"pa_objetosc-netto-359","16":"pa_producent-campomar-nature-oliwki-oliwa-miod","17":"pa_producent-nazwa-adres-campomar-nature-s-l-crta-de-madrid-69-3007-alicante","18":"pa_tagi-bez-cukru-w-skladnikach","19":"pa_tagi-bez-glutenu-w-skladnikach","20":"pa_tagi-certyfikat-bio","21":"pa_tagi-weganski","22":"pa_tagi-wegetarianski","24":"first","25":"instock","26":"taxable","27":"shipping-taxable","28":"purchasable","29":"product-type-simple"},"acf":[],"_links":{"self":[{"href":"https:\/\/wiejskieprzysmaki.estima.site\/en\/wp-json\/wp\/v2\/product\/1775","targetHints":{"allow":["GET"]}}],"collection":[{"href":"https:\/\/wiejskieprzysmaki.estima.site\/en\/wp-json\/wp\/v2\/product"}],"about":[{"href":"https:\/\/wiejskieprzysmaki.estima.site\/en\/wp-json\/wp\/v2\/types\/product"}],"replies":[{"embeddable":true,"href":"https:\/\/wiejskieprzysmaki.estima.site\/en\/wp-json\/wp\/v2\/comments?post=1775"}],"wp:featuredmedia":[{"embeddable":true,"href":"https:\/\/wiejskieprzysmaki.estima.site\/en\/wp-json\/wp\/v2\/media\/1776"}],"wp:attachment":[{"href":"https:\/\/wiejskieprzysmaki.estima.site\/en\/wp-json\/wp\/v2\/media?parent=1775"}],"wp:term":[{"taxonomy":"product_brand","embeddable":true,"href":"https:\/\/wiejskieprzysmaki.estima.site\/en\/wp-json\/wp\/v2\/product_brand?post=1775"},{"taxonomy":"product_cat","embeddable":true,"href":"https:\/\/wiejskieprzysmaki.estima.site\/en\/wp-json\/wp\/v2\/product_cat?post=1775"},{"taxonomy":"product_tag","embeddable":true,"href":"https:\/\/wiejskieprzysmaki.estima.site\/en\/wp-json\/wp\/v2\/product_tag?post=1775"}],"curies":[{"name":"wp","href":"https:\/\/api.w.org\/{rel}","templated":true}]}}