{"id":1777,"date":"2025-02-18T10:38:55","date_gmt":"2025-02-18T09:38:55","guid":{"rendered":"https:\/\/wiejskieprzysmaki.estima.site\/produkt\/soda-oczyszczona-1-kg-batom\/"},"modified":"2025-02-18T10:39:00","modified_gmt":"2025-02-18T09:39:00","slug":"soda-oczyszczona-1-kg-batom","status":"publish","type":"product","link":"https:\/\/wiejskieprzysmaki.estima.site\/en\/product\/soda-oczyszczona-1-kg-batom\/","title":{"rendered":"SODA OCZYSZCZONA 1 kg &#8211; BATOM"},"content":{"rendered":"<p>SK\u0141ADNIKI<br \/>wodorow\u0119glan sodu (99,7 %), w\u0119glan sodu<\/p>\n<p>OPIS<br \/>Soda oczyszczona jest doskona\u0142ym zamiennikiem wi\u0119kszo\u015bci chemicznych \u015brodk\u00f3w czysto\u015bci. Mo\u017cna jej u\u017cywa\u0107 do sprz\u0105tania praktycznie wszystkich powierzchni w domu.  W kuchni zast\u0119puje proszek do pieczenia, dro\u017cd\u017ce, zmi\u0119kcza mi\u0119so.<\/p>\n<p>ZALECANE WARUNKI PRZECHOWYWANIA  <br \/>Przechowywa\u0107 w suchym miejscu.<\/p>","protected":false},"excerpt":{"rendered":"<p>SK\u0141ADNIKIwodorow\u0119glan sodu (99,7 %), w\u0119glan sodu OPISSoda oczyszczona jest doskona\u0142ym zamiennikiem wi\u0119kszo\u015bci chemicznych \u015brodk\u00f3w czysto\u015bci. Mo\u017cna jej u\u017cywa\u0107 do sprz\u0105tania praktycznie wszystkich powierzchni w domu. W kuchni zast\u0119puje proszek do pieczenia, dro\u017cd\u017ce, zmi\u0119kcza mi\u0119so. ZALECANE WARUNKI PRZECHOWYWANIA Przechowywa\u0107 w suchym miejscu.<\/p>","protected":false},"featured_media":1778,"comment_status":"closed","ping_status":"open","template":"","meta":{"_acf_changed":false},"product_brand":[],"product_cat":[36],"product_tag":[],"class_list":{"0":"post-1777","1":"product","2":"type-product","3":"status-publish","4":"has-post-thumbnail","6":"product_cat-dodatki-do-wypiekow-i-deserow","7":"pa_ean-matka-1800","8":"pa_gwarancja-przydatnosci-311","9":"pa_ilosc-w-opakowaniu-454","10":"pa_jednostka-podstawowa-szt","11":"pa_kod-cn-2836-30-00","12":"pa_masa-netto-209","13":"pa_objetosc-brutto-1799","14":"pa_producent-batom-oleje-soki-sole-kapielowe","15":"pa_producent-nazwa-adres-batom-pl-jozef-lesniak-hurtownia-zdrowej-zywnosci-generala-augusta-fieldorfa-nila-17-31-209-krakow","16":"pa_tagi-bez-cukru-w-skladnikach","17":"pa_tagi-bez-glutenu-w-skladnikach","18":"pa_tagi-weganski","19":"pa_tagi-wegetarianski","21":"first","22":"instock","23":"taxable","24":"shipping-taxable","25":"purchasable","26":"product-type-simple"},"acf":[],"_links":{"self":[{"href":"https:\/\/wiejskieprzysmaki.estima.site\/en\/wp-json\/wp\/v2\/product\/1777","targetHints":{"allow":["GET"]}}],"collection":[{"href":"https:\/\/wiejskieprzysmaki.estima.site\/en\/wp-json\/wp\/v2\/product"}],"about":[{"href":"https:\/\/wiejskieprzysmaki.estima.site\/en\/wp-json\/wp\/v2\/types\/product"}],"replies":[{"embeddable":true,"href":"https:\/\/wiejskieprzysmaki.estima.site\/en\/wp-json\/wp\/v2\/comments?post=1777"}],"wp:featuredmedia":[{"embeddable":true,"href":"https:\/\/wiejskieprzysmaki.estima.site\/en\/wp-json\/wp\/v2\/media\/1778"}],"wp:attachment":[{"href":"https:\/\/wiejskieprzysmaki.estima.site\/en\/wp-json\/wp\/v2\/media?parent=1777"}],"wp:term":[{"taxonomy":"product_brand","embeddable":true,"href":"https:\/\/wiejskieprzysmaki.estima.site\/en\/wp-json\/wp\/v2\/product_brand?post=1777"},{"taxonomy":"product_cat","embeddable":true,"href":"https:\/\/wiejskieprzysmaki.estima.site\/en\/wp-json\/wp\/v2\/product_cat?post=1777"},{"taxonomy":"product_tag","embeddable":true,"href":"https:\/\/wiejskieprzysmaki.estima.site\/en\/wp-json\/wp\/v2\/product_tag?post=1777"}],"curies":[{"name":"wp","href":"https:\/\/api.w.org\/{rel}","templated":true}]}}