{"id":1781,"date":"2025-02-18T10:38:55","date_gmt":"2025-02-18T09:38:55","guid":{"rendered":"https:\/\/wiejskieprzysmaki.estima.site\/produkt\/miso-mugi-pasta-z-soi-i-jeczmienia-bio-350-g-terrasana\/"},"modified":"2025-02-18T10:39:02","modified_gmt":"2025-02-18T09:39:02","slug":"miso-mugi-pasta-z-soi-i-jeczmienia-bio-350-g-terrasana","status":"publish","type":"product","link":"https:\/\/wiejskieprzysmaki.estima.site\/en\/product\/miso-mugi-pasta-z-soi-i-jeczmienia-bio-350-g-terrasana\/","title":{"rendered":"MISO MUGI (PASTA Z SOI I J\u0118CZMIENIA) BIO 350 g &#8211; TERRASANA"},"content":{"rendered":"<p>SK\u0141ADNIKI<br \/>nasiona SOI*, J\u0118CZMIE\u0143*, woda, s\u00f3l morska, Aspergillus Oryzae. (*certyfikowany sk\u0142adnik ekologiczny)<\/p>\n<p>OPIS<br \/>Niepasteryzowane miso z SOI i j\u0119czmienia.<\/p>\n<p>WARTO\u015a\u0106 OD\u017bYWCZA W 100 g  <br \/>Warto\u015b\u0107 energetyczna &#8211; 606 kJ\/145 kcal  <br \/>T\u0142uszcz &#8211; 5,6 g  <br \/>w tym kwasy t\u0142uszczowe nasycone &#8211; 0,7 g  <br \/>W\u0119glowodany &#8211; 9,5 g  <br \/>w tym cukry &#8211; 5,6 g  <br \/>B\u0142onnik &#8211; 5,1 g  <br \/>Bia\u0142ko &#8211; 11 g  <br \/>S\u00f3l &#8211; 11 g<\/p>\n<p>ZALECANE WARUNKI PRZECHOWYWANIA  <br \/>Po otwarciu przechowywa\u0107 w lod\u00f3wce.<\/p>","protected":false},"excerpt":{"rendered":"<p>SK\u0141ADNIKInasiona SOI*, J\u0118CZMIE\u0143*, woda, s\u00f3l morska, Aspergillus Oryzae. (*certyfikowany sk\u0142adnik ekologiczny) OPISNiepasteryzowane miso z SOI i j\u0119czmienia. WARTO\u015a\u0106 OD\u017bYWCZA W 100 g Warto\u015b\u0107 energetyczna &#8211; 606 kJ\/145 kcal T\u0142uszcz &#8211; 5,6 g w tym kwasy t\u0142uszczowe nasycone &#8211; 0,7 g W\u0119glowodany &#8211; 9,5 g w tym cukry &#8211; 5,6 g B\u0142onnik &#8211; 5,1 g Bia\u0142ko [&hellip;]<\/p>","protected":false},"featured_media":1782,"comment_status":"closed","ping_status":"open","template":"","meta":{"_acf_changed":false},"product_brand":[],"product_cat":[229],"product_tag":[],"class_list":{"0":"post-1781","1":"product","2":"type-product","3":"status-publish","4":"has-post-thumbnail","6":"product_cat-przyprawy-i-ziola","7":"pa_ean-matka-1803","8":"pa_gwarancja-przydatnosci-324","9":"pa_ilosc-w-opakowaniu-298","10":"pa_jednostka-podstawowa-szt","11":"pa_kod-cn-2103-90-90","12":"pa_kraj-pochodzenia-skladnikow-japonia","13":"pa_masa-netto-203","14":"pa_objetosc-brutto-1801","15":"pa_producent-terrasana-kremy-makarony-sosy-sojowe-inne","16":"pa_producent-nazwa-adres-terrasana-natuurvoeding-b-v-waaier-10-2451-leimuiden","17":"pa_tagi-bez-cukru-w-skladnikach","18":"pa_tagi-certyfikat-bio","19":"pa_tagi-weganski","20":"pa_tagi-wegetarianski","22":"first","23":"instock","24":"taxable","25":"shipping-taxable","26":"purchasable","27":"product-type-simple"},"acf":[],"_links":{"self":[{"href":"https:\/\/wiejskieprzysmaki.estima.site\/en\/wp-json\/wp\/v2\/product\/1781","targetHints":{"allow":["GET"]}}],"collection":[{"href":"https:\/\/wiejskieprzysmaki.estima.site\/en\/wp-json\/wp\/v2\/product"}],"about":[{"href":"https:\/\/wiejskieprzysmaki.estima.site\/en\/wp-json\/wp\/v2\/types\/product"}],"replies":[{"embeddable":true,"href":"https:\/\/wiejskieprzysmaki.estima.site\/en\/wp-json\/wp\/v2\/comments?post=1781"}],"wp:featuredmedia":[{"embeddable":true,"href":"https:\/\/wiejskieprzysmaki.estima.site\/en\/wp-json\/wp\/v2\/media\/1782"}],"wp:attachment":[{"href":"https:\/\/wiejskieprzysmaki.estima.site\/en\/wp-json\/wp\/v2\/media?parent=1781"}],"wp:term":[{"taxonomy":"product_brand","embeddable":true,"href":"https:\/\/wiejskieprzysmaki.estima.site\/en\/wp-json\/wp\/v2\/product_brand?post=1781"},{"taxonomy":"product_cat","embeddable":true,"href":"https:\/\/wiejskieprzysmaki.estima.site\/en\/wp-json\/wp\/v2\/product_cat?post=1781"},{"taxonomy":"product_tag","embeddable":true,"href":"https:\/\/wiejskieprzysmaki.estima.site\/en\/wp-json\/wp\/v2\/product_tag?post=1781"}],"curies":[{"name":"wp","href":"https:\/\/api.w.org\/{rel}","templated":true}]}}