{"id":1783,"date":"2025-02-18T10:38:55","date_gmt":"2025-02-18T09:38:55","guid":{"rendered":"https:\/\/wiejskieprzysmaki.estima.site\/produkt\/nektar-z-mango-bio-1-l-hollinger\/"},"modified":"2025-02-18T10:39:03","modified_gmt":"2025-02-18T09:39:03","slug":"nektar-z-mango-bio-1-l-hollinger","status":"publish","type":"product","link":"https:\/\/wiejskieprzysmaki.estima.site\/en\/product\/nektar-z-mango-bio-1-l-hollinger\/","title":{"rendered":"NEKTAR Z MANGO BIO 1 L &#8211; HOLLINGER"},"content":{"rendered":"<p>SK\u0141ADNIKI<br \/>woda, puree z mango*, cukier* (*certyfikowany sk\u0142adnik ekologiczny)<\/p>\n<p>OPIS <br \/>Ekologiczny nektar z mango, nie z koncentratu. Zawarto\u015b\u0107 przecieru owocowego minimum 35 %. Produkt pasteryzowany.<\/p>\n<p>WARTO\u015a\u0106 OD\u017bYWCZA W 100 ml<br \/>Warto\u015b\u0107 energetyczna: 282 kJ\/66 kcal  <br \/>T\u0142uszcz: < 0,5 g  <br \/>w tym kwasy t\u0142uszczowe nasycone: < 0,1 g  <br \/>W\u0119glowodany: 14 g  <br \/>w tym cukry: 14 g  <br \/>Bia\u0142ko: 0,5 g  <br \/>S\u00f3l: < 0,01 g\n\nZALECANE WARUNKI PRZECHOWYWANIA<br \/>Po otwarciu przechowywa\u0107 w lod\u00f3wce i spo\u017cy\u0107 w ci\u0105gu 3 dni.<\/p>","protected":false},"excerpt":{"rendered":"<p>SK\u0141ADNIKIwoda, puree z mango*, cukier* (*certyfikowany sk\u0142adnik ekologiczny) OPIS Ekologiczny nektar z mango, nie z koncentratu. Zawarto\u015b\u0107 przecieru owocowego minimum 35 %. Produkt pasteryzowany. WARTO\u015a\u0106 OD\u017bYWCZA W 100 mlWarto\u015b\u0107 energetyczna: 282 kJ\/66 kcal T\u0142uszcz: < 0,5 g w tym kwasy t\u0142uszczowe nasycone: < 0,1 g W\u0119glowodany: 14 g w tym cukry: 14 g Bia\u0142ko: 0,5 [&hellip;]\n<\/p>","protected":false},"featured_media":1784,"comment_status":"closed","ping_status":"open","template":"","meta":{"_acf_changed":false},"product_brand":[],"product_cat":[384,134],"product_tag":[],"class_list":{"0":"post-1783","1":"product","2":"type-product","3":"status-publish","4":"has-post-thumbnail","6":"product_cat-inne-napoje","7":"product_cat-napoje","8":"pa_ean-matka-1804","9":"pa_gwarancja-przydatnosci-522","10":"pa_ilosc-w-opakowaniu-374","11":"pa_jednostka-podstawowa-szt","12":"pa_kod-cn-2202-99-19","13":"pa_kraj-pochodzenia-skladnikow-turcja","14":"pa_objetosc-brutto-1022","15":"pa_objetosc-netto-858","16":"pa_producent-hollinger-soki-nektary-napoje-syropy","17":"pa_producent-nazwa-adres-ims-hollinger-gmbh-johann-winter-gasse-29-3021-pressbaum","18":"pa_tagi-bez-glutenu-w-skladnikach","19":"pa_tagi-certyfikat-bio","20":"pa_tagi-weganski","21":"pa_tagi-wegetarianski","23":"first","24":"instock","25":"taxable","26":"shipping-taxable","27":"purchasable","28":"product-type-simple"},"acf":[],"_links":{"self":[{"href":"https:\/\/wiejskieprzysmaki.estima.site\/en\/wp-json\/wp\/v2\/product\/1783","targetHints":{"allow":["GET"]}}],"collection":[{"href":"https:\/\/wiejskieprzysmaki.estima.site\/en\/wp-json\/wp\/v2\/product"}],"about":[{"href":"https:\/\/wiejskieprzysmaki.estima.site\/en\/wp-json\/wp\/v2\/types\/product"}],"replies":[{"embeddable":true,"href":"https:\/\/wiejskieprzysmaki.estima.site\/en\/wp-json\/wp\/v2\/comments?post=1783"}],"wp:featuredmedia":[{"embeddable":true,"href":"https:\/\/wiejskieprzysmaki.estima.site\/en\/wp-json\/wp\/v2\/media\/1784"}],"wp:attachment":[{"href":"https:\/\/wiejskieprzysmaki.estima.site\/en\/wp-json\/wp\/v2\/media?parent=1783"}],"wp:term":[{"taxonomy":"product_brand","embeddable":true,"href":"https:\/\/wiejskieprzysmaki.estima.site\/en\/wp-json\/wp\/v2\/product_brand?post=1783"},{"taxonomy":"product_cat","embeddable":true,"href":"https:\/\/wiejskieprzysmaki.estima.site\/en\/wp-json\/wp\/v2\/product_cat?post=1783"},{"taxonomy":"product_tag","embeddable":true,"href":"https:\/\/wiejskieprzysmaki.estima.site\/en\/wp-json\/wp\/v2\/product_tag?post=1783"}],"curies":[{"name":"wp","href":"https:\/\/api.w.org\/{rel}","templated":true}]}}