{"id":1795,"date":"2025-02-18T10:38:55","date_gmt":"2025-02-18T09:38:55","guid":{"rendered":"https:\/\/wiejskieprzysmaki.estima.site\/produkt\/krem-z-orzechow-nerkowca-bio-350-g-horizon\/"},"modified":"2025-02-18T10:39:08","modified_gmt":"2025-02-18T09:39:08","slug":"krem-z-orzechow-nerkowca-bio-350-g-horizon","status":"publish","type":"product","link":"https:\/\/wiejskieprzysmaki.estima.site\/en\/product\/krem-z-orzechow-nerkowca-bio-350-g-horizon\/","title":{"rendered":"KREM Z ORZECH\u00d3W NERKOWCA BIO 350 g &#8211; HORIZON"},"content":{"rendered":"<p>SK\u0141ADNIKI<br \/>niepra\u017cone ORZECHY NERKOWCA* 100 % (*certyfikowany sk\u0142adnik ekologiczny)<\/p>\n<p>OPIS<br \/>Ekologiczny krem orzechowy na bazie niepra\u017conych orzech\u00f3w nerkowca. Idealny do kanapek, krakers\u00f3w i ciastek ry\u017cowych.<\/p>\n<p>WARTO\u015a\u0106 OD\u017bYWCZA W 100 g<br \/>Warto\u015b\u0107 energetyczna: 2596 kJ \/ 626 kcal  <br \/>T\u0142uszcz: 50 g<br \/>w tym:  <br \/>kwasy nasycone: 9 g<br \/>kwasy jednonienasycone: 31 g<br \/>kwasy wielonienasycone: 8 g <br \/>W\u0119glowodany: 21 g<br \/>w tym cukry: 5 g <br \/>B\u0142onnik: 4 g  <br \/>Bia\u0142ko: 21 g<br \/>S\u00f3l: 0,03 g  <br \/>Zawarto\u015b\u0107 soli wynika wy\u0142\u0105cznie z obecno\u015bci naturalnie wyst\u0119puj\u0105cego sodu.<\/p>\n<p>UWAGI<br \/>Wytr\u0105canie si\u0119 oleju na wierzchu jest procesem naturalnymi nie \u015bwiadczy o z\u0142ej jako\u015bci produktu. Wymiesza\u0107 przed u\u017cyciem.<\/p>\n<p>INFORMACJA ALERGENNA<br \/>Mo\u017ce zawiera\u0107 ORZESZKI ZIEMNE i inne ORZECHY oraz SEZAM.<\/p>\n<p>ZALECANE WARUNKI PRZECHOWYWANIA<br \/>Przechowywa\u0107 w suchym, ch\u0142odnym i zaciemnionym miejscu, po otwarciu w lod\u00f3wce<\/p>","protected":false},"excerpt":{"rendered":"<p>SK\u0141ADNIKIniepra\u017cone ORZECHY NERKOWCA* 100 % (*certyfikowany sk\u0142adnik ekologiczny) OPISEkologiczny krem orzechowy na bazie niepra\u017conych orzech\u00f3w nerkowca. Idealny do kanapek, krakers\u00f3w i ciastek ry\u017cowych. WARTO\u015a\u0106 OD\u017bYWCZA W 100 gWarto\u015b\u0107 energetyczna: 2596 kJ \/ 626 kcal T\u0142uszcz: 50 gw tym: kwasy nasycone: 9 gkwasy jednonienasycone: 31 gkwasy wielonienasycone: 8 g W\u0119glowodany: 21 gw tym cukry: 5 g [&hellip;]<\/p>","protected":false},"featured_media":1796,"comment_status":"closed","ping_status":"open","template":"","meta":{"_acf_changed":false},"product_brand":[],"product_cat":[734],"product_tag":[],"class_list":{"0":"post-1795","1":"product","2":"type-product","3":"status-publish","4":"has-post-thumbnail","6":"product_cat-kremy-orzechowe-czekoladowe-tahini","7":"pa_ean-matka-1810","8":"pa_gwarancja-przydatnosci-320","9":"pa_ilosc-w-opakowaniu-298","10":"pa_jednostka-podstawowa-szt","11":"pa_kod-cn-2008-19-92","12":"pa_kraj-pochodzenia-skladnikow-wietnam","13":"pa_masa-netto-203","14":"pa_objetosc-brutto-303","15":"pa_producent-horizon-syropy-kremy-orzechowe","16":"pa_producent-nazwa-adres-horizon-natuurvoeding-bv-lage-dijk-noord-20a-3401-va-ijsselstein","17":"pa_tagi-bez-cukru-w-skladnikach","18":"pa_tagi-bez-glutenu-w-skladnikach","19":"pa_tagi-certyfikat-bio","20":"pa_tagi-weganski","21":"pa_tagi-wegetarianski","23":"first","24":"instock","25":"taxable","26":"shipping-taxable","27":"purchasable","28":"product-type-simple"},"acf":[],"_links":{"self":[{"href":"https:\/\/wiejskieprzysmaki.estima.site\/en\/wp-json\/wp\/v2\/product\/1795","targetHints":{"allow":["GET"]}}],"collection":[{"href":"https:\/\/wiejskieprzysmaki.estima.site\/en\/wp-json\/wp\/v2\/product"}],"about":[{"href":"https:\/\/wiejskieprzysmaki.estima.site\/en\/wp-json\/wp\/v2\/types\/product"}],"replies":[{"embeddable":true,"href":"https:\/\/wiejskieprzysmaki.estima.site\/en\/wp-json\/wp\/v2\/comments?post=1795"}],"wp:featuredmedia":[{"embeddable":true,"href":"https:\/\/wiejskieprzysmaki.estima.site\/en\/wp-json\/wp\/v2\/media\/1796"}],"wp:attachment":[{"href":"https:\/\/wiejskieprzysmaki.estima.site\/en\/wp-json\/wp\/v2\/media?parent=1795"}],"wp:term":[{"taxonomy":"product_brand","embeddable":true,"href":"https:\/\/wiejskieprzysmaki.estima.site\/en\/wp-json\/wp\/v2\/product_brand?post=1795"},{"taxonomy":"product_cat","embeddable":true,"href":"https:\/\/wiejskieprzysmaki.estima.site\/en\/wp-json\/wp\/v2\/product_cat?post=1795"},{"taxonomy":"product_tag","embeddable":true,"href":"https:\/\/wiejskieprzysmaki.estima.site\/en\/wp-json\/wp\/v2\/product_tag?post=1795"}],"curies":[{"name":"wp","href":"https:\/\/api.w.org\/{rel}","templated":true}]}}