{"id":1799,"date":"2025-02-18T10:38:55","date_gmt":"2025-02-18T09:38:55","guid":{"rendered":"https:\/\/wiejskieprzysmaki.estima.site\/produkt\/coconut-milk-napoj-kokosowy-do-gotowania-bez-dodatku-cukrow-bio-500-ml-coco-dr-martins\/"},"modified":"2025-02-18T10:39:11","modified_gmt":"2025-02-18T09:39:11","slug":"coconut-milk-napoj-kokosowy-do-gotowania-bez-dodatku-cukrow-bio-500-ml-coco-dr-martins","status":"publish","type":"product","link":"https:\/\/wiejskieprzysmaki.estima.site\/en\/product\/coconut-milk-napoj-kokosowy-do-gotowania-bez-dodatku-cukrow-bio-500-ml-coco-dr-martins\/","title":{"rendered":"COCONUT MILK &#8211; NAP\u00d3J KOKOSOWY DO GOTOWANIA BEZ DODATKU CUKR\u00d3W BIO 500 ml &#8211; COCO (DR MARTINS)"},"content":{"rendered":"<p>SK\u0141ADNIKI<br \/>nap\u00f3j kokosowy*, substancja zag\u0119szczaj\u0105ca: guma ksantanowa. (*certyfikowany sk\u0142adnik ekologiczny)<\/p>\n<p>OPIS<br \/>Jeden z podstawowych sk\u0142adnik\u00f3w kuchni orientalnej, niezb\u0119dny w zupach, curry czy deserach.<br \/>Przed u\u017cyciem wstrz\u0105sn\u0105\u0107. Produkt UHT.<\/p>\n<p>WARTO\u015a\u0106 OD\u017bYWCZA W 100 ml<br \/>Wartosc energetyczna: 387 kJ\/92 kcal<br \/>T\u0142uszcz: 9,3 g<br \/>w tym kwasy t\u0142uszczowe nasycone: 8,7 g<br \/>Weglowodany: 1,2 g<br \/>w tym cukry: 0,5 g<br \/>B\u0142onnik: 4,0 g<br \/>Bia\u0142ko: 1,0 g<br \/>S\u00f3l: 0,01 g<\/p>\n<p>ZALECANE WARUNKI PRZECHOWYWANIA<br \/>Przechowywa\u0107 w temperaturze pokojowej. Po otwarciu przechowywa\u0107 w lod\u00f3wce i zu\u017cy\u0107 w ci\u0105gu 10 dni.<\/p>","protected":false},"excerpt":{"rendered":"<p>SK\u0141ADNIKInap\u00f3j kokosowy*, substancja zag\u0119szczaj\u0105ca: guma ksantanowa. (*certyfikowany sk\u0142adnik ekologiczny) OPISJeden z podstawowych sk\u0142adnik\u00f3w kuchni orientalnej, niezb\u0119dny w zupach, curry czy deserach.Przed u\u017cyciem wstrz\u0105sn\u0105\u0107. Produkt UHT. WARTO\u015a\u0106 OD\u017bYWCZA W 100 mlWartosc energetyczna: 387 kJ\/92 kcalT\u0142uszcz: 9,3 gw tym kwasy t\u0142uszczowe nasycone: 8,7 gWeglowodany: 1,2 gw tym cukry: 0,5 gB\u0142onnik: 4,0 gBia\u0142ko: 1,0 gS\u00f3l: 0,01 g ZALECANE [&hellip;]<\/p>","protected":false},"featured_media":1800,"comment_status":"closed","ping_status":"open","template":"","meta":{"_acf_changed":false},"product_brand":[],"product_cat":[134,1008],"product_tag":[],"class_list":{"0":"post-1799","1":"product","2":"type-product","3":"status-publish","4":"has-post-thumbnail","6":"product_cat-napoje","7":"product_cat-roslinne-alternatywy-mleka-i-smietany","8":"pa_ean-matka-1814","9":"pa_gwarancja-przydatnosci-311","10":"pa_ilosc-w-opakowaniu-374","11":"pa_jednostka-podstawowa-szt","12":"pa_kod-cn-2106-90-92","13":"pa_objetosc-brutto-1813","14":"pa_objetosc-netto-376","15":"pa_producent-coco-dr-martins-wody-kokosowe-napoje-kokosowe","16":"pa_producent-nazwa-adres-green-coco-europe-marketing-vertriebsgesellschaft-gmbh-koenigstrasse-33-37-90402-nurnberg","17":"pa_tagi-bez-cukru-w-skladnikach","18":"pa_tagi-bez-glutenu-w-skladnikach","19":"pa_tagi-certyfikat-bio","20":"pa_tagi-weganski","21":"pa_tagi-wegetarianski","23":"first","24":"instock","25":"taxable","26":"shipping-taxable","27":"purchasable","28":"product-type-simple"},"acf":[],"_links":{"self":[{"href":"https:\/\/wiejskieprzysmaki.estima.site\/en\/wp-json\/wp\/v2\/product\/1799","targetHints":{"allow":["GET"]}}],"collection":[{"href":"https:\/\/wiejskieprzysmaki.estima.site\/en\/wp-json\/wp\/v2\/product"}],"about":[{"href":"https:\/\/wiejskieprzysmaki.estima.site\/en\/wp-json\/wp\/v2\/types\/product"}],"replies":[{"embeddable":true,"href":"https:\/\/wiejskieprzysmaki.estima.site\/en\/wp-json\/wp\/v2\/comments?post=1799"}],"wp:featuredmedia":[{"embeddable":true,"href":"https:\/\/wiejskieprzysmaki.estima.site\/en\/wp-json\/wp\/v2\/media\/1800"}],"wp:attachment":[{"href":"https:\/\/wiejskieprzysmaki.estima.site\/en\/wp-json\/wp\/v2\/media?parent=1799"}],"wp:term":[{"taxonomy":"product_brand","embeddable":true,"href":"https:\/\/wiejskieprzysmaki.estima.site\/en\/wp-json\/wp\/v2\/product_brand?post=1799"},{"taxonomy":"product_cat","embeddable":true,"href":"https:\/\/wiejskieprzysmaki.estima.site\/en\/wp-json\/wp\/v2\/product_cat?post=1799"},{"taxonomy":"product_tag","embeddable":true,"href":"https:\/\/wiejskieprzysmaki.estima.site\/en\/wp-json\/wp\/v2\/product_tag?post=1799"}],"curies":[{"name":"wp","href":"https:\/\/api.w.org\/{rel}","templated":true}]}}