{"id":1822,"date":"2025-02-18T10:39:13","date_gmt":"2025-02-18T09:39:13","guid":{"rendered":"https:\/\/wiejskieprzysmaki.estima.site\/produkt\/miod-nektarowy-akacjowy-bio-400-g-alce-nero\/"},"modified":"2025-02-18T10:39:22","modified_gmt":"2025-02-18T09:39:22","slug":"miod-nektarowy-akacjowy-bio-400-g-alce-nero","status":"publish","type":"product","link":"https:\/\/wiejskieprzysmaki.estima.site\/en\/product\/miod-nektarowy-akacjowy-bio-400-g-alce-nero\/","title":{"rendered":"MI\u00d3D NEKTAROWY AKACJOWY BIO 400 g &#8211; ALCE NERO"},"content":{"rendered":"<p>SK\u0141ADNIKI<br \/>mi\u00f3d akacjowy* (*certyfikowany sk\u0142adnik ekologiczny)<\/p>\n<p>OPIS<br \/>Ekologiczny mi\u00f3d akacjowy charakteryzuje si\u0119 niezwyk\u0142ym, \u015bwie\u017cym, kwiatowym aromatem i smakiem. Doskonale komponuje si\u0119 z deserami, kremami lub jogurtem. Jest bardzo wra\u017cliwy na wysokie temperatury, dlatego najlepiej spo\u017cywa\u0107 go na zimno. Mi\u00f3d Alce Nero nie jest utrwalany termicznie. Produkt nieodpowiedni dla dzieci poni\u017cej 12 miesi\u0105ca \u017cycia.<\/p>\n<p>WARTO\u015a\u0106 OD\u017bYWCZA W 100 g<br \/>Warto\u015b\u0107 energetyczna &#8211; 1408 kJ \/ 331 kcal  <br \/>T\u0142uszcz &#8211; 0 g  <br \/>w tym kwasy t\u0142uszczowe nasycone &#8211; 0 g  <br \/>W\u0119glowodany &#8211; 82,5 g  <br \/>w tym cukry  &#8211; 82,5 g  <br \/>B\u0142onnik &#8211; 0 g  <br \/>Bia\u0142ko &#8211; 0,3 g  <br \/>S\u00f3l &#8211; 0 g<\/p>\n<p>ZALECANE WARUNKI PRZECHOWYWANIA  <br \/>Przechowywa\u0107 w suchym i ch\u0142odnym miejscu.<\/p>","protected":false},"excerpt":{"rendered":"<p>SK\u0141ADNIKImi\u00f3d akacjowy* (*certyfikowany sk\u0142adnik ekologiczny) OPISEkologiczny mi\u00f3d akacjowy charakteryzuje si\u0119 niezwyk\u0142ym, \u015bwie\u017cym, kwiatowym aromatem i smakiem. Doskonale komponuje si\u0119 z deserami, kremami lub jogurtem. Jest bardzo wra\u017cliwy na wysokie temperatury, dlatego najlepiej spo\u017cywa\u0107 go na zimno. Mi\u00f3d Alce Nero nie jest utrwalany termicznie. Produkt nieodpowiedni dla dzieci poni\u017cej 12 miesi\u0105ca \u017cycia. WARTO\u015a\u0106 OD\u017bYWCZA W 100 [&hellip;]<\/p>","protected":false},"featured_media":1823,"comment_status":"closed","ping_status":"open","template":"","meta":{"_acf_changed":false},"product_brand":[],"product_cat":[1104],"product_tag":[],"class_list":{"0":"post-1822","1":"product","2":"type-product","3":"status-publish","4":"has-post-thumbnail","6":"product_cat-miody","7":"pa_ean-matka-1826","8":"pa_gwarancja-przydatnosci-311","9":"pa_ilosc-w-opakowaniu-298","10":"pa_jednostka-podstawowa-szt","11":"pa_kod-cn-0409-00-00","12":"pa_kraj-pochodzenia-skladnikow-wlochy","13":"pa_masa-netto-268","14":"pa_objetosc-brutto-1102","15":"pa_producent-alce-nero-wloskie-produkty","16":"pa_producent-nazwa-adres-alce-nero-s-p-a-via-palazzetti-5c-40068-san-lazzaro-di-savena-bo","17":"pa_tagi-bez-glutenu-w-skladnikach","18":"pa_tagi-certyfikat-bio","19":"pa_tagi-wegetarianski","21":"first","22":"instock","23":"taxable","24":"shipping-taxable","25":"purchasable","26":"product-type-simple"},"acf":[],"_links":{"self":[{"href":"https:\/\/wiejskieprzysmaki.estima.site\/en\/wp-json\/wp\/v2\/product\/1822","targetHints":{"allow":["GET"]}}],"collection":[{"href":"https:\/\/wiejskieprzysmaki.estima.site\/en\/wp-json\/wp\/v2\/product"}],"about":[{"href":"https:\/\/wiejskieprzysmaki.estima.site\/en\/wp-json\/wp\/v2\/types\/product"}],"replies":[{"embeddable":true,"href":"https:\/\/wiejskieprzysmaki.estima.site\/en\/wp-json\/wp\/v2\/comments?post=1822"}],"wp:featuredmedia":[{"embeddable":true,"href":"https:\/\/wiejskieprzysmaki.estima.site\/en\/wp-json\/wp\/v2\/media\/1823"}],"wp:attachment":[{"href":"https:\/\/wiejskieprzysmaki.estima.site\/en\/wp-json\/wp\/v2\/media?parent=1822"}],"wp:term":[{"taxonomy":"product_brand","embeddable":true,"href":"https:\/\/wiejskieprzysmaki.estima.site\/en\/wp-json\/wp\/v2\/product_brand?post=1822"},{"taxonomy":"product_cat","embeddable":true,"href":"https:\/\/wiejskieprzysmaki.estima.site\/en\/wp-json\/wp\/v2\/product_cat?post=1822"},{"taxonomy":"product_tag","embeddable":true,"href":"https:\/\/wiejskieprzysmaki.estima.site\/en\/wp-json\/wp\/v2\/product_tag?post=1822"}],"curies":[{"name":"wp","href":"https:\/\/api.w.org\/{rel}","templated":true}]}}