{"id":1830,"date":"2025-02-18T10:39:13","date_gmt":"2025-02-18T09:39:13","guid":{"rendered":"https:\/\/wiejskieprzysmaki.estima.site\/produkt\/borowik-suszony-bio-20-g-runoland\/"},"modified":"2025-02-18T10:39:24","modified_gmt":"2025-02-18T09:39:24","slug":"borowik-suszony-bio-20-g-runoland","status":"publish","type":"product","link":"https:\/\/wiejskieprzysmaki.estima.site\/en\/product\/borowik-suszony-bio-20-g-runoland\/","title":{"rendered":"BOROWIK SUSZONY BIO 20 g &#8211; RUNOLAND"},"content":{"rendered":"<p>SK\u0141ADNIKI<br \/>borowik suszony* (* certyfikowany sk\u0142adnik ekologiczny)<\/p>\n<p>WARTO\u015a\u0106 OD\u017bYWCZA W 100 g <br \/>Warto\u015b\u0107 energetyczna: 1089 kJ\/260 kcal  <br \/>T\u0142uszcz: 3,6 g  <br \/>w tym kwasy t\u0142uszczowe nasycone: 0 g  <br \/>W\u0119glowodany: 53 g  <br \/>w tym cukry: 0 g  <br \/>Bia\u0142ko: 20 g  <br \/>S\u00f3l: 0 g<\/p>\n<p>ZALECANE WARUNKI PRZECHOWYWANIA  <br \/>Przechowywa\u0107 w suchym miejsu.<\/p>","protected":false},"excerpt":{"rendered":"<p>SK\u0141ADNIKIborowik suszony* (* certyfikowany sk\u0142adnik ekologiczny) WARTO\u015a\u0106 OD\u017bYWCZA W 100 g Warto\u015b\u0107 energetyczna: 1089 kJ\/260 kcal T\u0142uszcz: 3,6 g w tym kwasy t\u0142uszczowe nasycone: 0 g W\u0119glowodany: 53 g w tym cukry: 0 g Bia\u0142ko: 20 g S\u00f3l: 0 g ZALECANE WARUNKI PRZECHOWYWANIA Przechowywa\u0107 w suchym miejsu.<\/p>","protected":false},"featured_media":1831,"comment_status":"closed","ping_status":"open","template":"","meta":{"_acf_changed":false},"product_brand":[],"product_cat":[787,180],"product_tag":[],"class_list":{"0":"post-1830","1":"product","2":"type-product","3":"status-publish","4":"has-post-thumbnail","6":"product_cat-suszone-warzywa-i-grzyby-przetworzone","7":"product_cat-warzywa-i-grzyby-przetworzone","8":"pa_ean-matka-1834","9":"pa_gwarancja-przydatnosci-311","10":"pa_ilosc-w-opakowaniu-1830","11":"pa_jednostka-podstawowa-szt","12":"pa_kod-cn-0712-39-00","13":"pa_kraj-pochodzenia-skladnikow-polska","14":"pa_masa-netto-737","15":"pa_objetosc-brutto-1673","16":"pa_producent-runoland-grzyby-zupy-przetwory","17":"pa_producent-nazwa-adres-runoland-sp-z-organiczona-odpowiedzialnoscia-sp-j-podwale-11-56-200-gora","18":"pa_tagi-bez-cukru-w-skladnikach","19":"pa_tagi-bez-glutenu-w-skladnikach","20":"pa_tagi-certyfikat-bio","21":"pa_tagi-weganski","22":"pa_tagi-wegetarianski","24":"first","25":"instock","26":"taxable","27":"shipping-taxable","28":"purchasable","29":"product-type-simple"},"acf":[],"_links":{"self":[{"href":"https:\/\/wiejskieprzysmaki.estima.site\/en\/wp-json\/wp\/v2\/product\/1830","targetHints":{"allow":["GET"]}}],"collection":[{"href":"https:\/\/wiejskieprzysmaki.estima.site\/en\/wp-json\/wp\/v2\/product"}],"about":[{"href":"https:\/\/wiejskieprzysmaki.estima.site\/en\/wp-json\/wp\/v2\/types\/product"}],"replies":[{"embeddable":true,"href":"https:\/\/wiejskieprzysmaki.estima.site\/en\/wp-json\/wp\/v2\/comments?post=1830"}],"wp:featuredmedia":[{"embeddable":true,"href":"https:\/\/wiejskieprzysmaki.estima.site\/en\/wp-json\/wp\/v2\/media\/1831"}],"wp:attachment":[{"href":"https:\/\/wiejskieprzysmaki.estima.site\/en\/wp-json\/wp\/v2\/media?parent=1830"}],"wp:term":[{"taxonomy":"product_brand","embeddable":true,"href":"https:\/\/wiejskieprzysmaki.estima.site\/en\/wp-json\/wp\/v2\/product_brand?post=1830"},{"taxonomy":"product_cat","embeddable":true,"href":"https:\/\/wiejskieprzysmaki.estima.site\/en\/wp-json\/wp\/v2\/product_cat?post=1830"},{"taxonomy":"product_tag","embeddable":true,"href":"https:\/\/wiejskieprzysmaki.estima.site\/en\/wp-json\/wp\/v2\/product_tag?post=1830"}],"curies":[{"name":"wp","href":"https:\/\/api.w.org\/{rel}","templated":true}]}}