{"id":1841,"date":"2025-02-18T10:39:28","date_gmt":"2025-02-18T09:39:28","guid":{"rendered":"https:\/\/wiejskieprzysmaki.estima.site\/produkt\/chipsy-bananowe-slodzone-bio-150-g-bio-planet\/"},"modified":"2025-02-18T10:39:28","modified_gmt":"2025-02-18T09:39:28","slug":"chipsy-bananowe-slodzone-bio-150-g-bio-planet","status":"publish","type":"product","link":"https:\/\/wiejskieprzysmaki.estima.site\/en\/product\/chipsy-bananowe-slodzone-bio-150-g-bio-planet\/","title":{"rendered":"CHIPSY BANANOWE S\u0141ODZONE BIO 150 g &#8211; BIO PLANET"},"content":{"rendered":"<p>SK\u0141ADNIKI<br \/>banany* (72 %), olej kokosowy*, cukier trzcinowy* (*certyfikowany sk\u0142adnik ekologiczny)<\/p>\n<p>OPIS<br \/>Ekologiczne chipsy bananowe s\u0142odzone to pyszna i chrupi\u0105ca przek\u0105ska, kt\u00f3ra mo\u017ce stanowi\u0107 doskona\u0142y zamiennik dla konwencjonalnych s\u0142odyczy. Znakomicie smakuj\u0105 samodzielnie, jak r\u00f3wnie\u017c w musli i p\u0142atkach \u015bniadaniowych.<\/p>\n<p>WARTO\u015a\u0106 OD\u017bYWCZA W 100 g<br \/>Warto\u015b\u0107 energetyczna &#8211; 2106 kJ \/ 504 kcal  <br \/>T\u0142uszcz &#8211; 27 g  <br \/>w tym kwasy t\u0142uszczowe nasycone &#8211; 24 g  <br \/>W\u0119glowodany &#8211; 62 g  <br \/>w tym cukry &#8211; 16 g  <br \/>B\u0142onnik &#8211; 3,6 g  <br \/>Bia\u0142ko &#8211; 2,1 g  <br \/>S\u00f3l &#8211; 0 g<\/p>\n<p>ZALECANE WARUNKI PRZECHOWYWANIA<br \/>Przechowywa\u0107 w suchym i ch\u0142odnym miejscu.<\/p>","protected":false},"excerpt":{"rendered":"<p>SK\u0141ADNIKIbanany* (72 %), olej kokosowy*, cukier trzcinowy* (*certyfikowany sk\u0142adnik ekologiczny) OPISEkologiczne chipsy bananowe s\u0142odzone to pyszna i chrupi\u0105ca przek\u0105ska, kt\u00f3ra mo\u017ce stanowi\u0107 doskona\u0142y zamiennik dla konwencjonalnych s\u0142odyczy. Znakomicie smakuj\u0105 samodzielnie, jak r\u00f3wnie\u017c w musli i p\u0142atkach \u015bniadaniowych. WARTO\u015a\u0106 OD\u017bYWCZA W 100 gWarto\u015b\u0107 energetyczna &#8211; 2106 kJ \/ 504 kcal T\u0142uszcz &#8211; 27 g w tym [&hellip;]<\/p>","protected":false},"featured_media":1842,"comment_status":"closed","ping_status":"open","template":"","meta":{"_acf_changed":false},"product_brand":[],"product_cat":[422,139],"product_tag":[],"class_list":{"0":"post-1841","1":"product","2":"type-product","3":"status-publish","4":"has-post-thumbnail","6":"product_cat-chipsy-chrupki-popcorn","7":"product_cat-slodycze-i-przekaski","8":"pa_ean-matka-1844","9":"pa_gwarancja-przydatnosci-324","10":"pa_ilosc-w-opakowaniu-298","11":"pa_jednostka-podstawowa-szt","12":"pa_kod-cn-2008-99-67","13":"pa_kraj-pochodzenia-skladnikow-rolnictwo-spoza-ue","14":"pa_masa-netto-197","15":"pa_objetosc-brutto-204","16":"pa_producent-bio-planet-seria-przekaski","17":"pa_producent-nazwa-adres-bio-planet-s-a-wilkowa-wies-7-05-084-leszno","18":"pa_tagi-bez-glutenu-w-skladnikach","19":"pa_tagi-certyfikat-bio","20":"pa_tagi-weganski","21":"pa_tagi-wegetarianski","23":"first","24":"instock","25":"taxable","26":"shipping-taxable","27":"purchasable","28":"product-type-simple"},"acf":[],"_links":{"self":[{"href":"https:\/\/wiejskieprzysmaki.estima.site\/en\/wp-json\/wp\/v2\/product\/1841","targetHints":{"allow":["GET"]}}],"collection":[{"href":"https:\/\/wiejskieprzysmaki.estima.site\/en\/wp-json\/wp\/v2\/product"}],"about":[{"href":"https:\/\/wiejskieprzysmaki.estima.site\/en\/wp-json\/wp\/v2\/types\/product"}],"replies":[{"embeddable":true,"href":"https:\/\/wiejskieprzysmaki.estima.site\/en\/wp-json\/wp\/v2\/comments?post=1841"}],"wp:featuredmedia":[{"embeddable":true,"href":"https:\/\/wiejskieprzysmaki.estima.site\/en\/wp-json\/wp\/v2\/media\/1842"}],"wp:attachment":[{"href":"https:\/\/wiejskieprzysmaki.estima.site\/en\/wp-json\/wp\/v2\/media?parent=1841"}],"wp:term":[{"taxonomy":"product_brand","embeddable":true,"href":"https:\/\/wiejskieprzysmaki.estima.site\/en\/wp-json\/wp\/v2\/product_brand?post=1841"},{"taxonomy":"product_cat","embeddable":true,"href":"https:\/\/wiejskieprzysmaki.estima.site\/en\/wp-json\/wp\/v2\/product_cat?post=1841"},{"taxonomy":"product_tag","embeddable":true,"href":"https:\/\/wiejskieprzysmaki.estima.site\/en\/wp-json\/wp\/v2\/product_tag?post=1841"}],"curies":[{"name":"wp","href":"https:\/\/api.w.org\/{rel}","templated":true}]}}