{"id":1843,"date":"2025-02-18T10:39:28","date_gmt":"2025-02-18T09:39:28","guid":{"rendered":"https:\/\/wiejskieprzysmaki.estima.site\/produkt\/pistacje-prazone-i-solone-bio-100-g-bio-planet\/"},"modified":"2025-02-20T15:20:34","modified_gmt":"2025-02-20T14:20:34","slug":"pistacje-prazone-i-solone-bio-100-g-bio-planet","status":"publish","type":"product","link":"https:\/\/wiejskieprzysmaki.estima.site\/en\/product\/pistacje-prazone-i-solone-bio-100-g-bio-planet\/","title":{"rendered":"PISTACJE PRA\u017bONE I SOLONE BIO 100 g &#8211; BIO PLANET"},"content":{"rendered":"<p>SK\u0141ADNIKI<br \/>PISTACJE w \u0142upinach*, s\u00f3l morska (1 %) (*certyfikowany sk\u0142adnik ekologiczny).<\/p>\n<p>OPIS<br \/>Ekologiczne PISTACJE pra\u017cone i solone nale\u017c\u0105 do jednego z najbardziej od\u017cywczych gatunk\u00f3w orzech\u00f3w. Wy\u015bmienite jako samodzielna przek\u0105ska.  <\/p>\n<p>WARTO\u015a\u0106 OD\u017bYWCZA W 100 g<br \/>Warto\u015b\u0107 energetyczna \t2549 kJ\/614 kcal<br \/>T\u0142uszcz \t45 g<br \/>w tym kwasy t\u0142uszczowe nasycone \t5,4 g<br \/>W\u0119glowodany \t27 g<br \/>w tym cukry \t7,5 g<br \/>B\u0142onnik \t10 g<br \/>Bia\u0142ko \t20 g<br \/>S\u00f3l \t0,97 g<\/p>\n<p>INFORMACJA ALERGENNA<br \/>Produkt mo\u017ce zawiera\u0107: ZBO\u017bA ZAWIERAJ\u0104CE GLUTEN, ORZESZKI ZIEMNE, inne ORZECHY, SEZAM, SOJ\u0118.  <\/p>\n<p>ZALECANE WARUNKI PRZECHOWYWANIA<br \/>Przechowywa\u0107 w suchym i ch\u0142odnym miejscu.<\/p>","protected":false},"excerpt":{"rendered":"<p>SK\u0141ADNIKIPISTACJE w \u0142upinach*, s\u00f3l morska (1 %) (*certyfikowany sk\u0142adnik ekologiczny). OPISEkologiczne PISTACJE pra\u017cone i solone nale\u017c\u0105 do jednego z najbardziej od\u017cywczych gatunk\u00f3w orzech\u00f3w. Wy\u015bmienite jako samodzielna przek\u0105ska. WARTO\u015a\u0106 OD\u017bYWCZA W 100 gWarto\u015b\u0107 energetyczna 2549 kJ\/614 kcalT\u0142uszcz 45 gw tym kwasy t\u0142uszczowe nasycone 5,4 gW\u0119glowodany 27 gw tym cukry 7,5 gB\u0142onnik 10 gBia\u0142ko 20 gS\u00f3l 0,97 [&hellip;]<\/p>","protected":false},"featured_media":1844,"comment_status":"closed","ping_status":"open","template":"","meta":{"_acf_changed":false},"product_brand":[],"product_cat":[830,810],"product_tag":[],"class_list":{"0":"post-1843","1":"product","2":"type-product","3":"status-publish","4":"has-post-thumbnail","6":"product_cat-orzechy-i-owoce-suszone","7":"product_cat-orzechy-kasztany-wiorki-kokosowe","8":"pa_ean-matka-1845","9":"pa_gwarancja-przydatnosci-324","10":"pa_ilosc-w-opakowaniu-298","11":"pa_jednostka-podstawowa-szt","12":"pa_kod-cn-2008-19-93","13":"pa_kraj-pochodzenia-skladnikow-hiszpania","14":"pa_masa-netto-242","15":"pa_objetosc-brutto-201","16":"pa_producent-bio-planet-seria-przekaski","17":"pa_producent-nazwa-adres-bio-planet-s-a-wilkowa-wies-7-05-084-leszno","18":"pa_tagi-bez-cukru-w-skladnikach","19":"pa_tagi-bez-glutenu-w-skladnikach","20":"pa_tagi-certyfikat-bio","21":"pa_tagi-weganski","22":"pa_tagi-wegetarianski","24":"first","25":"instock","26":"taxable","27":"shipping-taxable","28":"purchasable","29":"product-type-simple"},"acf":[],"_links":{"self":[{"href":"https:\/\/wiejskieprzysmaki.estima.site\/en\/wp-json\/wp\/v2\/product\/1843","targetHints":{"allow":["GET"]}}],"collection":[{"href":"https:\/\/wiejskieprzysmaki.estima.site\/en\/wp-json\/wp\/v2\/product"}],"about":[{"href":"https:\/\/wiejskieprzysmaki.estima.site\/en\/wp-json\/wp\/v2\/types\/product"}],"replies":[{"embeddable":true,"href":"https:\/\/wiejskieprzysmaki.estima.site\/en\/wp-json\/wp\/v2\/comments?post=1843"}],"wp:featuredmedia":[{"embeddable":true,"href":"https:\/\/wiejskieprzysmaki.estima.site\/en\/wp-json\/wp\/v2\/media\/1844"}],"wp:attachment":[{"href":"https:\/\/wiejskieprzysmaki.estima.site\/en\/wp-json\/wp\/v2\/media?parent=1843"}],"wp:term":[{"taxonomy":"product_brand","embeddable":true,"href":"https:\/\/wiejskieprzysmaki.estima.site\/en\/wp-json\/wp\/v2\/product_brand?post=1843"},{"taxonomy":"product_cat","embeddable":true,"href":"https:\/\/wiejskieprzysmaki.estima.site\/en\/wp-json\/wp\/v2\/product_cat?post=1843"},{"taxonomy":"product_tag","embeddable":true,"href":"https:\/\/wiejskieprzysmaki.estima.site\/en\/wp-json\/wp\/v2\/product_tag?post=1843"}],"curies":[{"name":"wp","href":"https:\/\/api.w.org\/{rel}","templated":true}]}}