{"id":1845,"date":"2025-02-18T10:39:28","date_gmt":"2025-02-18T09:39:28","guid":{"rendered":"https:\/\/wiejskieprzysmaki.estima.site\/produkt\/ryz-bialy-okragly-bio-500-g-bio-planet\/"},"modified":"2025-02-18T10:39:30","modified_gmt":"2025-02-18T09:39:30","slug":"ryz-bialy-okragly-bio-500-g-bio-planet","status":"publish","type":"product","link":"https:\/\/wiejskieprzysmaki.estima.site\/en\/product\/ryz-bialy-okragly-bio-500-g-bio-planet\/","title":{"rendered":"RY\u017b BIA\u0141Y OKR\u0104G\u0141Y BIO 500 g &#8211; BIO PLANET"},"content":{"rendered":"<p>SK\u0141ADNIKI<br \/>ekologiczny ry\u017c bia\u0142y okr\u0105g\u0142y 100 %.<\/p>\n<p>OPIS<br \/>Ekologiczny ry\u017c bia\u0142y okr\u0105g\u0142y charakteryzuje si\u0119 subtelnym smakiem i niepowtarzalnym aromatem. Doskona\u0142y do risotto, sushi i sa\u0142atek.<\/p>\n<p>WARTO\u015a\u0106 OD\u017bYWCZA W 100 g<br \/>Warto\u015b\u0107 energetyczna: 1481 kJ\/349 kcal<br \/>T\u0142uszcz: 0,5 g<br \/>w tym kwasy t\u0142uszczowe nasycone: 0,2 g<br \/>W\u0119glowodany: 79 g<br \/>w tym cukry: 0,2 g<br \/>B\u0142onnik: 1,1 g<br \/>Bia\u0142ko: 6,5 g<br \/>S\u00f3l: 0,01 g<\/p>\n<p>ZALECANE WARUNKI PRZECHOWYWANIA<br \/>Przechowywa\u0107 w suchym i ch\u0142odnym miejscu.<\/p>","protected":false},"excerpt":{"rendered":"<p>SK\u0141ADNIKIekologiczny ry\u017c bia\u0142y okr\u0105g\u0142y 100 %. OPISEkologiczny ry\u017c bia\u0142y okr\u0105g\u0142y charakteryzuje si\u0119 subtelnym smakiem i niepowtarzalnym aromatem. Doskona\u0142y do risotto, sushi i sa\u0142atek. WARTO\u015a\u0106 OD\u017bYWCZA W 100 gWarto\u015b\u0107 energetyczna: 1481 kJ\/349 kcalT\u0142uszcz: 0,5 gw tym kwasy t\u0142uszczowe nasycone: 0,2 gW\u0119glowodany: 79 gw tym cukry: 0,2 gB\u0142onnik: 1,1 gBia\u0142ko: 6,5 gS\u00f3l: 0,01 g ZALECANE WARUNKI PRZECHOWYWANIAPrzechowywa\u0107 [&hellip;]<\/p>","protected":false},"featured_media":561,"comment_status":"closed","ping_status":"open","template":"","meta":{"_acf_changed":false},"product_brand":[],"product_cat":[313],"product_tag":[],"class_list":{"0":"post-1845","1":"product","2":"type-product","3":"status-publish","4":"has-post-thumbnail","6":"product_cat-ryze-i-kasze","7":"pa_ean-matka-585","8":"pa_gwarancja-przydatnosci-311","9":"pa_ilosc-w-opakowaniu-298","10":"pa_jednostka-podstawowa-szt","11":"pa_kod-cn-1006-20-92","12":"pa_kraj-pochodzenia-skladnikow-pakistan","13":"pa_masa-netto-347","14":"pa_objetosc-brutto-507","15":"pa_producent-bio-planet-seria-niebieska-ryze-kasze-ziarna","16":"pa_producent-nazwa-adres-bio-planet-s-a-wilkowa-wies-7-05-084-leszno","17":"pa_tagi-bez-cukru-w-skladnikach","18":"pa_tagi-bez-glutenu-w-skladnikach","19":"pa_tagi-certyfikat-bio","20":"pa_tagi-weganski","21":"pa_tagi-wegetarianski","23":"first","24":"instock","25":"taxable","26":"shipping-taxable","27":"purchasable","28":"product-type-simple"},"acf":[],"_links":{"self":[{"href":"https:\/\/wiejskieprzysmaki.estima.site\/en\/wp-json\/wp\/v2\/product\/1845","targetHints":{"allow":["GET"]}}],"collection":[{"href":"https:\/\/wiejskieprzysmaki.estima.site\/en\/wp-json\/wp\/v2\/product"}],"about":[{"href":"https:\/\/wiejskieprzysmaki.estima.site\/en\/wp-json\/wp\/v2\/types\/product"}],"replies":[{"embeddable":true,"href":"https:\/\/wiejskieprzysmaki.estima.site\/en\/wp-json\/wp\/v2\/comments?post=1845"}],"wp:featuredmedia":[{"embeddable":true,"href":"https:\/\/wiejskieprzysmaki.estima.site\/en\/wp-json\/wp\/v2\/media\/561"}],"wp:attachment":[{"href":"https:\/\/wiejskieprzysmaki.estima.site\/en\/wp-json\/wp\/v2\/media?parent=1845"}],"wp:term":[{"taxonomy":"product_brand","embeddable":true,"href":"https:\/\/wiejskieprzysmaki.estima.site\/en\/wp-json\/wp\/v2\/product_brand?post=1845"},{"taxonomy":"product_cat","embeddable":true,"href":"https:\/\/wiejskieprzysmaki.estima.site\/en\/wp-json\/wp\/v2\/product_cat?post=1845"},{"taxonomy":"product_tag","embeddable":true,"href":"https:\/\/wiejskieprzysmaki.estima.site\/en\/wp-json\/wp\/v2\/product_tag?post=1845"}],"curies":[{"name":"wp","href":"https:\/\/api.w.org\/{rel}","templated":true}]}}